{"id":850,"date":"2025-03-22T05:40:19","date_gmt":"2025-03-22T05:40:19","guid":{"rendered":"https:\/\/datemobs.com\/?page_id=850"},"modified":"2025-03-22T05:40:19","modified_gmt":"2025-03-22T05:40:19","slug":"pogoji-uporabe","status":"publish","type":"page","link":"https:\/\/datemobs.com\/sl\/pogoji-uporabe\/","title":{"rendered":"Pogoji uporabe"},"content":{"rendered":"<h2 class=\"wp-block-heading\"><strong>1. Pogoji<\/strong><\/h2>\n\n\n\n<p>Pri dostopu do spletne strani <a href=\"\/sl\/datemobs.com\/\"><strong>DateMobs<\/strong><\/a>, se strinjate, da boste upo\u0161tevali te pogoje storitve, vse veljavne zakone in predpise ter se strinjate, da ste odgovorni za skladnost z vsemi veljavnimi lokalnimi zakoni. \u010ce se ne strinjate s katerim od teh pogojev, vam je prepovedana uporaba ali dostop do tega mesta. Gradivo na tej spletni strani je za\u0161\u010diteno z veljavno zakonodajo o avtorskih pravicah in blagovnih znamkah.<\/p>\n\n\n\n<h2 class=\"wp-block-heading\"><strong>2. Uporabite licenco<\/strong><\/h2>\n\n\n\n<p>Dovoljeno je za\u010dasno prenesti eno kopijo materialov (informacij ali programske opreme) na spletno stran <strong>DateMobs <\/strong>, samo za osebni, nekomercialni prehodni ogled. To je podelitev licence, ne prenos lastninske pravice, in v skladu s to licenco ne smete:\u00a0<\/p>\n\n\n\n<ol class=\"wp-block-list\">\n<li>spreminjati ali kopirati materiale;\u00a0<\/li>\n\n\n\n<li>uporabljati materiale za kakr\u0161ne koli komercialne namene ali za kakr\u0161no koli javno prikazovanje (komercialno ali nekomercialno);\u00a0<\/li>\n\n\n\n<li>posku\u0161ati dekompilirati ali izvajati obratni in\u017eeniring katere koli programske opreme na spletnem mestu <strong>DateMobs<\/strong>;\u00a0<\/li>\n\n\n\n<li>odstraniti morebitne avtorske ali druge lastni\u0161ke oznake iz materialov; oz\u00a0<\/li>\n\n\n\n<li>prenesti materiale na drugo osebo ali &#039;zrcaliti&#039; materiale na katerem koli drugem stre\u017eniku.<\/li>\n<\/ol>\n\n\n\n<p>Ta licenca samodejno preneha veljati, \u010de prekr\u0161ite katero koli od teh omejitev in jo lahko prekine do <strong>DateMobs <\/strong>kadarkoli. Po prekinitvi ogledovanja teh gradiv ali po prenehanju veljavnosti te licence morate uni\u010diti vsa prenesena gradiva, ki jih imate v elektronski ali tiskani obliki.<\/p>\n\n\n\n<h2 class=\"wp-block-heading\"><strong>3. Zavrnitev odgovornosti<\/strong><\/h2>\n\n\n\n<ol class=\"wp-block-list\">\n<li>Materiali na spletni strani <strong>DateMobs <\/strong>so na voljo &quot;kot so&quot;. <strong>DateMobs <\/strong>ne daje nobenih jamstev, izrecnih ali implicitnih, in s tem zavra\u010da in zanika vsa druga jamstva, vklju\u010dno brez omejitev, implicitnih jamstev ali pogojev primernosti za prodajo, primernosti za dolo\u010den namen ali nekr\u0161itve intelektualne lastnine ali druge kr\u0161itve pravic.<\/li>\n\n\n\n<li>Poleg tega je <strong>DateMobs <\/strong>ne jam\u010di ali daje nobenih izjav v zvezi s to\u010dnostjo, verjetnimi rezultati ali zanesljivostjo uporabe materialov na svojem spletnem mestu ali druga\u010de povezanih s tak\u0161nimi materiali ali na katerem koli mestu, povezanem s tem mestom.<\/li>\n<\/ol>\n\n\n\n<h2 class=\"wp-block-heading\"><strong>4. Omejitve<\/strong><\/h2>\n\n\n\n<p>V nobenem primeru ne <strong>DateMobs <\/strong>ali njegovi dobavitelji odgovorni za kakr\u0161no koli \u0161kodo (vklju\u010dno, brez omejitev, \u0161kodo zaradi izgube podatkov ali dobi\u010dka ali zaradi prekinitve poslovanja), ki izhaja iz uporabe ali nezmo\u017enosti uporabe materialov na <strong>DateMobs<\/strong>, \u010deprav <strong>DateMobs <\/strong>ali poobla\u0161\u010deni zastopnik <strong>DateMobs <\/strong>bili ustno ali pisno obve\u0161\u010deni o mo\u017enosti nastanka tak\u0161ne \u0161kode. Ker nekatere jurisdikcije ne dovoljujejo omejitev implicitnih jamstev ali omejitev odgovornosti za posledi\u010dno ali naklju\u010dno \u0161kodo, te omejitve morda ne veljajo za vas.<\/p>\n\n\n\n<h2 class=\"wp-block-heading\"><strong>5. Natan\u010dnost materialov<\/strong><\/h2>\n\n\n\n<p>Gradiva, prikazana na spletni strani <strong>DateMobs <\/strong>lahko vklju\u010duje tehni\u010dne, tipkarske ali fotografske napake. <strong>DateMobs <\/strong>ne jam\u010di, da je kateri koli material na njegovi spletni strani to\u010den, popoln ali aktualen. <strong>DateMobs <\/strong>lahko kadar koli brez predhodnega obvestila spremeni gradiva na svoji spletni strani. vendar <strong>DateMobs <\/strong>se ne zavezuje k posodabljanju gradiv.<\/p>\n\n\n\n<h2 class=\"wp-block-heading\"><strong>6. Povezave<\/strong><\/h2>\n\n\n\n<p>THE <strong>DateMobs <\/strong>ni pregledal vseh spletnih mest, povezanih z njegovo spletno stranjo, in ni odgovoren za vsebino katerega koli takega povezanega spletnega mesta. Vklju\u010ditev katere koli povezave ne pomeni odobritve s strani <strong>DateMobs <\/strong>spletnega mesta. Uporaba katere koli povezane spletne strani je na lastno odgovornost uporabnika.<\/p>\n\n\n\n<h3 class=\"wp-block-heading\"><strong>Spremembe<\/strong><\/h3>\n\n\n\n<p>THE <strong>DateMobs <\/strong>lahko te pogoje storitve spletnega mesta kadar koli spremeni brez predhodnega obvestila. Z uporabo tega spletnega mesta se strinjate, da vas zavezuje trenutna razli\u010dica teh pogojev storitve.<\/p>\n\n\n\n<h3 class=\"wp-block-heading\"><strong>Veljavno pravo<\/strong><\/h3>\n\n\n\n<p>Ta dolo\u010dila in pogoji so urejeni in razlo\u017eeni v skladu z zakoni <strong>DateMobs <\/strong>in se nepreklicno podrejate izklju\u010dni pristojnosti sodi\u0161\u010d v tej dr\u017eavi ali na tej lokaciji.<\/p>","protected":false},"excerpt":{"rendered":"<p>1. Termos Ao acessar ao site DateMobs, concorda em cumprir estes termos de servi\u00e7o, todas as leis e regulamentos aplic\u00e1veis \u200b\u200be concorda que \u00e9 respons\u00e1vel pelo cumprimento de todas as leis locais aplic\u00e1veis. Se voc\u00ea n\u00e3o concordar com algum desses termos, est\u00e1 proibido de usar ou acessar este site. Os materiais contidos neste site s\u00e3o &#8230; <a title=\"Pogoji uporabe\" class=\"read-more\" href=\"https:\/\/datemobs.com\/sl\/pogoji-uporabe\/\" aria-label=\"Read more about Termos de Uso\">preberi ve\u010d<\/a><\/p>","protected":false},"author":1,"featured_media":0,"parent":0,"menu_order":0,"comment_status":"closed","ping_status":"closed","template":"","meta":{"footnotes":""},"class_list":["post-850","page","type-page","status-publish"],"_links":{"self":[{"href":"https:\/\/datemobs.com\/sl\/wp-json\/wp\/v2\/pages\/850","targetHints":{"allow":["GET"]}}],"collection":[{"href":"https:\/\/datemobs.com\/sl\/wp-json\/wp\/v2\/pages"}],"about":[{"href":"https:\/\/datemobs.com\/sl\/wp-json\/wp\/v2\/types\/page"}],"author":[{"embeddable":true,"href":"https:\/\/datemobs.com\/sl\/wp-json\/wp\/v2\/users\/1"}],"replies":[{"embeddable":true,"href":"https:\/\/datemobs.com\/sl\/wp-json\/wp\/v2\/comments?post=850"}],"version-history":[{"count":1,"href":"https:\/\/datemobs.com\/sl\/wp-json\/wp\/v2\/pages\/850\/revisions"}],"predecessor-version":[{"id":851,"href":"https:\/\/datemobs.com\/sl\/wp-json\/wp\/v2\/pages\/850\/revisions\/851"}],"wp:attachment":[{"href":"https:\/\/datemobs.com\/sl\/wp-json\/wp\/v2\/media?parent=850"}],"curies":[{"name":"delovni list","href":"https:\/\/api.w.org\/{rel}","templated":true}]}}