{"id":3,"date":"2025-03-22T05:11:17","date_gmt":"2025-03-22T05:11:17","guid":{"rendered":"https:\/\/datemobs.com\/?page_id=3"},"modified":"2025-03-22T05:38:42","modified_gmt":"2025-03-22T05:38:42","slug":"%d0%bf%d0%be%d0%bb%d0%b8%d1%82%d0%b8%d0%ba%d0%b0-%d0%bf%d1%80%d0%b8%d0%b2%d0%b0%d1%82%d0%bd%d0%be%d1%81%d1%82%d0%b8","status":"publish","type":"page","link":"https:\/\/datemobs.com\/sr\/%d0%bf%d0%be%d0%bb%d0%b8%d1%82%d0%b8%d0%ba%d0%b0-%d0%bf%d1%80%d0%b8%d0%b2%d0%b0%d1%82%d0%bd%d0%be%d1%81%d1%82%d0%b8\/","title":{"rendered":"\u041f\u043e\u043b\u0438\u0442\u0438\u043a\u0430 \u043f\u0440\u0438\u0432\u0430\u0442\u043d\u043e\u0441\u0442\u0438"},"content":{"rendered":"<p><span style=\"color: #444444;\">\u0412\u0430\u0448\u0430 \u043f\u0440\u0438\u0432\u0430\u0442\u043d\u043e\u0441\u0442 \u043d\u0430\u043c \u0458\u0435 \u0432\u0430\u0436\u043d\u0430. \u0422\u043e \u0458\u0435 \u043f\u043e\u043b\u0438\u0442\u0438\u043a\u0430 <strong>\u0414\u0430\u0442\u0435\u041c\u043e\u0431\u0441<\/strong> \u043f\u043e\u0448\u0442\u0443\u0458\u0442\u0435 \u0432\u0430\u0448\u0443 \u043f\u0440\u0438\u0432\u0430\u0442\u043d\u043e\u0441\u0442 \u0443 \u0432\u0435\u0437\u0438 \u0441\u0430 \u0441\u0432\u0438\u043c \u0438\u043d\u0444\u043e\u0440\u043c\u0430\u0446\u0438\u0458\u0430\u043c\u0430 \u043a\u043e\u0458\u0435 \u043c\u043e\u0436\u0435\u043c\u043e \u0434\u0430 \u043f\u0440\u0438\u043a\u0443\u043f\u0438\u043c\u043e \u043e\u0434 \u0432\u0430\u0441 \u043d\u0430 \u0432\u0435\u0431 \u043b\u043e\u043a\u0430\u0446\u0438\u0458\u0438 <strong><a href=\"\/sr\/datemobs.com\/\">\u0414\u0430\u0442\u0435\u041c\u043e\u0431\u0441<\/a><\/strong>, \u0438 \u0434\u0440\u0443\u0433\u0435 \u0432\u0435\u0431 \u0441\u0442\u0440\u0430\u043d\u0438\u0446\u0435 \u043a\u043e\u0458\u0435 \u043f\u043e\u0441\u0435\u0434\u0443\u0458\u0435\u043c\u043e \u0438 \u043a\u043e\u0458\u0438\u043c\u0430 \u0443\u043f\u0440\u0430\u0432\u0459\u0430\u043c\u043e.<\/span><\/p>\n<p><span style=\"color: #444444;\">\u0422\u0440\u0430\u0436\u0438\u043c\u043e \u043b\u0438\u0447\u043d\u0435 \u043f\u043e\u0434\u0430\u0442\u043a\u0435 \u0441\u0430\u043c\u043e \u043a\u0430\u0434\u0430 \u0441\u0443 \u043d\u0430\u043c \u0437\u0430\u0438\u0441\u0442\u0430 \u043f\u043e\u0442\u0440\u0435\u0431\u043d\u0438 \u0434\u0430 \u0431\u0438\u0441\u043c\u043e \u0432\u0430\u043c \u043f\u0440\u0443\u0436\u0438\u043b\u0438 \u0443\u0441\u043b\u0443\u0433\u0443. \u0422\u043e \u0440\u0430\u0434\u0438\u043c\u043e \u043f\u043e\u0448\u0442\u0435\u043d\u0438\u043c \u0438 \u0437\u0430\u043a\u043e\u043d\u0438\u0442\u0438\u043c \u0441\u0440\u0435\u0434\u0441\u0442\u0432\u0438\u043c\u0430, \u0443\u0437 \u0432\u0430\u0448\u0435 \u0437\u043d\u0430\u045a\u0435 \u0438 \u0441\u0430\u0433\u043b\u0430\u0441\u043d\u043e\u0441\u0442. \u0422\u0430\u043a\u043e\u0452\u0435 \u0432\u0430\u0441 \u043e\u0431\u0430\u0432\u0435\u0448\u0442\u0430\u0432\u0430\u043c\u043e \u0437\u0430\u0448\u0442\u043e \u0433\u0430 \u043f\u0440\u0438\u043a\u0443\u043f\u0459\u0430\u043c\u043e \u0438 \u043a\u0430\u043a\u043e \u045b\u0435 \u0441\u0435 \u043a\u043e\u0440\u0438\u0441\u0442\u0438\u0442\u0438.<\/span><\/p>\n<p><span style=\"color: #444444;\">\u041f\u0440\u0438\u043a\u0443\u043f\u0459\u0435\u043d\u0435 \u0438\u043d\u0444\u043e\u0440\u043c\u0430\u0446\u0438\u0458\u0435 \u0447\u0443\u0432\u0430\u043c\u043e \u0441\u0430\u043c\u043e \u043e\u043d\u043e\u043b\u0438\u043a\u043e \u0434\u0443\u0433\u043e \u043a\u043e\u043b\u0438\u043a\u043e \u0458\u0435 \u043f\u043e\u0442\u0440\u0435\u0431\u043d\u043e \u0434\u0430 \u0431\u0438\u0441\u043c\u043e \u0432\u0430\u043c \u043f\u0440\u0443\u0436\u0438\u043b\u0438 \u0442\u0440\u0430\u0436\u0435\u043d\u0443 \u0443\u0441\u043b\u0443\u0433\u0443. \u041a\u043e\u0458\u0435 \u043f\u043e\u0434\u0430\u0442\u043a\u0435 \u0447\u0443\u0432\u0430\u043c\u043e, \u0437\u0430\u0448\u0442\u0438\u0442\u0438\u045b\u0435\u043c\u043e \u0443 \u043e\u043a\u0432\u0438\u0440\u0443 \u043a\u043e\u043c\u0435\u0440\u0446\u0438\u0458\u0430\u043b\u043d\u043e \u043f\u0440\u0438\u0445\u0432\u0430\u0442\u0459\u0438\u0432\u0438\u0445 \u0441\u0440\u0435\u0434\u0441\u0442\u0430\u0432\u0430 \u0434\u0430 \u0441\u043f\u0440\u0435\u0447\u0438\u043c\u043e \u0433\u0443\u0431\u0438\u0442\u0430\u043a \u0438 \u043a\u0440\u0430\u0452\u0443, \u043a\u0430\u043e \u0438 \u043d\u0435\u043e\u0432\u043b\u0430\u0448\u045b\u0435\u043d\u0438 \u043f\u0440\u0438\u0441\u0442\u0443\u043f, \u043e\u0442\u043a\u0440\u0438\u0432\u0430\u045a\u0435, \u043a\u043e\u043f\u0438\u0440\u0430\u045a\u0435, \u043a\u043e\u0440\u0438\u0448\u045b\u0435\u045a\u0435 \u0438\u043b\u0438 \u043c\u043e\u0434\u0438\u0444\u0438\u043a\u0430\u0446\u0438\u0458\u0443.<\/span><\/p>\n<p><span style=\"color: #444444;\">\u041d\u0435 \u0434\u0435\u043b\u0438\u043c\u043e \u043d\u0438\u043a\u0430\u043a\u0432\u0435 \u043b\u0438\u0447\u043d\u0435 \u0438\u043d\u0444\u043e\u0440\u043c\u0430\u0446\u0438\u0458\u0435 \u0458\u0430\u0432\u043d\u043e \u0438\u043b\u0438 \u0441\u0430 \u0442\u0440\u0435\u045b\u0438\u043c \u043b\u0438\u0446\u0438\u043c\u0430, \u043e\u0441\u0438\u043c \u043a\u0430\u0434\u0430 \u0442\u043e \u0437\u0430\u0445\u0442\u0435\u0432\u0430 \u0437\u0430\u043a\u043e\u043d.<\/span><\/p>\n<p><span style=\"color: #444444;\">\u041d\u0430\u0448\u0430 \u0432\u0435\u0431 \u043b\u043e\u043a\u0430\u0446\u0438\u0458\u0430 \u043c\u043e\u0436\u0435 \u0434\u0430 \u0441\u0430\u0434\u0440\u0436\u0438 \u0432\u0435\u0437\u0435 \u043a\u0430 \u0441\u043f\u043e\u0459\u043d\u0438\u043c \u0432\u0435\u0431 \u043b\u043e\u043a\u0430\u0446\u0438\u0458\u0430\u043c\u0430 \u043a\u043e\u0458\u0438\u043c\u0430 \u043c\u0438 \u043d\u0435 \u0443\u043f\u0440\u0430\u0432\u0459\u0430\u043c\u043e. \u0418\u043c\u0430\u0458\u0442\u0435 \u043d\u0430 \u0443\u043c\u0443 \u0434\u0430 \u043d\u0435\u043c\u0430\u043c\u043e \u043a\u043e\u043d\u0442\u0440\u043e\u043b\u0443 \u043d\u0430\u0434 \u0441\u0430\u0434\u0440\u0436\u0430\u0458\u0435\u043c \u0438 \u043f\u0440\u0430\u043a\u0441\u0430\u043c\u0430 \u043e\u0432\u0438\u0445 \u0441\u0430\u0458\u0442\u043e\u0432\u0430 \u0438 \u043d\u0435 \u043c\u043e\u0436\u0435\u043c\u043e \u043f\u0440\u0438\u0445\u0432\u0430\u0442\u0438\u0442\u0438 \u043e\u0434\u0433\u043e\u0432\u043e\u0440\u043d\u043e\u0441\u0442 \u0437\u0430 \u045a\u0438\u0445\u00a0<\/span><a style=\"background-color: transparent; color: #444444;\" href=\"https:\/\/politicaprivacidade.com\/\" target=\"_blank\" rel=\"noopener noreferrer\">\u043f\u043e\u043b\u0438\u0442\u0438\u043a\u0435 \u043f\u0440\u0438\u0432\u0430\u0442\u043d\u043e\u0441\u0442\u0438<\/a><span style=\"color: #444444;\">.<\/span><\/p>\n<p><span style=\"color: #444444;\">\u0421\u043b\u043e\u0431\u043e\u0434\u043d\u0438 \u0441\u0442\u0435 \u0434\u0430 \u043e\u0434\u0431\u0438\u0458\u0435\u0442\u0435 \u043d\u0430\u0448 \u0437\u0430\u0445\u0442\u0435\u0432 \u0437\u0430 \u0432\u0430\u0448\u0435 \u043b\u0438\u0447\u043d\u0435 \u043f\u043e\u0434\u0430\u0442\u043a\u0435, \u0443\u0437 \u0440\u0430\u0437\u0443\u043c\u0435\u0432\u0430\u045a\u0435 \u0434\u0430 \u043c\u043e\u0436\u0434\u0430 \u043d\u0435\u045b\u0435\u043c\u043e \u043c\u043e\u045b\u0438 \u0434\u0430 \u0432\u0430\u043c \u043f\u0440\u0443\u0436\u0438\u043c\u043e \u043d\u0435\u043a\u0435 \u043e\u0434 \u0432\u0430\u0448\u0438\u0445 \u0436\u0435\u0459\u0435\u043d\u0438\u0445 \u0443\u0441\u043b\u0443\u0433\u0430.<\/span><\/p>\n<p><span style=\"color: #444444;\">\u0412\u0430\u0448\u0435 \u0434\u0430\u0459\u0435 \u043a\u043e\u0440\u0438\u0448\u045b\u0435\u045a\u0435 \u043d\u0430\u0448\u0435 \u0432\u0435\u0431 \u0441\u0442\u0440\u0430\u043d\u0438\u0446\u0435 \u0441\u043c\u0430\u0442\u0440\u0430\u045b\u0435 \u0441\u0435 \u043f\u0440\u0438\u0445\u0432\u0430\u0442\u0430\u045a\u0435\u043c \u043d\u0430\u0448\u0435 \u043f\u0440\u0430\u043a\u0441\u0435 \u0443 \u0432\u0435\u0437\u0438 \u0441\u0430 \u043f\u0440\u0438\u0432\u0430\u0442\u043d\u043e\u0448\u045b\u0443 \u0438 \u043b\u0438\u0447\u043d\u0438\u043c \u043f\u043e\u0434\u0430\u0446\u0438\u043c\u0430. \u0410\u043a\u043e \u0438\u043c\u0430\u0442\u0435 \u0431\u0438\u043b\u043e \u043a\u0430\u043a\u0432\u0438\u0445 \u043f\u0438\u0442\u0430\u045a\u0430 \u043e \u0442\u043e\u043c\u0435 \u043a\u0430\u043a\u043e \u043f\u043e\u0441\u0442\u0443\u043f\u0430\u043c\u043e \u0441\u0430 \u043a\u043e\u0440\u0438\u0441\u043d\u0438\u0447\u043a\u0438\u043c \u043f\u043e\u0434\u0430\u0446\u0438\u043c\u0430 \u0438 \u043b\u0438\u0447\u043d\u0438\u043c \u043f\u043e\u0434\u0430\u0446\u0438\u043c\u0430, \u043a\u043e\u043d\u0442\u0430\u043a\u0442\u0438\u0440\u0430\u0458\u0442\u0435 \u043d\u0430\u0441.<\/span><\/p>\n<ul>\n<li><span style=\"color: #444444;\">\u0423\u0441\u043b\u0443\u0433\u0430 \u0413\u043e\u043e\u0433\u043b\u0435 \u0410\u0434\u0421\u0435\u043d\u0441\u0435 \u043a\u043e\u0458\u0443 \u043a\u043e\u0440\u0438\u0441\u0442\u0438\u043c\u043e \u0437\u0430 \u043f\u0440\u0438\u043a\u0430\u0437\u0438\u0432\u0430\u045a\u0435 \u043e\u0433\u043b\u0430\u0448\u0430\u0432\u0430\u045a\u0430 \u043a\u043e\u0440\u0438\u0441\u0442\u0438 \u0414\u043e\u0443\u0431\u043b\u0435\u0426\u043b\u0438\u0446\u043a \u043a\u043e\u043b\u0430\u0447\u0438\u045b \u0437\u0430 \u043f\u0440\u0438\u043a\u0430\u0437\u0438\u0432\u0430\u045a\u0435 \u0440\u0435\u043b\u0435\u0432\u0430\u043d\u0442\u043d\u0438\u0458\u0438\u0445 \u043e\u0433\u043b\u0430\u0441\u0430 \u0448\u0438\u0440\u043e\u043c \u0432\u0435\u0431\u0430 \u0438 \u043e\u0433\u0440\u0430\u043d\u0438\u0447\u0430\u0432\u0430\u045a\u0435 \u0431\u0440\u043e\u0458\u0430 \u043f\u0440\u0438\u043a\u0430\u0437\u0430 \u043e\u0434\u0440\u0435\u0452\u0435\u043d\u043e\u0433 \u043e\u0433\u043b\u0430\u0441\u0430.<\/span><\/li>\n<li><span style=\"color: #444444;\">\u0417\u0430 \u0432\u0438\u0448\u0435 \u0438\u043d\u0444\u043e\u0440\u043c\u0430\u0446\u0438\u0458\u0430 \u043e \u0413\u043e\u043e\u0433\u043b\u0435 \u0410\u0434\u0421\u0435\u043d\u0441\u0435-\u0443 \u043f\u043e\u0433\u043b\u0435\u0434\u0430\u0458\u0442\u0435 \u0437\u0432\u0430\u043d\u0438\u0447\u043d\u0430 \u0427\u0435\u0441\u0442\u0430 \u043f\u0438\u0442\u0430\u045a\u0430 \u043e \u043f\u0440\u0438\u0432\u0430\u0442\u043d\u043e\u0441\u0442\u0438 \u0437\u0430 \u0413\u043e\u043e\u0433\u043b\u0435 \u0410\u0434\u0421\u0435\u043d\u0441\u0435.<\/span><\/li>\n<li><span style=\"color: #444444;\">\u041a\u043e\u0440\u0438\u0441\u0442\u0438\u043c\u043e \u043e\u0433\u043b\u0430\u0441\u0435 \u0434\u0430 \u043d\u0430\u0434\u043e\u043a\u043d\u0430\u0434\u0438\u043c\u043e \u0442\u0440\u043e\u0448\u043a\u043e\u0432\u0435 \u0432\u043e\u0452\u0435\u045a\u0430 \u043e\u0432\u0435 \u0432\u0435\u0431 \u0441\u0442\u0440\u0430\u043d\u0438\u0446\u0435 \u0438 \u043e\u0431\u0435\u0437\u0431\u0435\u0434\u0438\u043c\u043e \u0441\u0440\u0435\u0434\u0441\u0442\u0432\u0430 \u0437\u0430 \u0431\u0443\u0434\u0443\u045b\u0438 \u0440\u0430\u0437\u0432\u043e\u0458. \u041a\u043e\u043b\u0430\u0447\u0438\u045b\u0438 \u0437\u0430 \u043e\u0433\u043b\u0430\u0448\u0430\u0432\u0430\u045a\u0435 \u043f\u043e\u043d\u0430\u0448\u0430\u045a\u0430 \u043a\u043e\u0458\u0435 \u043a\u043e\u0440\u0438\u0441\u0442\u0438 \u043e\u0432\u0430\u0458 \u0441\u0430\u0458\u0442 \u0441\u0443 \u0434\u0438\u0437\u0430\u0458\u043d\u0438\u0440\u0430\u043d\u0438 \u0434\u0430 \u043e\u0431\u0435\u0437\u0431\u0435\u0434\u0435 \u0434\u0430 \u0432\u0430\u043c \u043e\u0431\u0435\u0437\u0431\u0435\u0434\u0438\u043c\u043e \u043d\u0430\u0458\u0440\u0435\u043b\u0435\u0432\u0430\u043d\u0442\u043d\u0438\u0458\u0435 \u043e\u0433\u043b\u0430\u0441\u0435 \u0442\u0430\u043c\u043e \u0433\u0434\u0435 \u0458\u0435 \u0442\u043e \u043c\u043e\u0433\u0443\u045b\u0435 \u0430\u043d\u043e\u043d\u0438\u043c\u043d\u0438\u043c \u043f\u0440\u0430\u045b\u0435\u045a\u0435\u043c \u0432\u0430\u0448\u0438\u0445 \u0438\u043d\u0442\u0435\u0440\u0435\u0441\u043e\u0432\u0430\u045a\u0430 \u0438 \u043f\u0440\u0435\u0434\u0441\u0442\u0430\u0432\u0459\u0430\u045a\u0435\u043c \u0441\u043b\u0438\u0447\u043d\u0438\u0445 \u0441\u0442\u0432\u0430\u0440\u0438 \u043a\u043e\u0458\u0435 \u043c\u043e\u0433\u0443 \u0431\u0438\u0442\u0438 \u043e\u0434 \u0438\u043d\u0442\u0435\u0440\u0435\u0441\u0430.<\/span><\/li>\n<li><span style=\"color: #444444;\">\u041d\u0435\u043a\u043e\u043b\u0438\u043a\u043e \u043f\u0430\u0440\u0442\u043d\u0435\u0440\u0430 \u0441\u0435 \u043e\u0433\u043b\u0430\u0448\u0430\u0432\u0430 \u0443 \u043d\u0430\u0448\u0435 \u0438\u043c\u0435 \u0438 \u043a\u043e\u043b\u0430\u0447\u0438\u045b\u0438 \u0437\u0430 \u043f\u0440\u0430\u045b\u0435\u045a\u0435 \u043f\u0440\u0438\u0434\u0440\u0443\u0436\u0435\u043d\u0438\u0445 \u043f\u0430\u0440\u0442\u043d\u0435\u0440\u0430 \u043d\u0430\u043c \u0458\u0435\u0434\u043d\u043e\u0441\u0442\u0430\u0432\u043d\u043e \u043e\u043c\u043e\u0433\u0443\u045b\u0430\u0432\u0430\u0458\u0443 \u0434\u0430 \u0432\u0438\u0434\u0438\u043c\u043e \u0434\u0430 \u043b\u0438 \u0441\u0443 \u043d\u0430\u0448\u0438 \u043a\u043b\u0438\u0458\u0435\u043d\u0442\u0438 \u0434\u043e\u0448\u043b\u0438 \u043d\u0430 \u0432\u0435\u0431 \u043b\u043e\u043a\u0430\u0446\u0438\u0458\u0443 \u043f\u0440\u0435\u043a\u043e \u0458\u0435\u0434\u043d\u0435 \u043e\u0434 \u043d\u0430\u0448\u0438\u0445 \u043f\u0430\u0440\u0442\u043d\u0435\u0440\u0441\u043a\u0438\u0445 \u043b\u043e\u043a\u0430\u0446\u0438\u0458\u0430, \u0442\u0430\u043a\u043e \u0434\u0430 \u043c\u043e\u0436\u0435\u043c\u043e \u0434\u0430 \u0438\u043c \u043a\u0440\u0435\u0434\u0438\u0442\u0438\u0440\u0430\u043c\u043e \u043d\u0430 \u043e\u0434\u0433\u043e\u0432\u0430\u0440\u0430\u0458\u0443\u045b\u0438 \u043d\u0430\u0447\u0438\u043d \u0438, \u0433\u0434\u0435 \u0458\u0435 \u043f\u0440\u0438\u043c\u0435\u043d\u0459\u0438\u0432\u043e, \u0434\u043e\u0437\u0432\u043e\u043b\u0438\u043c\u043e \u043d\u0430\u0448\u0438\u043c \u043f\u0440\u0438\u0434\u0440\u0443\u0436\u0435\u043d\u0438\u043c \u043f\u0430\u0440\u0442\u043d\u0435\u0440\u0438\u043c\u0430 \u0434\u0430 \u043e\u0431\u0435\u0437\u0431\u0435\u0434\u0435 \u0441\u0432\u0430\u043a\u0438 \u0431\u043e\u043d\u0443\u0441 \u043a\u043e\u0458\u0438 \u0432\u0430\u043c \u043c\u043e\u0433\u0443 \u043f\u0440\u0443\u0436\u0438\u0442\u0438 \u0437\u0430 \u043a\u0443\u043f\u043e\u0432\u0438\u043d\u0443.<\/span><\/li>\n<\/ul>\n<h3><strong><span style=\"color: #444444;\">\u041e\u0431\u0430\u0432\u0435\u0437\u0430 \u043a\u043e\u0440\u0438\u0441\u043d\u0438\u043a\u0430<\/span><\/strong><\/h3>\n<p><span style=\"color: #444444;\">\u041a\u043e\u0440\u0438\u0441\u043d\u0438\u043a \u0441\u0435 \u043e\u0431\u0430\u0432\u0435\u0437\u0443\u0458\u0435 \u0434\u0430 \u043d\u0430 \u043e\u0434\u0433\u043e\u0432\u0430\u0440\u0430\u0458\u0443\u045b\u0438 \u043d\u0430\u0447\u0438\u043d \u043a\u043e\u0440\u0438\u0441\u0442\u0438 \u0441\u0430\u0434\u0440\u0436\u0430\u0458\u0435 \u0438 \u0438\u043d\u0444\u043e\u0440\u043c\u0430\u0446\u0438\u0458\u0435 \u043a\u043e\u0458\u0435 <strong>\u0414\u0430\u0442\u0435\u041c\u043e\u0431\u0441<\/strong> \u043f\u043e\u043d\u0443\u0434\u0435 \u043d\u0430 \u0432\u0435\u0431 \u043b\u043e\u043a\u0430\u0446\u0438\u0458\u0438 \u0438 \u043a\u0430\u043e \u043f\u0440\u0438\u043c\u0435\u0440, \u0430\u043b\u0438 \u043d\u0435 \u043e\u0433\u0440\u0430\u043d\u0438\u0447\u0430\u0432\u0430\u0458\u0443\u045b\u0438 \u0441\u0435 \u043d\u0430:<\/span><\/p>\n<ul>\n<li><span style=\"color: #444444;\">\u0410) \u0434\u0430 \u0441\u0435 \u043d\u0435 \u0431\u0430\u0432\u0438 \u0430\u043a\u0442\u0438\u0432\u043d\u043e\u0441\u0442\u0438\u043c\u0430 \u043a\u043e\u0458\u0435 \u0441\u0443 \u043d\u0435\u0437\u0430\u043a\u043e\u043d\u0438\u0442\u0435 \u0438\u043b\u0438 \u0441\u0443\u043f\u0440\u043e\u0442\u043d\u0435 \u0434\u043e\u0431\u0440\u043e\u0458 \u0432\u0435\u0440\u0438 \u0438 \u0458\u0430\u0432\u043d\u043e\u043c \u0440\u0435\u0434\u0443;<\/span><\/li>\n<li><span style=\"color: #444444;\">\u0411) \u041d\u0435 \u0448\u0438\u0440\u0438\u0442\u0435 \u043f\u0440\u043e\u043f\u0430\u0433\u0430\u043d\u0434\u0443 \u0438\u043b\u0438 \u0441\u0430\u0434\u0440\u0436\u0430\u0458\u0435 \u0440\u0430\u0441\u0438\u0441\u0442\u0438\u0447\u043a\u0435, \u043a\u0441\u0435\u043d\u043e\u0444\u043e\u0431\u0438\u0447\u043d\u0435 \u043f\u0440\u0438\u0440\u043e\u0434\u0435, <\/span><span style=\"color: #212529;\">166\u0431\u0435\u0442<\/span><span style=\"color: #444444;\"> \u0438\u043b\u0438 \u043b\u043e\u0448\u0435 \u0441\u0440\u0435\u045b\u0435, \u0431\u0438\u043b\u043e \u043a\u043e\u0458\u0435 \u0432\u0440\u0441\u0442\u0435 \u0438\u043b\u0435\u0433\u0430\u043b\u043d\u0435 \u043f\u043e\u0440\u043d\u043e\u0433\u0440\u0430\u0444\u0438\u0458\u0435, \u0443 \u043f\u0440\u0438\u043b\u043e\u0433 \u0442\u0435\u0440\u043e\u0440\u0438\u0437\u043c\u0443 \u0438\u043b\u0438 \u043f\u0440\u043e\u0442\u0438\u0432 \u0459\u0443\u0434\u0441\u043a\u0438\u0445 \u043f\u0440\u0430\u0432\u0430;<\/span><\/li>\n<li><span style=\"color: #444444;\">\u0426) \u041d\u0435 \u0438\u0437\u0430\u0437\u0438\u0432\u0430\u0458\u0442\u0435 \u0448\u0442\u0435\u0442\u0443 \u043d\u0430 \u0444\u0438\u0437\u0438\u0447\u043a\u0438\u043c (\u0445\u0430\u0440\u0434\u0432\u0435\u0440\u0441\u043a\u0438\u043c) \u0438 \u043b\u043e\u0433\u0438\u0447\u043a\u0438\u043c (\u0441\u043e\u0444\u0442\u0432\u0435\u0440\u0441\u043a\u0438\u043c) \u0441\u0438\u0441\u0442\u0435\u043c\u0438\u043c\u0430 <strong>\u0414\u0430\u0442\u0435\u041c\u043e\u0431\u0441<\/strong>, \u045a\u0435\u0433\u043e\u0432\u0438\u0445 \u0434\u043e\u0431\u0430\u0432\u0459\u0430\u0447\u0430 \u0438\u043b\u0438 \u0442\u0440\u0435\u045b\u0438\u0445 \u043b\u0438\u0446\u0430, \u0434\u0430 \u0443\u0432\u0435\u0434\u0435 \u0438\u043b\u0438 \u0448\u0438\u0440\u0438 \u0440\u0430\u0447\u0443\u043d\u0430\u0440\u0441\u043a\u0435 \u0432\u0438\u0440\u0443\u0441\u0435 \u0438\u043b\u0438 \u0431\u0438\u043b\u043e \u043a\u043e\u0458\u0438 \u0434\u0440\u0443\u0433\u0438 \u0445\u0430\u0440\u0434\u0432\u0435\u0440 \u0438\u043b\u0438 \u0441\u043e\u0444\u0442\u0432\u0435\u0440\u0441\u043a\u0438 \u0441\u0438\u0441\u0442\u0435\u043c \u043a\u043e\u0458\u0438 \u0458\u0435 \u0443 \u0441\u0442\u0430\u045a\u0443 \u0434\u0430 \u0438\u0437\u0430\u0437\u043e\u0432\u0435 \u0433\u043e\u0440\u0435 \u043f\u043e\u043c\u0435\u043d\u0443\u0442\u0443 \u0448\u0442\u0435\u0442\u0443.<\/span><\/li>\n<\/ul>\n<h3><strong><span style=\"color: #444444;\">\u0412\u0438\u0448\u0435 \u0438\u043d\u0444\u043e\u0440\u043c\u0430\u0446\u0438\u0458\u0430<\/span><\/strong><\/h3>\n<p><span style=\"color: #444444;\">\u041d\u0430\u0434\u0430\u043c\u043e \u0441\u0435 \u0434\u0430 \u0432\u0430\u043c \u0458\u0435 \u0442\u043e \u0440\u0430\u0437\u0458\u0430\u0441\u043d\u0438\u043b\u043e \u0441\u0442\u0432\u0430\u0440\u0438 \u0438 \u043a\u0430\u043e \u0448\u0442\u043e \u0458\u0435 \u0440\u0430\u043d\u0438\u0458\u0435 \u043f\u043e\u043c\u0435\u043d\u0443\u0442\u043e, \u0430\u043a\u043e \u043f\u043e\u0441\u0442\u043e\u0458\u0438 \u043d\u0435\u0448\u0442\u043e \u0437\u0430 \u0448\u0442\u0430 \u043d\u0438\u0441\u0442\u0435 \u0441\u0438\u0433\u0443\u0440\u043d\u0438 \u0434\u0430 \u043b\u0438 \u0432\u0430\u043c \u0458\u0435 \u043f\u043e\u0442\u0440\u0435\u0431\u043d\u043e \u0438\u043b\u0438 \u043d\u0435, \u043e\u0431\u0438\u0447\u043d\u043e \u0458\u0435 \u0441\u0438\u0433\u0443\u0440\u043d\u0438\u0458\u0435 \u043e\u0441\u0442\u0430\u0432\u0438\u0442\u0438 \u043a\u043e\u043b\u0430\u0447\u0438\u045b\u0435 \u043e\u043c\u043e\u0433\u0443\u045b\u0435\u043d\u0435 \u0443 \u0441\u043b\u0443\u0447\u0430\u0458\u0443 \u0434\u0430 \u0434\u043e\u0452\u0435 \u0443 \u0438\u043d\u0442\u0435\u0440\u0430\u043a\u0446\u0438\u0458\u0443 \u0441\u0430 \u043d\u0435\u043a\u043e\u043c \u043e\u0434 \u0444\u0443\u043d\u043a\u0446\u0438\u0458\u0430 \u043a\u043e\u0458\u0435 \u043a\u043e\u0440\u0438\u0441\u0442\u0438\u0442\u0435 \u043d\u0430 \u043d\u0430\u0448\u043e\u0458 \u0432\u0435\u0431 \u043b\u043e\u043a\u0430\u0446\u0438\u0458\u0438.<\/span><\/p>\n<p><em><strong><span style=\"color: #444444;\">\u041e\u0432\u0430 \u043f\u043e\u043b\u0438\u0442\u0438\u043a\u0430 \u0458\u0435 \u043d\u0430 \u0441\u043d\u0430\u0437\u0438 \u043e\u0434 22. \u043c\u0430\u0440\u0442\u0430 2025. \u0443 05:36.<\/span><\/strong><\/em><\/p>","protected":false},"excerpt":{"rendered":"<p>A sua privacidade \u00e9 importante para n\u00f3s. \u00c9 pol\u00edtica do DateMobs respeitar a sua privacidade em rela\u00e7\u00e3o a qualquer informa\u00e7\u00e3o sua que possamos coletar no site DateMobs, e outros sites que possu\u00edmos e operamos. Solicitamos informa\u00e7\u00f5es pessoais apenas quando realmente precisamos delas para lhe fornecer um servi\u00e7o. Fazemo-lo por meios justos e legais, com o &#8230; <a title=\"\u041f\u043e\u043b\u0438\u0442\u0438\u043a\u0430 \u043f\u0440\u0438\u0432\u0430\u0442\u043d\u043e\u0441\u0442\u0438\" class=\"read-more\" href=\"https:\/\/datemobs.com\/sr\/%d0%bf%d0%be%d0%bb%d0%b8%d1%82%d0%b8%d0%ba%d0%b0-%d0%bf%d1%80%d0%b8%d0%b2%d0%b0%d1%82%d0%bd%d0%be%d1%81%d1%82%d0%b8\/\" aria-label=\"Read more about Pol\u00edtica de Privacidade\">\u043f\u0440\u043e\u0447\u0438\u0442\u0430\u0458 \u0432\u0438\u0448\u0435<\/a><\/p>","protected":false},"author":1,"featured_media":0,"parent":0,"menu_order":0,"comment_status":"closed","ping_status":"open","template":"","meta":{"footnotes":""},"class_list":["post-3","page","type-page","status-publish"],"_links":{"self":[{"href":"https:\/\/datemobs.com\/sr\/wp-json\/wp\/v2\/pages\/3","targetHints":{"allow":["GET"]}}],"collection":[{"href":"https:\/\/datemobs.com\/sr\/wp-json\/wp\/v2\/pages"}],"about":[{"href":"https:\/\/datemobs.com\/sr\/wp-json\/wp\/v2\/types\/page"}],"author":[{"embeddable":true,"href":"https:\/\/datemobs.com\/sr\/wp-json\/wp\/v2\/users\/1"}],"replies":[{"embeddable":true,"href":"https:\/\/datemobs.com\/sr\/wp-json\/wp\/v2\/comments?post=3"}],"version-history":[{"count":2,"href":"https:\/\/datemobs.com\/sr\/wp-json\/wp\/v2\/pages\/3\/revisions"}],"predecessor-version":[{"id":849,"href":"https:\/\/datemobs.com\/sr\/wp-json\/wp\/v2\/pages\/3\/revisions\/849"}],"wp:attachment":[{"href":"https:\/\/datemobs.com\/sr\/wp-json\/wp\/v2\/media?parent=3"}],"curies":[{"name":"wp","href":"https:\/\/api.w.org\/{rel}","templated":true}]}}