{"id":819,"date":"2022-11-08T18:30:39","date_gmt":"2022-11-08T18:30:39","guid":{"rendered":"https:\/\/sites.generatepress.com\/info\/?page_id=819"},"modified":"2025-03-22T05:35:13","modified_gmt":"2025-03-22T05:35:13","slug":"%d0%ba%d0%be-%d1%81%d0%bc%d0%be-%d0%bc%d0%b8","status":"publish","type":"page","link":"https:\/\/datemobs.com\/sr\/%d0%ba%d0%be-%d1%81%d0%bc%d0%be-%d0%bc%d0%b8\/","title":{"rendered":"\u041a\u043e \u0441\u043c\u043e \u043c\u0438"},"content":{"rendered":"<p>\u0414\u043e\u0431\u0440\u043e\u0434\u043e\u0448\u043b\u0438 \u0443 <strong>DateMobs.com<\/strong>, \u0432\u0430\u0448\u0430 \u043d\u043e\u0432\u0430 \u043f\u043b\u0430\u0442\u0444\u043e\u0440\u043c\u0430 \u0437\u0430 \u043f\u043e\u0432\u0435\u0437\u0438\u0432\u0430\u045a\u0435 \u0459\u0443\u0434\u0438 \u043d\u0430 \u0430\u0443\u0442\u0435\u043d\u0442\u0438\u0447\u0430\u043d \u0438 \u0437\u0430\u0431\u0430\u0432\u0430\u043d \u043d\u0430\u0447\u0438\u043d! \u041e\u0432\u0434\u0435 \u0443 <strong>\u0414\u0430\u0442\u0435\u041c\u043e\u0431\u0441<\/strong>, \u0432\u0435\u0440\u0443\u0458\u0435\u043c\u043e \u0434\u0430 \u0441\u0443 \u0459\u0443\u0434\u0441\u043a\u0435 \u0432\u0435\u0437\u0435 \u0441\u0443\u0448\u0442\u0438\u043d\u0430 \u0436\u0438\u0432\u043e\u0442\u0430, \u0430 \u043d\u0430\u0448\u0430 \u043c\u0438\u0441\u0438\u0458\u0430 \u0458\u0435 \u0434\u0430 \u0442\u0435 \u0432\u0435\u0437\u0435 \u0443\u0447\u0438\u043d\u0438\u043c\u043e \u043f\u0440\u0438\u0441\u0442\u0443\u043f\u0430\u0447\u043d\u0438\u0458\u0438\u043c \u0438 \u0437\u043d\u0430\u0447\u0430\u0458\u043d\u0438\u0458\u0438\u043c \u0437\u0430 \u0441\u0432\u0435.<\/p>\n\n\n\n<h2 class=\"wp-block-heading\">\u041d\u0430\u0448\u0430 \u043c\u0438\u0441\u0438\u0458\u0430<\/h2>\n\n\n\n<p>\u0416\u0435\u043b\u0438\u043c\u043e \u0434\u0430 \u0442\u0440\u0430\u043d\u0441\u0444\u043e\u0440\u043c\u0438\u0448\u0435\u043c\u043e \u043d\u0430\u0447\u0438\u043d \u043d\u0430 \u043a\u043e\u0458\u0438 \u0441\u0435 \u0459\u0443\u0434\u0438 \u0443\u043f\u043e\u0437\u043d\u0430\u0458\u0443 \u0438 \u043a\u043e\u043c\u0443\u043d\u0438\u0446\u0438\u0440\u0430\u0458\u0443 \u043d\u0430 \u043c\u0440\u0435\u0436\u0438. \u041a\u043e\u043c\u0431\u0438\u043d\u0443\u0458\u0435\u043c\u043e \u043d\u0430\u0458\u0441\u0430\u0432\u0440\u0435\u043c\u0435\u043d\u0438\u0458\u0443 \u0442\u0435\u0445\u043d\u043e\u043b\u043e\u0433\u0438\u0458\u0443 \u0441\u0430 \u0459\u0443\u0434\u0441\u043a\u0438\u043c \u043f\u0440\u0438\u0441\u0442\u0443\u043f\u043e\u043c \u043a\u0430\u043a\u043e \u0431\u0438\u0441\u043c\u043e \u0432\u0430\u043c \u043e\u0441\u0438\u0433\u0443\u0440\u0430\u043b\u0438 \u0434\u0430 \u043f\u0440\u043e\u043d\u0430\u0452\u0435\u0442\u0435 \u043d\u0435\u043a\u043e\u0433\u0430 \u043f\u043e\u0441\u0435\u0431\u043d\u043e\u0433 \u043d\u0430 \u0458\u0435\u0434\u043d\u043e\u0441\u0442\u0430\u0432\u0430\u043d, \u0431\u0435\u0437\u0431\u0435\u0434\u0430\u043d \u0438 \u043d\u0430\u0447\u0438\u043d \u043f\u0443\u043d \u043c\u043e\u0433\u0443\u045b\u043d\u043e\u0441\u0442\u0438.<\/p>\n\n\n\n<h2 class=\"wp-block-heading\">\u0428\u0442\u0430 \u043d\u0430\u0441 \u0447\u0438\u043d\u0438 \u0434\u0440\u0443\u0433\u0430\u0447\u0438\u0458\u0438\u043c\u0430<\/h2>\n\n\n\n<ul class=\"wp-block-list\">\n<li><strong>\u0411\u0435\u0437\u0431\u0435\u0434\u043d\u043e\u0441\u0442 \u043d\u0430 \u043f\u0440\u0432\u043e\u043c \u043c\u0435\u0441\u0442\u0443:<\/strong> \u0412\u0430\u0448\u0443 \u043f\u0440\u0438\u0432\u0430\u0442\u043d\u043e\u0441\u0442 \u0438 \u0431\u0435\u0437\u0431\u0435\u0434\u043d\u043e\u0441\u0442 \u0441\u0445\u0432\u0430\u0442\u0430\u043c\u043e \u043e\u0437\u0431\u0438\u0459\u043d\u043e, \u043a\u043e\u0440\u0438\u0441\u0442\u0435\u045b\u0438 \u043d\u0430\u0458\u0431\u043e\u0459\u0435 \u0444\u0443\u043d\u043a\u0446\u0438\u0458\u0435 \u0437\u0430\u0448\u0442\u0438\u0442\u0435 \u043f\u043e\u0434\u0430\u0442\u0430\u043a\u0430 \u043d\u0430 \u0442\u0440\u0436\u0438\u0448\u0442\u0443.<\/li>\n\n\n\n<li><strong>\u0410\u0443\u0442\u0435\u043d\u0442\u0438\u0447\u043d\u0438 \u043f\u0440\u043e\u0444\u0438\u043b\u0438:<\/strong> \u041d\u0430\u0448\u0430 \u043f\u043b\u0430\u0442\u0444\u043e\u0440\u043c\u0430 \u043f\u043e\u0434\u0441\u0442\u0438\u0447\u0435 \u043a\u0440\u0435\u0438\u0440\u0430\u045a\u0435 \u0438 \u0432\u0435\u0440\u0438\u0444\u0438\u043a\u0430\u0446\u0438\u0458\u0443 \u043f\u0440\u0430\u0432\u0438\u0445 \u043f\u0440\u043e\u0444\u0438\u043b\u0430 \u043a\u0430\u043a\u043e \u0431\u0438\u0441\u0442\u0435 \u043a\u043e\u043c\u0443\u043d\u0438\u0446\u0438\u0440\u0430\u043b\u0438 \u0441\u0430 \u043f\u0440\u0430\u0432\u0438\u043c \u0459\u0443\u0434\u0438\u043c\u0430.<\/li>\n\n\n\n<li><strong>\u0418\u043d\u0442\u0435\u0440\u0430\u043a\u0442\u0438\u0432\u043d\u043e\u0441\u0442:<\/strong> \u041c\u043e\u0434\u0435\u0440\u043d\u0435, \u0434\u0438\u043d\u0430\u043c\u0438\u0447\u043d\u0435 \u0444\u0443\u043d\u043a\u0446\u0438\u0458\u0435 \u043f\u043e\u043f\u0443\u0442 \u043a\u0440\u0430\u0442\u043a\u0438\u0445 \u0432\u0438\u0434\u0435\u043e \u0441\u043d\u0438\u043c\u0430\u043a\u0430 \u0438 \u043a\u0440\u0435\u0430\u0442\u0438\u0432\u043d\u0438\u0445 \u043f\u043e\u0440\u0443\u043a\u0430 \u043a\u043e\u0458\u0435 \u045b\u0435 \u0432\u0430\u043c \u043f\u043e\u043c\u043e\u045b\u0438 \u0434\u0430 \u0441\u0435 \u0438\u0441\u0442\u0430\u043a\u043d\u0435\u0442\u0435 \u0438 \u0438\u0437\u0440\u0430\u0437\u0438\u0442\u0435.<\/li>\n<\/ul>\n\n\n\n<h2 class=\"wp-block-heading\">\u041d\u0430\u0448\u0430 \u0438\u0441\u0442\u043e\u0440\u0438\u0458\u0430<\/h2>\n\n\n\n<p>\u0422\u0425\u0415 <strong>\u0414\u0430\u0442\u0435\u041c\u043e\u0431\u0441 <\/strong>\u043d\u0430\u0441\u0442\u0430\u043e \u0458\u0435 \u0438\u0437 \u0438\u0434\u0435\u0458\u0435 \u043e \u0441\u0442\u0432\u0430\u0440\u0430\u045a\u0443 \u043b\u0430\u043a\u0448\u0435\u0433, \u0458\u0435\u0434\u043d\u043e\u0441\u0442\u0430\u0432\u043d\u0438\u0458\u0435\u0433 \u0438\u0441\u043a\u0443\u0441\u0442\u0432\u0430 \u043e\u043d\u043b\u0430\u0458\u043d \u0443\u043f\u043e\u0437\u043d\u0430\u0432\u0430\u045a\u0430 \u043a\u043e\u0458\u0435 \u0458\u0435 \u0443\u0441\u043a\u043b\u0430\u0452\u0435\u043d\u043e \u0441\u0430 \u0441\u0442\u0432\u0430\u0440\u043d\u0438\u043c \u043f\u043e\u0442\u0440\u0435\u0431\u0430\u043c\u0430 \u0459\u0443\u0434\u0438. \u041e\u0434 \u0441\u0430\u043c\u043e\u0433 \u043f\u043e\u0447\u0435\u0442\u043a\u0430, \u0442\u0435\u0436\u0438\u043b\u0438 \u0441\u043c\u043e \u0434\u0430 \u043f\u0440\u0443\u0436\u0438\u043c\u043e \u043e\u043a\u0440\u0443\u0436\u0435\u045a\u0435 \u0443 \u043a\u043e\u0458\u0435\u043c \u043c\u043e\u0436\u0435\u0442\u0435 \u0431\u0438\u0442\u0438 \u0441\u0430\u043c\u0438 \u0438 \u043f\u0440\u043e\u043d\u0430\u045b\u0438 \u0438\u0441\u0442\u0438\u043d\u0441\u043a\u0435 \u0432\u0435\u0437\u0435.<\/p>\n\n\n\n<h2 class=\"wp-block-heading\">\u0417\u0430\u0448\u0442\u043e \u0438\u0437\u0430\u0431\u0440\u0430\u0442\u0438 <strong>\u0414\u0430\u0442\u0435\u041c\u043e\u0431\u0441<\/strong>?<\/h2>\n\n\n\n<p>\u0411\u0435\u0437 \u043e\u0431\u0437\u0438\u0440\u0430 \u0434\u0430 \u043b\u0438 \u0441\u0442\u0435 \u043d\u043e\u0432\u0438 \u0443 \u0441\u0432\u0435\u0442\u0443 \u0430\u043f\u043b\u0438\u043a\u0430\u0446\u0438\u0458\u0430 \u0437\u0430 \u0443\u043f\u043e\u0437\u043d\u0430\u0432\u0430\u045a\u0435 \u0438\u043b\u0438 \u0432\u0435\u0442\u0435\u0440\u0430\u043d \u043a\u043e\u0458\u0438 \u0442\u0440\u0430\u0436\u0438 \u043d\u0435\u0448\u0442\u043e \u0434\u0440\u0443\u0433\u0430\u0447\u0438\u0458\u0435, <strong>\u0414\u0430\u0442\u0435\u041c\u043e\u0431\u0441 <\/strong>\u043f\u043e\u043d\u0443\u0434\u0435:<\/p>\n\n\n\n<ul class=\"wp-block-list\">\n<li>\u0418\u043d\u0442\u0443\u0438\u0442\u0438\u0432\u043d\u043e \u0438 \u0431\u0435\u0437\u0431\u0440\u0438\u0436\u043d\u043e \u0438\u0441\u043a\u0443\u0441\u0442\u0432\u043e.<\/li>\n\n\n\n<li>\u0410\u043d\u0433\u0430\u0436\u043e\u0432\u0430\u043d\u0430 \u0438 \u0440\u0430\u0437\u043d\u043e\u043b\u0438\u043a\u0430 \u0437\u0430\u0458\u0435\u0434\u043d\u0438\u0446\u0430.<\/li>\n\n\n\n<li>\u0410\u043b\u0430\u0442\u0438 \u043a\u043e\u0458\u0438 \u0432\u0430\u043c \u0437\u0430\u0438\u0441\u0442\u0430 \u043f\u043e\u043c\u0430\u0436\u0443 \u0434\u0430 \u0441\u0442\u0432\u043e\u0440\u0438\u0442\u0435 \u0432\u0435\u0437\u0435 \u0438 \u0443\u0441\u043f\u043e\u043c\u0435\u043d\u0435.<\/li>\n<\/ul>\n\n\n\n<p>\u041f\u043e\u0441\u0442\u0430\u043d\u0438\u0442\u0435 \u0434\u0435\u043e \u043d\u0430\u0448\u0435 \u0437\u0430\u0458\u0435\u0434\u043d\u0438\u0446\u0435 \u0438 \u043e\u0442\u043a\u0440\u0438\u0458\u0442\u0435 \u043a\u0430\u043a\u043e <strong>\u0414\u0430\u0442\u0435\u041c\u043e\u0431\u0441 <\/strong>\u043c\u043e\u0436\u0435 \u0442\u0440\u0430\u043d\u0441\u0444\u043e\u0440\u043c\u0438\u0441\u0430\u0442\u0438 \u0432\u0430\u0448 \u0459\u0443\u0431\u0430\u0432\u043d\u0438 \u0436\u0438\u0432\u043e\u0442. \u0422\u0443 \u0441\u043c\u043e \u0434\u0430 \u0432\u0430\u043c \u043f\u043e\u043c\u043e\u0433\u043d\u0435\u043c\u043e \u0434\u0430 \u043d\u0430\u043f\u0438\u0448\u0435\u0442\u0435 \u0441\u0432\u043e\u0458\u0443 \u0441\u043b\u0435\u0434\u0435\u045b\u0443 \u0459\u0443\u0431\u0430\u0432\u043d\u0443 \u043f\u0440\u0438\u0447\u0443 \u2014 \u0438\u043b\u0438 \u0458\u0435\u0434\u043d\u043e\u0441\u0442\u0430\u0432\u043d\u043e \u043f\u0440\u043e\u043d\u0430\u0452\u0435\u0442\u0435 \u0434\u0440\u0443\u0448\u0442\u0432\u043e \u0437\u0430 \u0434\u043e\u0431\u0430\u0440 \u0441\u043c\u0435\u0445 \u0438 \u043d\u0435\u0437\u0430\u0431\u043e\u0440\u0430\u0432\u043d\u0435 \u0442\u0440\u0435\u043d\u0443\u0442\u043a\u0435.<\/p>\n\n\n\n<p><strong>DateMobs.com<\/strong>\u0413\u0434\u0435 \u043f\u043e\u0447\u0438\u045a\u0443 \u043f\u0440\u0430\u0432\u0435 \u0432\u0435\u0437\u0435!<\/p>","protected":false},"excerpt":{"rendered":"<p>Bem-vindo ao DateMobs.com, a sua nova plataforma para conectar pessoas de forma aut\u00eantica e divertida! Aqui na DateMobs, acreditamos que as conex\u00f5es humanas s\u00e3o a ess\u00eancia da vida, e nossa miss\u00e3o \u00e9 tornar essas conex\u00f5es mais acess\u00edveis e significativas para todos. Nossa Miss\u00e3o Queremos transformar a maneira como as pessoas se encontram e interagem online. &#8230; <a title=\"\u041a\u043e \u0441\u043c\u043e \u043c\u0438\" class=\"read-more\" href=\"https:\/\/datemobs.com\/sr\/%d0%ba%d0%be-%d1%81%d0%bc%d0%be-%d0%bc%d0%b8\/\" aria-label=\"Read more about Quem Somos\">\u043f\u0440\u043e\u0447\u0438\u0442\u0430\u0458 \u0432\u0438\u0448\u0435<\/a><\/p>","protected":false},"author":1,"featured_media":0,"parent":0,"menu_order":0,"comment_status":"closed","ping_status":"closed","template":"","meta":{"footnotes":""},"class_list":["post-819","page","type-page","status-publish"],"_links":{"self":[{"href":"https:\/\/datemobs.com\/sr\/wp-json\/wp\/v2\/pages\/819","targetHints":{"allow":["GET"]}}],"collection":[{"href":"https:\/\/datemobs.com\/sr\/wp-json\/wp\/v2\/pages"}],"about":[{"href":"https:\/\/datemobs.com\/sr\/wp-json\/wp\/v2\/types\/page"}],"author":[{"embeddable":true,"href":"https:\/\/datemobs.com\/sr\/wp-json\/wp\/v2\/users\/1"}],"replies":[{"embeddable":true,"href":"https:\/\/datemobs.com\/sr\/wp-json\/wp\/v2\/comments?post=819"}],"version-history":[{"count":5,"href":"https:\/\/datemobs.com\/sr\/wp-json\/wp\/v2\/pages\/819\/revisions"}],"predecessor-version":[{"id":847,"href":"https:\/\/datemobs.com\/sr\/wp-json\/wp\/v2\/pages\/819\/revisions\/847"}],"wp:attachment":[{"href":"https:\/\/datemobs.com\/sr\/wp-json\/wp\/v2\/media?parent=819"}],"curies":[{"name":"wp","href":"https:\/\/api.w.org\/{rel}","templated":true}]}}