{"id":3,"date":"2025-03-22T05:11:17","date_gmt":"2025-03-22T05:11:17","guid":{"rendered":"https:\/\/datemobs.com\/?page_id=3"},"modified":"2025-03-22T05:38:42","modified_gmt":"2025-03-22T05:38:42","slug":"integritetspolicy","status":"publish","type":"page","link":"https:\/\/datemobs.com\/sv\/integritetspolicy\/","title":{"rendered":"Sekretesspolicy"},"content":{"rendered":"<p><span style=\"color: #444444;\">Din integritet \u00e4r viktig f\u00f6r oss. Det \u00e4r v\u00e5r policy. <strong>DateMobs<\/strong> respektera din integritet g\u00e4llande all information vi kan samla in fr\u00e5n dig p\u00e5 webbplatsen <strong><a href=\"\/sv\/datemobs.com\/\">DateMobs<\/a><\/strong>och andra webbplatser som vi \u00e4ger och driver.<\/span><\/p>\n<p><span style=\"color: #444444;\">Vi ber endast om personlig information n\u00e4r vi verkligen beh\u00f6ver den f\u00f6r att tillhandah\u00e5lla en tj\u00e4nst till dig. Vi samlar in den p\u00e5 r\u00e4ttvisa och lagliga s\u00e4tt, med din vetskap och ditt samtycke. Vi informerar dig ocks\u00e5 om varf\u00f6r vi samlar in den och hur den kommer att anv\u00e4ndas.<\/span><\/p>\n<p><span style=\"color: #444444;\">Vi beh\u00e5ller endast insamlad information s\u00e5 l\u00e4nge som det \u00e4r n\u00f6dv\u00e4ndigt f\u00f6r att tillhandah\u00e5lla den tj\u00e4nst du beg\u00e4rt. De uppgifter vi lagrar skyddar vi inom ramen f\u00f6r kommersiellt acceptabla metoder f\u00f6r att f\u00f6rhindra f\u00f6rlust och st\u00f6ld, samt obeh\u00f6rig \u00e5tkomst, avsl\u00f6jande, kopiering, anv\u00e4ndning eller modifiering.<\/span><\/p>\n<p><span style=\"color: #444444;\">Vi delar inte personligt identifierbar information offentligt eller med tredje part, f\u00f6rutom n\u00e4r det kr\u00e4vs enligt lag.<\/span><\/p>\n<p><span style=\"color: #444444;\">V\u00e5r webbplats kan inneh\u00e5lla l\u00e4nkar till externa webbplatser som inte drivs av oss. Observera att vi inte har n\u00e5gon kontroll \u00f6ver inneh\u00e5llet och praxisen p\u00e5 dessa webbplatser och kan inte ta ansvar f\u00f6r deras respektive l\u00e4nkar.\u00a0<\/span><a style=\"background-color: transparent; color: #444444;\" href=\"https:\/\/politicaprivacidade.com\/\" target=\"_blank\" rel=\"noopener noreferrer\">sekretesspolicyer<\/a><span style=\"color: #444444;\">.<\/span><\/p>\n<p><span style=\"color: #444444;\">Du har r\u00e4tt att avb\u00f6ja v\u00e5r beg\u00e4ran om dina personuppgifter, med f\u00f6rst\u00e5elsen att vi eventuellt inte kan tillhandah\u00e5lla dig vissa av de tj\u00e4nster du \u00f6nskar.<\/span><\/p>\n<p><span style=\"color: #444444;\">Din fortsatta anv\u00e4ndning av v\u00e5r webbplats kommer att betraktas som att du accepterar v\u00e5ra integritets- och personuppgiftsrutiner. Om du har n\u00e5gra fr\u00e5gor om hur vi hanterar anv\u00e4ndardata och personuppgifter, v\u00e4nligen kontakta oss.<\/span><\/p>\n<ul>\n<li><span style=\"color: #444444;\">Google AdSense-tj\u00e4nsten som vi anv\u00e4nder f\u00f6r att visa annonser anv\u00e4nder en DoubleClick-cookie f\u00f6r att visa mer relevanta annonser p\u00e5 webben och begr\u00e4nsa antalet g\u00e5nger en viss annons visas f\u00f6r dig.<\/span><\/li>\n<li><span style=\"color: #444444;\">F\u00f6r mer information om Google AdSense, se de officiella vanliga fr\u00e5gorna om sekretess f\u00f6r Google AdSense.<\/span><\/li>\n<li><span style=\"color: #444444;\">Vi anv\u00e4nder reklam f\u00f6r att t\u00e4cka kostnaderna f\u00f6r att driva denna webbplats och f\u00f6r att finansiera framtida utveckling. De beteendem\u00e4ssiga annonseringscookies som anv\u00e4nds av denna webbplats \u00e4r utformade f\u00f6r att s\u00e4kerst\u00e4lla att vi ger dig s\u00e5 relevant reklam som m\u00f6jligt genom att anonymt sp\u00e5ra dina intressen och presentera liknande inneh\u00e5ll som kan vara av intresse f\u00f6r dig.<\/span><\/li>\n<li><span style=\"color: #444444;\">Flera partners annonserar f\u00f6r v\u00e5r r\u00e4kning, och affiliate-sp\u00e5rningscookies l\u00e5ter oss helt enkelt se om v\u00e5ra kunder har kommit till webbplatsen via en av v\u00e5ra partnerwebbplatser s\u00e5 att vi kan kreditera dem p\u00e5 l\u00e4mpligt s\u00e4tt och, i f\u00f6rekommande fall, l\u00e5ta v\u00e5ra affiliate-partners ge dig eventuella incitament f\u00f6r att g\u00f6ra ett k\u00f6p.<\/span><\/li>\n<\/ul>\n<h3><strong><span style=\"color: #444444;\">Anv\u00e4ndarengagemang<\/span><\/strong><\/h3>\n<p><span style=\"color: #444444;\">Anv\u00e4ndaren f\u00f6rbinder sig att p\u00e5 l\u00e4mpligt s\u00e4tt anv\u00e4nda inneh\u00e5llet och informationen som <strong>DateMobs<\/strong> erbjudanden p\u00e5 webbplatsen och som exempel, men inte begr\u00e4nsat till:<\/span><\/p>\n<ul>\n<li><span style=\"color: #444444;\">A) Att inte delta i verksamhet som \u00e4r olaglig eller strider mot god tro och allm\u00e4n ordning;<\/span><\/li>\n<li><span style=\"color: #444444;\">B) Sprid inte propaganda eller inneh\u00e5ll av rasistisk, fr\u00e4mlingsfientlig natur, <\/span><span style=\"color: #212529;\">166bet<\/span><span style=\"color: #444444;\"> eller otur, alla typer av olaglig pornografi, till st\u00f6d f\u00f6r terrorism eller mot m\u00e4nskliga r\u00e4ttigheter;<\/span><\/li>\n<li><span style=\"color: #444444;\">C) Orsaka inte skada p\u00e5 de fysiska (h\u00e5rdvara) och logiska (programvara) systemen hos <strong>DateMobs<\/strong>, dess leverant\u00f6rer eller tredje parter, att introducera eller sprida datavirus eller andra h\u00e5rdvaru- eller mjukvarusystem som kan orsaka ovann\u00e4mnda skada.<\/span><\/li>\n<\/ul>\n<h3><strong><span style=\"color: #444444;\">Mer information<\/span><\/strong><\/h3>\n<p><span style=\"color: #444444;\">F\u00f6rhoppningsvis har det klargjort saker och ting f\u00f6r dig, och som tidigare n\u00e4mnts, om det \u00e4r n\u00e5got du \u00e4r os\u00e4ker p\u00e5 om du beh\u00f6ver eller inte \u00e4r det oftast s\u00e4krare att l\u00e5ta cookies vara aktiverade ifall det interagerar med n\u00e5gon av funktionerna du anv\u00e4nder p\u00e5 v\u00e5r webbplats.<\/span><\/p>\n<p><em><strong><span style=\"color: #444444;\">Denna policy g\u00e4ller fr\u00e5n och med den 22 mars 2025 kl. 05:36.<\/span><\/strong><\/em><\/p>","protected":false},"excerpt":{"rendered":"<p>Din integritet \u00e4r viktig f\u00f6r oss. Det \u00e4r DateMobs policy att respektera din integritet g\u00e4llande all information vi kan samla in fr\u00e5n dig p\u00e5 DateMobs webbplats och andra webbplatser som vi \u00e4ger och driver. Vi beg\u00e4r endast personlig information n\u00e4r vi verkligen beh\u00f6ver den f\u00f6r att tillhandah\u00e5lla en tj\u00e4nst till dig. Vi g\u00f6r det r\u00e4ttvist och lagligt, med\u2026 <a title=\"Sekretesspolicy\" class=\"read-more\" href=\"https:\/\/datemobs.com\/sv\/integritetspolicy\/\" aria-label=\"L\u00e4s mer om integritetspolicyn\">l\u00e4s mer<\/a><\/p>","protected":false},"author":1,"featured_media":0,"parent":0,"menu_order":0,"comment_status":"closed","ping_status":"open","template":"","meta":{"footnotes":""},"class_list":["post-3","page","type-page","status-publish"],"_links":{"self":[{"href":"https:\/\/datemobs.com\/sv\/wp-json\/wp\/v2\/pages\/3","targetHints":{"allow":["GET"]}}],"collection":[{"href":"https:\/\/datemobs.com\/sv\/wp-json\/wp\/v2\/pages"}],"about":[{"href":"https:\/\/datemobs.com\/sv\/wp-json\/wp\/v2\/types\/page"}],"author":[{"embeddable":true,"href":"https:\/\/datemobs.com\/sv\/wp-json\/wp\/v2\/users\/1"}],"replies":[{"embeddable":true,"href":"https:\/\/datemobs.com\/sv\/wp-json\/wp\/v2\/comments?post=3"}],"version-history":[{"count":2,"href":"https:\/\/datemobs.com\/sv\/wp-json\/wp\/v2\/pages\/3\/revisions"}],"predecessor-version":[{"id":849,"href":"https:\/\/datemobs.com\/sv\/wp-json\/wp\/v2\/pages\/3\/revisions\/849"}],"wp:attachment":[{"href":"https:\/\/datemobs.com\/sv\/wp-json\/wp\/v2\/media?parent=3"}],"curies":[{"name":"wp","href":"https:\/\/api.w.org\/{rel}","templated":true}]}}