{"id":819,"date":"2022-11-08T18:30:39","date_gmt":"2022-11-08T18:30:39","guid":{"rendered":"https:\/\/sites.generatepress.com\/info\/?page_id=819"},"modified":"2025-03-22T05:35:13","modified_gmt":"2025-03-22T05:35:13","slug":"vilka-vi-ar","status":"publish","type":"page","link":"https:\/\/datemobs.com\/sv\/quem-somos\/","title":{"rendered":"Vilka vi \u00e4r"},"content":{"rendered":"<p>V\u00e4lkommen till <strong>DateMobs.com<\/strong>, din nya plattform f\u00f6r att sammankoppla m\u00e4nniskor p\u00e5 ett autentiskt och roligt s\u00e4tt! H\u00e4r p\u00e5 <strong>DateMobs<\/strong>Vi tror att m\u00e4nskliga kontakter \u00e4r livets essens, och v\u00e5rt uppdrag \u00e4r att g\u00f6ra dessa kontakter mer tillg\u00e4ngliga och meningsfulla f\u00f6r alla.<\/p>\n\n\n\n<h2 class=\"wp-block-heading\">V\u00e5rt uppdrag<\/h2>\n\n\n\n<p>Vi vill f\u00f6r\u00e4ndra hur m\u00e4nniskor m\u00f6ts och interagerar online. Vi kombinerar den senaste tekniken med en m\u00e4nsklig touch f\u00f6r att s\u00e4kerst\u00e4lla att du hittar den d\u00e4r speciella personen p\u00e5 ett enkelt, s\u00e4kert och meningsfullt s\u00e4tt.<\/p>\n\n\n\n<h2 class=\"wp-block-heading\">Vad som g\u00f6r oss annorlunda<\/h2>\n\n\n\n<ul class=\"wp-block-list\">\n<li><strong>S\u00e4kerhet f\u00f6rst:<\/strong> Vi tar din integritet och s\u00e4kerhet p\u00e5 st\u00f6rsta allvar och anv\u00e4nder de b\u00e4sta dataskyddsfunktionerna p\u00e5 marknaden.<\/li>\n\n\n\n<li><strong>Autentiska profiler:<\/strong> V\u00e5r plattform uppmuntrar till skapandet av riktiga profiler och verifieringar s\u00e5 att du interagerar med genuina m\u00e4nniskor.<\/li>\n\n\n\n<li><strong>Interaktivitet:<\/strong> Moderna, dynamiska funktioner som korta videor och kreativa budskap hj\u00e4lper dig att sticka ut och uttrycka dig sj\u00e4lv.<\/li>\n<\/ul>\n\n\n\n<h2 class=\"wp-block-heading\">V\u00e5r historia<\/h2>\n\n\n\n<p>DE <strong>DateMobs <\/strong>f\u00f6ddes ur id\u00e9n att skapa en l\u00e4ttare och enklare dejtingupplevelse online som \u00e4r anpassad till m\u00e4nniskors verkliga behov. Fr\u00e5n b\u00f6rjan har vi str\u00e4vat efter att erbjuda en milj\u00f6 d\u00e4r du kan vara dig sj\u00e4lv och hitta genuina kontakter.<\/p>\n\n\n\n<h2 class=\"wp-block-heading\">Varf\u00f6r v\u00e4lja <strong>DateMobs<\/strong>?<\/h2>\n\n\n\n<p>Oavsett om du \u00e4r ny i dejtingappv\u00e4rlden eller en veteran som letar efter n\u00e5got annorlunda, <strong>DateMobs <\/strong>erbjudanden:<\/p>\n\n\n\n<ul class=\"wp-block-list\">\n<li>En intuitiv och problemfri upplevelse.<\/li>\n\n\n\n<li>Engagerad och m\u00e5ngfaldig gemenskap.<\/li>\n\n\n\n<li>Verktyg som verkligen hj\u00e4lper dig att skapa band och minnen.<\/li>\n<\/ul>\n\n\n\n<p>Kom och bli en del av v\u00e5r gemenskap och uppt\u00e4ck hur <strong>DateMobs <\/strong>kan f\u00f6r\u00e4ndra ditt k\u00e4rleksliv. Vi finns h\u00e4r f\u00f6r att hj\u00e4lpa dig skriva din n\u00e4sta k\u00e4rlekshistoria \u2013 eller bara hitta s\u00e4llskap f\u00f6r goda skratt och of\u00f6rgl\u00f6mliga stunder.<\/p>\n\n\n\n<p><strong>DateMobs.com<\/strong>D\u00e4r sanna kontakter b\u00f6rjar!<\/p>","protected":false},"excerpt":{"rendered":"<p>Bem-vindo ao DateMobs.com, a sua nova plataforma para conectar pessoas de forma aut\u00eantica e divertida! Aqui na DateMobs, acreditamos que as conex\u00f5es humanas s\u00e3o a ess\u00eancia da vida, e nossa miss\u00e3o \u00e9 tornar essas conex\u00f5es mais acess\u00edveis e significativas para todos. Nossa Miss\u00e3o Queremos transformar a maneira como as pessoas se encontram e interagem online. &#8230; <a title=\"Vilka vi \u00e4r\" class=\"read-more\" href=\"https:\/\/datemobs.com\/sv\/quem-somos\/\" aria-label=\"L\u00e4s mer om Quem Somos\">l\u00e4s mer<\/a><\/p>","protected":false},"author":1,"featured_media":0,"parent":0,"menu_order":0,"comment_status":"closed","ping_status":"closed","template":"","meta":{"footnotes":""},"class_list":["post-819","page","type-page","status-publish"],"_links":{"self":[{"href":"https:\/\/datemobs.com\/sv\/wp-json\/wp\/v2\/pages\/819","targetHints":{"allow":["GET"]}}],"collection":[{"href":"https:\/\/datemobs.com\/sv\/wp-json\/wp\/v2\/pages"}],"about":[{"href":"https:\/\/datemobs.com\/sv\/wp-json\/wp\/v2\/types\/page"}],"author":[{"embeddable":true,"href":"https:\/\/datemobs.com\/sv\/wp-json\/wp\/v2\/users\/1"}],"replies":[{"embeddable":true,"href":"https:\/\/datemobs.com\/sv\/wp-json\/wp\/v2\/comments?post=819"}],"version-history":[{"count":5,"href":"https:\/\/datemobs.com\/sv\/wp-json\/wp\/v2\/pages\/819\/revisions"}],"predecessor-version":[{"id":847,"href":"https:\/\/datemobs.com\/sv\/wp-json\/wp\/v2\/pages\/819\/revisions\/847"}],"wp:attachment":[{"href":"https:\/\/datemobs.com\/sv\/wp-json\/wp\/v2\/media?parent=819"}],"curies":[{"name":"wp","href":"https:\/\/api.w.org\/{rel}","templated":true}]}}