{"id":3,"date":"2025-03-22T05:11:17","date_gmt":"2025-03-22T05:11:17","guid":{"rendered":"https:\/\/datemobs.com\/?page_id=3"},"modified":"2025-03-22T05:38:42","modified_gmt":"2025-03-22T05:38:42","slug":"%e0%b8%99%e0%b9%82%e0%b8%a2%e0%b8%9a%e0%b8%b2%e0%b8%a2%e0%b8%84%e0%b8%a7%e0%b8%b2%e0%b8%a1%e0%b9%80%e0%b8%9b%e0%b9%87%e0%b8%99%e0%b8%aa%e0%b9%88%e0%b8%a7%e0%b8%99%e0%b8%95%e0%b8%b1%e0%b8%a7","status":"publish","type":"page","link":"https:\/\/datemobs.com\/th\/%e0%b8%99%e0%b9%82%e0%b8%a2%e0%b8%9a%e0%b8%b2%e0%b8%a2%e0%b8%84%e0%b8%a7%e0%b8%b2%e0%b8%a1%e0%b9%80%e0%b8%9b%e0%b9%87%e0%b8%99%e0%b8%aa%e0%b9%88%e0%b8%a7%e0%b8%99%e0%b8%95%e0%b8%b1%e0%b8%a7\/","title":{"rendered":"\u0e19\u0e42\u0e22\u0e1a\u0e32\u0e22\u0e04\u0e27\u0e32\u0e21\u0e40\u0e1b\u0e47\u0e19\u0e2a\u0e48\u0e27\u0e19\u0e15\u0e31\u0e27"},"content":{"rendered":"<p><span style=\"color: #444444;\">\u0e04\u0e27\u0e32\u0e21\u0e40\u0e1b\u0e47\u0e19\u0e2a\u0e48\u0e27\u0e19\u0e15\u0e31\u0e27\u0e02\u0e2d\u0e07\u0e04\u0e38\u0e13\u0e21\u0e35\u0e04\u0e27\u0e32\u0e21\u0e2a\u0e33\u0e04\u0e31\u0e0d\u0e15\u0e48\u0e2d\u0e40\u0e23\u0e32 \u0e21\u0e31\u0e19\u0e40\u0e1b\u0e47\u0e19\u0e19\u0e42\u0e22\u0e1a\u0e32\u0e22\u0e02\u0e2d\u0e07 <strong>\u0e40\u0e14\u0e17\u0e21\u0e47\u0e2d\u0e1a<\/strong> \u0e40\u0e04\u0e32\u0e23\u0e1e\u0e04\u0e27\u0e32\u0e21\u0e40\u0e1b\u0e47\u0e19\u0e2a\u0e48\u0e27\u0e19\u0e15\u0e31\u0e27\u0e02\u0e2d\u0e07\u0e04\u0e38\u0e13\u0e40\u0e01\u0e35\u0e48\u0e22\u0e27\u0e01\u0e31\u0e1a\u0e02\u0e49\u0e2d\u0e21\u0e39\u0e25\u0e43\u0e14 \u0e46 \u0e17\u0e35\u0e48\u0e40\u0e23\u0e32\u0e2d\u0e32\u0e08\u0e23\u0e27\u0e1a\u0e23\u0e27\u0e21\u0e08\u0e32\u0e01\u0e04\u0e38\u0e13\u0e1a\u0e19\u0e40\u0e27\u0e47\u0e1a\u0e44\u0e0b\u0e15\u0e4c <strong><a href=\"\/th\/datemobs.com\/\">\u0e40\u0e14\u0e17\u0e21\u0e47\u0e2d\u0e1a<\/a><\/strong>\u0e41\u0e25\u0e30\u0e40\u0e27\u0e47\u0e1a\u0e44\u0e0b\u0e15\u0e4c\u0e2d\u0e37\u0e48\u0e19\u0e46 \u0e17\u0e35\u0e48\u0e40\u0e23\u0e32\u0e40\u0e1b\u0e47\u0e19\u0e40\u0e08\u0e49\u0e32\u0e02\u0e2d\u0e07\u0e41\u0e25\u0e30\u0e14\u0e33\u0e40\u0e19\u0e34\u0e19\u0e01\u0e32\u0e23<\/span><\/p>\n<p><span style=\"color: #444444;\">\u0e40\u0e23\u0e32\u0e08\u0e30\u0e02\u0e2d\u0e02\u0e49\u0e2d\u0e21\u0e39\u0e25\u0e2a\u0e48\u0e27\u0e19\u0e15\u0e31\u0e27\u0e40\u0e09\u0e1e\u0e32\u0e30\u0e40\u0e21\u0e37\u0e48\u0e2d\u0e08\u0e33\u0e40\u0e1b\u0e47\u0e19\u0e15\u0e49\u0e2d\u0e07\u0e43\u0e0a\u0e49\u0e02\u0e49\u0e2d\u0e21\u0e39\u0e25\u0e14\u0e31\u0e07\u0e01\u0e25\u0e48\u0e32\u0e27\u0e40\u0e1e\u0e37\u0e48\u0e2d\u0e43\u0e2b\u0e49\u0e1a\u0e23\u0e34\u0e01\u0e32\u0e23\u0e41\u0e01\u0e48\u0e04\u0e38\u0e13\u0e40\u0e17\u0e48\u0e32\u0e19\u0e31\u0e49\u0e19 \u0e40\u0e23\u0e32\u0e17\u0e33\u0e40\u0e0a\u0e48\u0e19\u0e19\u0e31\u0e49\u0e19\u0e14\u0e49\u0e27\u0e22\u0e27\u0e34\u0e18\u0e35\u0e01\u0e32\u0e23\u0e17\u0e35\u0e48\u0e22\u0e38\u0e15\u0e34\u0e18\u0e23\u0e23\u0e21\u0e41\u0e25\u0e30\u0e16\u0e39\u0e01\u0e15\u0e49\u0e2d\u0e07\u0e15\u0e32\u0e21\u0e01\u0e0e\u0e2b\u0e21\u0e32\u0e22 \u0e42\u0e14\u0e22\u0e44\u0e14\u0e49\u0e23\u0e31\u0e1a\u0e04\u0e27\u0e32\u0e21\u0e23\u0e39\u0e49\u0e41\u0e25\u0e30\u0e04\u0e27\u0e32\u0e21\u0e22\u0e34\u0e19\u0e22\u0e2d\u0e21\u0e08\u0e32\u0e01\u0e04\u0e38\u0e13 \u0e40\u0e23\u0e32\u0e08\u0e30\u0e41\u0e08\u0e49\u0e07\u0e43\u0e2b\u0e49\u0e04\u0e38\u0e13\u0e17\u0e23\u0e32\u0e1a\u0e14\u0e49\u0e27\u0e22\u0e27\u0e48\u0e32\u0e40\u0e2b\u0e15\u0e38\u0e43\u0e14\u0e40\u0e23\u0e32\u0e08\u0e36\u0e07\u0e23\u0e27\u0e1a\u0e23\u0e27\u0e21\u0e02\u0e49\u0e2d\u0e21\u0e39\u0e25\u0e14\u0e31\u0e07\u0e01\u0e25\u0e48\u0e32\u0e27\u0e41\u0e25\u0e30\u0e08\u0e30\u0e19\u0e33\u0e44\u0e1b\u0e43\u0e0a\u0e49\u0e40\u0e1e\u0e37\u0e48\u0e2d\u0e2d\u0e30\u0e44\u0e23<\/span><\/p>\n<p><span style=\"color: #444444;\">\u0e40\u0e23\u0e32\u0e08\u0e30\u0e40\u0e01\u0e47\u0e1a\u0e23\u0e31\u0e01\u0e29\u0e32\u0e02\u0e49\u0e2d\u0e21\u0e39\u0e25\u0e17\u0e35\u0e48\u0e23\u0e27\u0e1a\u0e23\u0e27\u0e21\u0e44\u0e27\u0e49\u0e40\u0e09\u0e1e\u0e32\u0e30\u0e40\u0e17\u0e48\u0e32\u0e17\u0e35\u0e48\u0e08\u0e33\u0e40\u0e1b\u0e47\u0e19\u0e40\u0e1e\u0e37\u0e48\u0e2d\u0e43\u0e2b\u0e49\u0e1a\u0e23\u0e34\u0e01\u0e32\u0e23\u0e04\u0e38\u0e13\u0e15\u0e32\u0e21\u0e17\u0e35\u0e48\u0e23\u0e49\u0e2d\u0e07\u0e02\u0e2d\u0e40\u0e17\u0e48\u0e32\u0e19\u0e31\u0e49\u0e19 \u0e02\u0e49\u0e2d\u0e21\u0e39\u0e25\u0e43\u0e14 \u0e46 \u0e17\u0e35\u0e48\u0e40\u0e23\u0e32\u0e08\u0e31\u0e14\u0e40\u0e01\u0e47\u0e1a \u0e40\u0e23\u0e32\u0e08\u0e30\u0e1b\u0e01\u0e1b\u0e49\u0e2d\u0e07\u0e14\u0e49\u0e27\u0e22\u0e27\u0e34\u0e18\u0e35\u0e01\u0e32\u0e23\u0e17\u0e35\u0e48\u0e22\u0e2d\u0e21\u0e23\u0e31\u0e1a\u0e44\u0e14\u0e49\u0e43\u0e19\u0e40\u0e0a\u0e34\u0e07\u0e1e\u0e32\u0e13\u0e34\u0e0a\u0e22\u0e4c\u0e40\u0e1e\u0e37\u0e48\u0e2d\u0e1b\u0e49\u0e2d\u0e07\u0e01\u0e31\u0e19\u0e01\u0e32\u0e23\u0e2a\u0e39\u0e0d\u0e2b\u0e32\u0e22\u0e41\u0e25\u0e30\u0e01\u0e32\u0e23\u0e42\u0e08\u0e23\u0e01\u0e23\u0e23\u0e21 \u0e23\u0e27\u0e21\u0e16\u0e36\u0e07\u0e01\u0e32\u0e23\u0e40\u0e02\u0e49\u0e32\u0e16\u0e36\u0e07 \u0e01\u0e32\u0e23\u0e40\u0e1b\u0e34\u0e14\u0e40\u0e1c\u0e22 \u0e01\u0e32\u0e23\u0e04\u0e31\u0e14\u0e25\u0e2d\u0e01 \u0e01\u0e32\u0e23\u0e43\u0e0a\u0e49 \u0e2b\u0e23\u0e37\u0e2d\u0e01\u0e32\u0e23\u0e41\u0e01\u0e49\u0e44\u0e02\u0e17\u0e35\u0e48\u0e44\u0e21\u0e48\u0e44\u0e14\u0e49\u0e23\u0e31\u0e1a\u0e2d\u0e19\u0e38\u0e0d\u0e32\u0e15<\/span><\/p>\n<p><span style=\"color: #444444;\">\u0e40\u0e23\u0e32\u0e08\u0e30\u0e44\u0e21\u0e48\u0e41\u0e1a\u0e48\u0e07\u0e1b\u0e31\u0e19\u0e02\u0e49\u0e2d\u0e21\u0e39\u0e25\u0e23\u0e30\u0e1a\u0e38\u0e15\u0e31\u0e27\u0e15\u0e19\u0e2a\u0e48\u0e27\u0e19\u0e1a\u0e38\u0e04\u0e04\u0e25\u0e43\u0e14 \u0e46 \u0e15\u0e48\u0e2d\u0e2a\u0e32\u0e18\u0e32\u0e23\u0e13\u0e30\u0e2b\u0e23\u0e37\u0e2d\u0e01\u0e31\u0e1a\u0e1a\u0e38\u0e04\u0e04\u0e25\u0e17\u0e35\u0e48\u0e2a\u0e32\u0e21 \u0e22\u0e01\u0e40\u0e27\u0e49\u0e19\u0e43\u0e19\u0e01\u0e23\u0e13\u0e35\u0e17\u0e35\u0e48\u0e01\u0e0e\u0e2b\u0e21\u0e32\u0e22\u0e01\u0e33\u0e2b\u0e19\u0e14<\/span><\/p>\n<p><span style=\"color: #444444;\">\u0e40\u0e27\u0e47\u0e1a\u0e44\u0e0b\u0e15\u0e4c\u0e02\u0e2d\u0e07\u0e40\u0e23\u0e32\u0e2d\u0e32\u0e08\u0e21\u0e35\u0e25\u0e34\u0e07\u0e01\u0e4c\u0e44\u0e1b\u0e22\u0e31\u0e07\u0e40\u0e27\u0e47\u0e1a\u0e44\u0e0b\u0e15\u0e4c\u0e20\u0e32\u0e22\u0e19\u0e2d\u0e01\u0e17\u0e35\u0e48\u0e44\u0e21\u0e48\u0e44\u0e14\u0e49\u0e14\u0e33\u0e40\u0e19\u0e34\u0e19\u0e01\u0e32\u0e23\u0e42\u0e14\u0e22\u0e40\u0e23\u0e32 \u0e42\u0e1b\u0e23\u0e14\u0e17\u0e23\u0e32\u0e1a\u0e27\u0e48\u0e32\u0e40\u0e23\u0e32\u0e44\u0e21\u0e48\u0e2a\u0e32\u0e21\u0e32\u0e23\u0e16\u0e04\u0e27\u0e1a\u0e04\u0e38\u0e21\u0e40\u0e19\u0e37\u0e49\u0e2d\u0e2b\u0e32\u0e41\u0e25\u0e30\u0e01\u0e32\u0e23\u0e1b\u0e0f\u0e34\u0e1a\u0e31\u0e15\u0e34\u0e02\u0e2d\u0e07\u0e44\u0e0b\u0e15\u0e4c\u0e40\u0e2b\u0e25\u0e48\u0e32\u0e19\u0e35\u0e49\u0e44\u0e14\u0e49 \u0e41\u0e25\u0e30\u0e44\u0e21\u0e48\u0e2a\u0e32\u0e21\u0e32\u0e23\u0e16\u0e23\u0e31\u0e1a\u0e1c\u0e34\u0e14\u0e0a\u0e2d\u0e1a\u0e15\u0e48\u0e2d\u0e40\u0e19\u0e37\u0e49\u0e2d\u0e2b\u0e32\u0e41\u0e25\u0e30\u0e01\u0e32\u0e23\u0e1b\u0e0f\u0e34\u0e1a\u0e31\u0e15\u0e34\u0e40\u0e2b\u0e25\u0e48\u0e32\u0e19\u0e31\u0e49\u0e19\u0e44\u0e14\u0e49\u00a0<\/span><a style=\"background-color: transparent; color: #444444;\" href=\"https:\/\/politicaprivacidade.com\/\" target=\"_blank\" rel=\"noopener noreferrer\">\u0e19\u0e42\u0e22\u0e1a\u0e32\u0e22\u0e04\u0e27\u0e32\u0e21\u0e40\u0e1b\u0e47\u0e19\u0e2a\u0e48\u0e27\u0e19\u0e15\u0e31\u0e27<\/a><span style=\"color: #444444;\">.<\/span><\/p>\n<p><span style=\"color: #444444;\">\u0e04\u0e38\u0e13\u0e21\u0e35\u0e2d\u0e34\u0e2a\u0e23\u0e30\u0e17\u0e35\u0e48\u0e08\u0e30\u0e1b\u0e0f\u0e34\u0e40\u0e2a\u0e18\u0e04\u0e33\u0e02\u0e2d\u0e02\u0e49\u0e2d\u0e21\u0e39\u0e25\u0e2a\u0e48\u0e27\u0e19\u0e1a\u0e38\u0e04\u0e04\u0e25\u0e02\u0e2d\u0e07\u0e40\u0e23\u0e32 \u0e42\u0e14\u0e22\u0e40\u0e02\u0e49\u0e32\u0e43\u0e08\u0e27\u0e48\u0e32\u0e40\u0e23\u0e32\u0e2d\u0e32\u0e08\u0e44\u0e21\u0e48\u0e2a\u0e32\u0e21\u0e32\u0e23\u0e16\u0e43\u0e2b\u0e49\u0e1a\u0e23\u0e34\u0e01\u0e32\u0e23\u0e1a\u0e32\u0e07\u0e2d\u0e22\u0e48\u0e32\u0e07\u0e15\u0e32\u0e21\u0e17\u0e35\u0e48\u0e04\u0e38\u0e13\u0e15\u0e49\u0e2d\u0e07\u0e01\u0e32\u0e23\u0e44\u0e14\u0e49<\/span><\/p>\n<p><span style=\"color: #444444;\">\u0e01\u0e32\u0e23\u0e43\u0e0a\u0e49\u0e07\u0e32\u0e19\u0e40\u0e27\u0e47\u0e1a\u0e44\u0e0b\u0e15\u0e4c\u0e02\u0e2d\u0e07\u0e40\u0e23\u0e32\u0e15\u0e48\u0e2d\u0e08\u0e30\u0e16\u0e37\u0e2d\u0e40\u0e1b\u0e47\u0e19\u0e01\u0e32\u0e23\u0e22\u0e2d\u0e21\u0e23\u0e31\u0e1a\u0e41\u0e19\u0e27\u0e17\u0e32\u0e07\u0e1b\u0e0f\u0e34\u0e1a\u0e31\u0e15\u0e34\u0e02\u0e2d\u0e07\u0e40\u0e23\u0e32\u0e40\u0e01\u0e35\u0e48\u0e22\u0e27\u0e01\u0e31\u0e1a\u0e04\u0e27\u0e32\u0e21\u0e40\u0e1b\u0e47\u0e19\u0e2a\u0e48\u0e27\u0e19\u0e15\u0e31\u0e27\u0e41\u0e25\u0e30\u0e02\u0e49\u0e2d\u0e21\u0e39\u0e25\u0e2a\u0e48\u0e27\u0e19\u0e1a\u0e38\u0e04\u0e04\u0e25 \u0e2b\u0e32\u0e01\u0e04\u0e38\u0e13\u0e21\u0e35\u0e04\u0e33\u0e16\u0e32\u0e21\u0e40\u0e01\u0e35\u0e48\u0e22\u0e27\u0e01\u0e31\u0e1a\u0e27\u0e34\u0e18\u0e35\u0e01\u0e32\u0e23\u0e08\u0e31\u0e14\u0e01\u0e32\u0e23\u0e02\u0e49\u0e2d\u0e21\u0e39\u0e25\u0e1c\u0e39\u0e49\u0e43\u0e0a\u0e49\u0e41\u0e25\u0e30\u0e02\u0e49\u0e2d\u0e21\u0e39\u0e25\u0e2a\u0e48\u0e27\u0e19\u0e1a\u0e38\u0e04\u0e04\u0e25 \u0e42\u0e1b\u0e23\u0e14\u0e15\u0e34\u0e14\u0e15\u0e48\u0e2d\u0e40\u0e23\u0e32<\/span><\/p>\n<ul>\n<li><span style=\"color: #444444;\">\u0e1a\u0e23\u0e34\u0e01\u0e32\u0e23 Google AdSense \u0e17\u0e35\u0e48\u0e40\u0e23\u0e32\u0e43\u0e0a\u0e49\u0e43\u0e19\u0e01\u0e32\u0e23\u0e41\u0e2a\u0e14\u0e07\u0e42\u0e06\u0e29\u0e13\u0e32\u0e43\u0e0a\u0e49\u0e04\u0e38\u0e01\u0e01\u0e35\u0e49 DoubleClick \u0e40\u0e1e\u0e37\u0e48\u0e2d\u0e41\u0e2a\u0e14\u0e07\u0e42\u0e06\u0e29\u0e13\u0e32\u0e17\u0e35\u0e48\u0e21\u0e35\u0e04\u0e27\u0e32\u0e21\u0e40\u0e01\u0e35\u0e48\u0e22\u0e27\u0e02\u0e49\u0e2d\u0e07\u0e21\u0e32\u0e01\u0e02\u0e36\u0e49\u0e19\u0e17\u0e31\u0e48\u0e27\u0e17\u0e31\u0e49\u0e07\u0e40\u0e27\u0e47\u0e1a\u0e41\u0e25\u0e30\u0e08\u0e33\u0e01\u0e31\u0e14\u0e08\u0e33\u0e19\u0e27\u0e19\u0e04\u0e23\u0e31\u0e49\u0e07\u0e17\u0e35\u0e48\u0e42\u0e06\u0e29\u0e13\u0e32\u0e17\u0e35\u0e48\u0e01\u0e33\u0e2b\u0e19\u0e14\u0e08\u0e30\u0e41\u0e2a\u0e14\u0e07\u0e43\u0e2b\u0e49\u0e04\u0e38\u0e13\u0e40\u0e2b\u0e47\u0e19<\/span><\/li>\n<li><span style=\"color: #444444;\">\u0e2a\u0e33\u0e2b\u0e23\u0e31\u0e1a\u0e02\u0e49\u0e2d\u0e21\u0e39\u0e25\u0e40\u0e1e\u0e34\u0e48\u0e21\u0e40\u0e15\u0e34\u0e21\u0e40\u0e01\u0e35\u0e48\u0e22\u0e27\u0e01\u0e31\u0e1a Google AdSense \u0e42\u0e1b\u0e23\u0e14\u0e14\u0e39\u0e04\u0e33\u0e16\u0e32\u0e21\u0e17\u0e35\u0e48\u0e1e\u0e1a\u0e1a\u0e48\u0e2d\u0e22\u0e40\u0e01\u0e35\u0e48\u0e22\u0e27\u0e01\u0e31\u0e1a\u0e04\u0e27\u0e32\u0e21\u0e40\u0e1b\u0e47\u0e19\u0e2a\u0e48\u0e27\u0e19\u0e15\u0e31\u0e27\u0e02\u0e2d\u0e07 Google AdSense \u0e2d\u0e22\u0e48\u0e32\u0e07\u0e40\u0e1b\u0e47\u0e19\u0e17\u0e32\u0e07\u0e01\u0e32\u0e23<\/span><\/li>\n<li><span style=\"color: #444444;\">\u0e40\u0e23\u0e32\u0e43\u0e0a\u0e49\u0e42\u0e06\u0e29\u0e13\u0e32\u0e40\u0e1e\u0e37\u0e48\u0e2d\u0e0a\u0e14\u0e40\u0e0a\u0e22\u0e04\u0e48\u0e32\u0e43\u0e0a\u0e49\u0e08\u0e48\u0e32\u0e22\u0e43\u0e19\u0e01\u0e32\u0e23\u0e14\u0e33\u0e40\u0e19\u0e34\u0e19\u0e01\u0e32\u0e23\u0e40\u0e27\u0e47\u0e1a\u0e44\u0e0b\u0e15\u0e4c\u0e19\u0e35\u0e49\u0e41\u0e25\u0e30\u0e08\u0e31\u0e14\u0e2b\u0e32\u0e40\u0e07\u0e34\u0e19\u0e17\u0e38\u0e19\u0e2a\u0e33\u0e2b\u0e23\u0e31\u0e1a\u0e01\u0e32\u0e23\u0e1e\u0e31\u0e12\u0e19\u0e32\u0e43\u0e19\u0e2d\u0e19\u0e32\u0e04\u0e15 \u0e04\u0e38\u0e01\u0e01\u0e35\u0e49\u0e42\u0e06\u0e29\u0e13\u0e32\u0e15\u0e32\u0e21\u0e1e\u0e24\u0e15\u0e34\u0e01\u0e23\u0e23\u0e21\u0e17\u0e35\u0e48\u0e43\u0e0a\u0e49\u0e42\u0e14\u0e22\u0e44\u0e0b\u0e15\u0e4c\u0e19\u0e35\u0e49\u0e44\u0e14\u0e49\u0e23\u0e31\u0e1a\u0e01\u0e32\u0e23\u0e2d\u0e2d\u0e01\u0e41\u0e1a\u0e1a\u0e21\u0e32\u0e40\u0e1e\u0e37\u0e48\u0e2d\u0e43\u0e2b\u0e49\u0e41\u0e19\u0e48\u0e43\u0e08\u0e27\u0e48\u0e32\u0e40\u0e23\u0e32\u0e43\u0e2b\u0e49\u0e42\u0e06\u0e29\u0e13\u0e32\u0e17\u0e35\u0e48\u0e40\u0e01\u0e35\u0e48\u0e22\u0e27\u0e02\u0e49\u0e2d\u0e07\u0e01\u0e31\u0e1a\u0e04\u0e38\u0e13\u0e21\u0e32\u0e01\u0e17\u0e35\u0e48\u0e2a\u0e38\u0e14\u0e40\u0e17\u0e48\u0e32\u0e17\u0e35\u0e48\u0e08\u0e30\u0e40\u0e1b\u0e47\u0e19\u0e44\u0e1b\u0e44\u0e14\u0e49\u0e42\u0e14\u0e22\u0e01\u0e32\u0e23\u0e15\u0e34\u0e14\u0e15\u0e32\u0e21\u0e04\u0e27\u0e32\u0e21\u0e2a\u0e19\u0e43\u0e08\u0e02\u0e2d\u0e07\u0e04\u0e38\u0e13\u0e42\u0e14\u0e22\u0e44\u0e21\u0e48\u0e40\u0e1b\u0e34\u0e14\u0e40\u0e1c\u0e22\u0e15\u0e31\u0e27\u0e15\u0e19\u0e41\u0e25\u0e30\u0e19\u0e33\u0e40\u0e2a\u0e19\u0e2d\u0e2a\u0e34\u0e48\u0e07\u0e17\u0e35\u0e48\u0e04\u0e25\u0e49\u0e32\u0e22\u0e04\u0e25\u0e36\u0e07\u0e01\u0e31\u0e19\u0e17\u0e35\u0e48\u0e2d\u0e32\u0e08\u0e40\u0e1b\u0e47\u0e19\u0e17\u0e35\u0e48\u0e2a\u0e19\u0e43\u0e08<\/span><\/li>\n<li><span style=\"color: #444444;\">\u0e1e\u0e31\u0e19\u0e18\u0e21\u0e34\u0e15\u0e23\u0e2b\u0e25\u0e32\u0e22\u0e23\u0e32\u0e22\u0e25\u0e07\u0e42\u0e06\u0e29\u0e13\u0e32\u0e43\u0e19\u0e19\u0e32\u0e21\u0e02\u0e2d\u0e07\u0e40\u0e23\u0e32 \u0e41\u0e25\u0e30\u0e04\u0e38\u0e01\u0e01\u0e35\u0e49\u0e01\u0e32\u0e23\u0e15\u0e34\u0e14\u0e15\u0e32\u0e21\u0e1e\u0e31\u0e19\u0e18\u0e21\u0e34\u0e15\u0e23\u0e0a\u0e48\u0e27\u0e22\u0e43\u0e2b\u0e49\u0e40\u0e23\u0e32\u0e23\u0e39\u0e49\u0e27\u0e48\u0e32\u0e25\u0e39\u0e01\u0e04\u0e49\u0e32\u0e02\u0e2d\u0e07\u0e40\u0e23\u0e32\u0e40\u0e02\u0e49\u0e32\u0e21\u0e32\u0e17\u0e35\u0e48\u0e44\u0e0b\u0e15\u0e4c\u0e1c\u0e48\u0e32\u0e19\u0e17\u0e32\u0e07\u0e44\u0e0b\u0e15\u0e4c\u0e1e\u0e31\u0e19\u0e18\u0e21\u0e34\u0e15\u0e23\u0e02\u0e2d\u0e07\u0e40\u0e23\u0e32\u0e2b\u0e23\u0e37\u0e2d\u0e44\u0e21\u0e48 \u0e40\u0e1e\u0e37\u0e48\u0e2d\u0e17\u0e35\u0e48\u0e40\u0e23\u0e32\u0e08\u0e30\u0e44\u0e14\u0e49\u0e43\u0e2b\u0e49\u0e40\u0e04\u0e23\u0e14\u0e34\u0e15\u0e1e\u0e27\u0e01\u0e40\u0e02\u0e32\u0e44\u0e14\u0e49\u0e2d\u0e22\u0e48\u0e32\u0e07\u0e40\u0e2b\u0e21\u0e32\u0e30\u0e2a\u0e21 \u0e41\u0e25\u0e30\u0e43\u0e19\u0e01\u0e23\u0e13\u0e35\u0e17\u0e35\u0e48\u0e40\u0e01\u0e35\u0e48\u0e22\u0e27\u0e02\u0e49\u0e2d\u0e07 \u0e2d\u0e19\u0e38\u0e0d\u0e32\u0e15\u0e43\u0e2b\u0e49\u0e1e\u0e31\u0e19\u0e18\u0e21\u0e34\u0e15\u0e23\u0e1e\u0e31\u0e19\u0e18\u0e21\u0e34\u0e15\u0e23\u0e02\u0e2d\u0e07\u0e40\u0e23\u0e32\u0e21\u0e2d\u0e1a\u0e42\u0e1a\u0e19\u0e31\u0e2a\u0e17\u0e35\u0e48\u0e2d\u0e32\u0e08\u0e21\u0e2d\u0e1a\u0e43\u0e2b\u0e49\u0e04\u0e38\u0e13\u0e2a\u0e33\u0e2b\u0e23\u0e31\u0e1a\u0e01\u0e32\u0e23\u0e0b\u0e37\u0e49\u0e2d\u0e2a\u0e34\u0e19\u0e04\u0e49\u0e32<\/span><\/li>\n<\/ul>\n<h3><strong><span style=\"color: #444444;\">\u0e04\u0e27\u0e32\u0e21\u0e21\u0e38\u0e48\u0e07\u0e21\u0e31\u0e48\u0e19\u0e02\u0e2d\u0e07\u0e1c\u0e39\u0e49\u0e43\u0e0a\u0e49<\/span><\/strong><\/h3>\n<p><span style=\"color: #444444;\">\u0e1c\u0e39\u0e49\u0e43\u0e0a\u0e49\u0e15\u0e01\u0e25\u0e07\u0e17\u0e35\u0e48\u0e08\u0e30\u0e43\u0e0a\u0e49\u0e40\u0e19\u0e37\u0e49\u0e2d\u0e2b\u0e32\u0e41\u0e25\u0e30\u0e02\u0e49\u0e2d\u0e21\u0e39\u0e25\u0e2d\u0e22\u0e48\u0e32\u0e07\u0e40\u0e2b\u0e21\u0e32\u0e30\u0e2a\u0e21 <strong>\u0e40\u0e14\u0e17\u0e21\u0e47\u0e2d\u0e1a<\/strong> \u0e02\u0e49\u0e2d\u0e40\u0e2a\u0e19\u0e2d\u0e1a\u0e19\u0e40\u0e27\u0e47\u0e1a\u0e44\u0e0b\u0e15\u0e4c\u0e41\u0e25\u0e30\u0e15\u0e31\u0e27\u0e2d\u0e22\u0e48\u0e32\u0e07\u0e40\u0e0a\u0e48\u0e19 \u0e41\u0e15\u0e48\u0e44\u0e21\u0e48\u0e08\u0e33\u0e01\u0e31\u0e14\u0e40\u0e1e\u0e35\u0e22\u0e07:<\/span><\/p>\n<ul>\n<li><span style=\"color: #444444;\">\u0e01) \u0e44\u0e21\u0e48\u0e01\u0e23\u0e30\u0e17\u0e33\u0e01\u0e34\u0e08\u0e01\u0e23\u0e23\u0e21\u0e2d\u0e31\u0e19\u0e1c\u0e34\u0e14\u0e01\u0e0e\u0e2b\u0e21\u0e32\u0e22\u0e2b\u0e23\u0e37\u0e2d\u0e02\u0e31\u0e14\u0e15\u0e48\u0e2d\u0e04\u0e27\u0e32\u0e21\u0e0b\u0e37\u0e48\u0e2d\u0e2a\u0e31\u0e15\u0e22\u0e4c\u0e2a\u0e38\u0e08\u0e23\u0e34\u0e15\u0e41\u0e25\u0e30\u0e04\u0e27\u0e32\u0e21\u0e2a\u0e07\u0e1a\u0e40\u0e23\u0e35\u0e22\u0e1a\u0e23\u0e49\u0e2d\u0e22\u0e02\u0e2d\u0e07\u0e1b\u0e23\u0e30\u0e0a\u0e32\u0e0a\u0e19<\/span><\/li>\n<li><span style=\"color: #444444;\">\u0e02) \u0e2b\u0e49\u0e32\u0e21\u0e40\u0e1c\u0e22\u0e41\u0e1e\u0e23\u0e48\u0e42\u0e06\u0e29\u0e13\u0e32\u0e0a\u0e27\u0e19\u0e40\u0e0a\u0e37\u0e48\u0e2d\u0e2b\u0e23\u0e37\u0e2d\u0e40\u0e19\u0e37\u0e49\u0e2d\u0e2b\u0e32\u0e17\u0e35\u0e48\u0e21\u0e35\u0e25\u0e31\u0e01\u0e29\u0e13\u0e30\u0e40\u0e2b\u0e22\u0e35\u0e22\u0e14\u0e40\u0e0a\u0e37\u0e49\u0e2d\u0e0a\u0e32\u0e15\u0e34\u0e2b\u0e23\u0e37\u0e2d\u0e15\u0e48\u0e2d\u0e15\u0e49\u0e32\u0e19\u0e0a\u0e32\u0e27\u0e15\u0e48\u0e32\u0e07\u0e0a\u0e32\u0e15\u0e34 <\/span><span style=\"color: #212529;\">166\u0e40\u0e1a\u0e47\u0e17<\/span><span style=\"color: #444444;\"> \u0e2b\u0e23\u0e37\u0e2d\u0e42\u0e0a\u0e04\u0e23\u0e49\u0e32\u0e22 \u0e2a\u0e37\u0e48\u0e2d\u0e25\u0e32\u0e21\u0e01\u0e2d\u0e19\u0e32\u0e08\u0e32\u0e23\u0e1c\u0e34\u0e14\u0e01\u0e0e\u0e2b\u0e21\u0e32\u0e22\u0e17\u0e38\u0e01\u0e1b\u0e23\u0e30\u0e40\u0e20\u0e17 \u0e40\u0e1e\u0e37\u0e48\u0e2d\u0e2a\u0e19\u0e31\u0e1a\u0e2a\u0e19\u0e38\u0e19\u0e01\u0e32\u0e23\u0e01\u0e48\u0e2d\u0e01\u0e32\u0e23\u0e23\u0e49\u0e32\u0e22\u0e2b\u0e23\u0e37\u0e2d\u0e15\u0e48\u0e2d\u0e15\u0e49\u0e32\u0e19\u0e2a\u0e34\u0e17\u0e18\u0e34\u0e21\u0e19\u0e38\u0e29\u0e22\u0e0a\u0e19<\/span><\/li>\n<li><span style=\"color: #444444;\">\u0e04) \u0e44\u0e21\u0e48\u0e01\u0e48\u0e2d\u0e43\u0e2b\u0e49\u0e40\u0e01\u0e34\u0e14\u0e04\u0e27\u0e32\u0e21\u0e40\u0e2a\u0e35\u0e22\u0e2b\u0e32\u0e22\u0e15\u0e48\u0e2d\u0e23\u0e30\u0e1a\u0e1a\u0e17\u0e32\u0e07\u0e01\u0e32\u0e22\u0e20\u0e32\u0e1e (\u0e2e\u0e32\u0e23\u0e4c\u0e14\u0e41\u0e27\u0e23\u0e4c) \u0e41\u0e25\u0e30\u0e23\u0e30\u0e1a\u0e1a\u0e25\u0e2d\u0e08\u0e34\u0e01 (\u0e0b\u0e2d\u0e1f\u0e15\u0e4c\u0e41\u0e27\u0e23\u0e4c) \u0e02\u0e2d\u0e07 <strong>\u0e40\u0e14\u0e17\u0e21\u0e47\u0e2d\u0e1a<\/strong>\u0e0b\u0e31\u0e1e\u0e1e\u0e25\u0e32\u0e22\u0e40\u0e2d\u0e2d\u0e23\u0e4c\u0e2b\u0e23\u0e37\u0e2d\u0e1a\u0e38\u0e04\u0e04\u0e25\u0e17\u0e35\u0e48\u0e2a\u0e32\u0e21 \u0e40\u0e1e\u0e37\u0e48\u0e2d\u0e19\u0e33\u0e40\u0e02\u0e49\u0e32\u0e2b\u0e23\u0e37\u0e2d\u0e40\u0e1c\u0e22\u0e41\u0e1e\u0e23\u0e48\u0e44\u0e27\u0e23\u0e31\u0e2a\u0e04\u0e2d\u0e21\u0e1e\u0e34\u0e27\u0e40\u0e15\u0e2d\u0e23\u0e4c\u0e2b\u0e23\u0e37\u0e2d\u0e2e\u0e32\u0e23\u0e4c\u0e14\u0e41\u0e27\u0e23\u0e4c\u0e2b\u0e23\u0e37\u0e2d\u0e0b\u0e2d\u0e1f\u0e15\u0e4c\u0e41\u0e27\u0e23\u0e4c\u0e23\u0e30\u0e1a\u0e1a\u0e2d\u0e37\u0e48\u0e19\u0e43\u0e14\u0e17\u0e35\u0e48\u0e2d\u0e32\u0e08\u0e17\u0e33\u0e43\u0e2b\u0e49\u0e40\u0e01\u0e34\u0e14\u0e04\u0e27\u0e32\u0e21\u0e40\u0e2a\u0e35\u0e22\u0e2b\u0e32\u0e22\u0e14\u0e31\u0e07\u0e01\u0e25\u0e48\u0e32\u0e27\u0e02\u0e49\u0e32\u0e07\u0e15\u0e49\u0e19<\/span><\/li>\n<\/ul>\n<h3><strong><span style=\"color: #444444;\">\u0e02\u0e49\u0e2d\u0e21\u0e39\u0e25\u0e40\u0e1e\u0e34\u0e48\u0e21\u0e40\u0e15\u0e34\u0e21<\/span><\/strong><\/h3>\n<p><span style=\"color: #444444;\">\u0e2b\u0e27\u0e31\u0e07\u0e27\u0e48\u0e32\u0e02\u0e49\u0e2d\u0e21\u0e39\u0e25\u0e19\u0e35\u0e49\u0e08\u0e30\u0e17\u0e33\u0e43\u0e2b\u0e49\u0e04\u0e38\u0e13\u0e40\u0e02\u0e49\u0e32\u0e43\u0e08\u0e0a\u0e31\u0e14\u0e40\u0e08\u0e19\u0e02\u0e36\u0e49\u0e19 \u0e41\u0e25\u0e30\u0e15\u0e32\u0e21\u0e17\u0e35\u0e48\u0e44\u0e14\u0e49\u0e01\u0e25\u0e48\u0e32\u0e27\u0e44\u0e1b\u0e01\u0e48\u0e2d\u0e19\u0e2b\u0e19\u0e49\u0e32\u0e19\u0e35\u0e49 \u0e2b\u0e32\u0e01\u0e21\u0e35\u0e1a\u0e32\u0e07\u0e2d\u0e22\u0e48\u0e32\u0e07\u0e17\u0e35\u0e48\u0e04\u0e38\u0e13\u0e44\u0e21\u0e48\u0e41\u0e19\u0e48\u0e43\u0e08\u0e27\u0e48\u0e32\u0e15\u0e49\u0e2d\u0e07\u0e01\u0e32\u0e23\u0e2b\u0e23\u0e37\u0e2d\u0e44\u0e21\u0e48 \u0e42\u0e14\u0e22\u0e1b\u0e01\u0e15\u0e34\u0e41\u0e25\u0e49\u0e27\u0e21\u0e31\u0e01\u0e08\u0e30\u0e1b\u0e25\u0e2d\u0e14\u0e20\u0e31\u0e22\u0e01\u0e27\u0e48\u0e32\u0e2b\u0e32\u0e01\u0e40\u0e1b\u0e34\u0e14\u0e43\u0e0a\u0e49\u0e07\u0e32\u0e19\u0e04\u0e38\u0e01\u0e01\u0e35\u0e49\u0e44\u0e27\u0e49\u0e43\u0e19\u0e01\u0e23\u0e13\u0e35\u0e17\u0e35\u0e48\u0e04\u0e38\u0e01\u0e01\u0e35\u0e49\u0e42\u0e15\u0e49\u0e15\u0e2d\u0e1a\u0e01\u0e31\u0e1a\u0e1f\u0e35\u0e40\u0e08\u0e2d\u0e23\u0e4c\u0e43\u0e14\u0e1f\u0e35\u0e40\u0e08\u0e2d\u0e23\u0e4c\u0e2b\u0e19\u0e36\u0e48\u0e07\u0e17\u0e35\u0e48\u0e04\u0e38\u0e13\u0e43\u0e0a\u0e49\u0e1a\u0e19\u0e44\u0e0b\u0e15\u0e4c\u0e02\u0e2d\u0e07\u0e40\u0e23\u0e32<\/span><\/p>\n<p><em><strong><span style=\"color: #444444;\">\u0e19\u0e42\u0e22\u0e1a\u0e32\u0e22\u0e19\u0e35\u0e49\u0e21\u0e35\u0e1c\u0e25\u0e1a\u0e31\u0e07\u0e04\u0e31\u0e1a\u0e43\u0e0a\u0e49\u0e15\u0e31\u0e49\u0e07\u0e41\u0e15\u0e48\u0e27\u0e31\u0e19\u0e17\u0e35\u0e48 22 \u0e21\u0e35\u0e19\u0e32\u0e04\u0e21 2025 \u0e40\u0e27\u0e25\u0e32 05:36 \u0e19.<\/span><\/strong><\/em><\/p>","protected":false},"excerpt":{"rendered":"<p>A sua privacidade \u00e9 importante para n\u00f3s. \u00c9 pol\u00edtica do DateMobs respeitar a sua privacidade em rela\u00e7\u00e3o a qualquer informa\u00e7\u00e3o sua que possamos coletar no site DateMobs, e outros sites que possu\u00edmos e operamos. Solicitamos informa\u00e7\u00f5es pessoais apenas quando realmente precisamos delas para lhe fornecer um servi\u00e7o. Fazemo-lo por meios justos e legais, com o &#8230; <a title=\"\u0e19\u0e42\u0e22\u0e1a\u0e32\u0e22\u0e04\u0e27\u0e32\u0e21\u0e40\u0e1b\u0e47\u0e19\u0e2a\u0e48\u0e27\u0e19\u0e15\u0e31\u0e27\" class=\"read-more\" href=\"https:\/\/datemobs.com\/th\/%e0%b8%99%e0%b9%82%e0%b8%a2%e0%b8%9a%e0%b8%b2%e0%b8%a2%e0%b8%84%e0%b8%a7%e0%b8%b2%e0%b8%a1%e0%b9%80%e0%b8%9b%e0%b9%87%e0%b8%99%e0%b8%aa%e0%b9%88%e0%b8%a7%e0%b8%99%e0%b8%95%e0%b8%b1%e0%b8%a7\/\" aria-label=\"Read more about Pol\u00edtica de Privacidade\">\u0e2d\u0e48\u0e32\u0e19\u0e40\u0e1e\u0e34\u0e48\u0e21\u0e40\u0e15\u0e34\u0e21<\/a><\/p>","protected":false},"author":1,"featured_media":0,"parent":0,"menu_order":0,"comment_status":"closed","ping_status":"open","template":"","meta":{"footnotes":""},"class_list":["post-3","page","type-page","status-publish"],"_links":{"self":[{"href":"https:\/\/datemobs.com\/th\/wp-json\/wp\/v2\/pages\/3","targetHints":{"allow":["GET"]}}],"collection":[{"href":"https:\/\/datemobs.com\/th\/wp-json\/wp\/v2\/pages"}],"about":[{"href":"https:\/\/datemobs.com\/th\/wp-json\/wp\/v2\/types\/page"}],"author":[{"embeddable":true,"href":"https:\/\/datemobs.com\/th\/wp-json\/wp\/v2\/users\/1"}],"replies":[{"embeddable":true,"href":"https:\/\/datemobs.com\/th\/wp-json\/wp\/v2\/comments?post=3"}],"version-history":[{"count":2,"href":"https:\/\/datemobs.com\/th\/wp-json\/wp\/v2\/pages\/3\/revisions"}],"predecessor-version":[{"id":849,"href":"https:\/\/datemobs.com\/th\/wp-json\/wp\/v2\/pages\/3\/revisions\/849"}],"wp:attachment":[{"href":"https:\/\/datemobs.com\/th\/wp-json\/wp\/v2\/media?parent=3"}],"curies":[{"name":"wp","href":"https:\/\/api.w.org\/{rel}","templated":true}]}}