{"id":819,"date":"2022-11-08T18:30:39","date_gmt":"2022-11-08T18:30:39","guid":{"rendered":"https:\/\/sites.generatepress.com\/info\/?page_id=819"},"modified":"2025-03-22T05:35:13","modified_gmt":"2025-03-22T05:35:13","slug":"%e0%b8%9e%e0%b8%a7%e0%b8%81%e0%b9%80%e0%b8%a3%e0%b8%b2%e0%b9%80%e0%b8%9b%e0%b9%87%e0%b8%99%e0%b9%83%e0%b8%84%e0%b8%a3","status":"publish","type":"page","link":"https:\/\/datemobs.com\/th\/%e0%b8%9e%e0%b8%a7%e0%b8%81%e0%b9%80%e0%b8%a3%e0%b8%b2%e0%b9%80%e0%b8%9b%e0%b9%87%e0%b8%99%e0%b9%83%e0%b8%84%e0%b8%a3\/","title":{"rendered":"\u0e1e\u0e27\u0e01\u0e40\u0e23\u0e32\u0e40\u0e1b\u0e47\u0e19\u0e43\u0e04\u0e23"},"content":{"rendered":"<p>\u0e22\u0e34\u0e19\u0e14\u0e35\u0e15\u0e49\u0e2d\u0e19\u0e23\u0e31\u0e1a\u0e2a\u0e39\u0e48 <strong>\u0e40\u0e27\u0e47\u0e1a\u0e44\u0e0b\u0e15\u0e4c DateMobs.com<\/strong>\u0e41\u0e1e\u0e25\u0e15\u0e1f\u0e2d\u0e23\u0e4c\u0e21\u0e43\u0e2b\u0e21\u0e48\u0e02\u0e2d\u0e07\u0e04\u0e38\u0e13\u0e43\u0e19\u0e01\u0e32\u0e23\u0e40\u0e0a\u0e37\u0e48\u0e2d\u0e21\u0e15\u0e48\u0e2d\u0e1c\u0e39\u0e49\u0e04\u0e19\u0e43\u0e19\u0e23\u0e39\u0e1b\u0e41\u0e1a\u0e1a\u0e17\u0e35\u0e48\u0e41\u0e17\u0e49\u0e08\u0e23\u0e34\u0e07\u0e41\u0e25\u0e30\u0e2a\u0e19\u0e38\u0e01\u0e2a\u0e19\u0e32\u0e19! \u0e17\u0e35\u0e48\u0e19\u0e35\u0e48 <strong>\u0e40\u0e14\u0e17\u0e21\u0e47\u0e2d\u0e1a<\/strong>\u0e40\u0e23\u0e32\u0e40\u0e0a\u0e37\u0e48\u0e2d\u0e27\u0e48\u0e32\u0e01\u0e32\u0e23\u0e40\u0e0a\u0e37\u0e48\u0e2d\u0e21\u0e42\u0e22\u0e07\u0e23\u0e30\u0e2b\u0e27\u0e48\u0e32\u0e07\u0e21\u0e19\u0e38\u0e29\u0e22\u0e4c\u0e04\u0e37\u0e2d\u0e41\u0e01\u0e48\u0e19\u0e41\u0e17\u0e49\u0e02\u0e2d\u0e07\u0e0a\u0e35\u0e27\u0e34\u0e15 \u0e41\u0e25\u0e30\u0e20\u0e32\u0e23\u0e01\u0e34\u0e08\u0e02\u0e2d\u0e07\u0e40\u0e23\u0e32\u0e04\u0e37\u0e2d\u0e01\u0e32\u0e23\u0e17\u0e33\u0e43\u0e2b\u0e49\u0e01\u0e32\u0e23\u0e40\u0e0a\u0e37\u0e48\u0e2d\u0e21\u0e42\u0e22\u0e07\u0e40\u0e2b\u0e25\u0e48\u0e32\u0e19\u0e35\u0e49\u0e40\u0e02\u0e49\u0e32\u0e16\u0e36\u0e07\u0e44\u0e14\u0e49\u0e41\u0e25\u0e30\u0e21\u0e35\u0e04\u0e27\u0e32\u0e21\u0e2b\u0e21\u0e32\u0e22\u0e21\u0e32\u0e01\u0e02\u0e36\u0e49\u0e19\u0e2a\u0e33\u0e2b\u0e23\u0e31\u0e1a\u0e17\u0e38\u0e01\u0e04\u0e19<\/p>\n\n\n\n<h2 class=\"wp-block-heading\">\u0e20\u0e32\u0e23\u0e01\u0e34\u0e08\u0e02\u0e2d\u0e07\u0e40\u0e23\u0e32<\/h2>\n\n\n\n<p>\u0e40\u0e23\u0e32\u0e15\u0e49\u0e2d\u0e07\u0e01\u0e32\u0e23\u0e40\u0e1b\u0e25\u0e35\u0e48\u0e22\u0e19\u0e41\u0e1b\u0e25\u0e07\u0e27\u0e34\u0e18\u0e35\u0e17\u0e35\u0e48\u0e1c\u0e39\u0e49\u0e04\u0e19\u0e1e\u0e1a\u0e1b\u0e30\u0e41\u0e25\u0e30\u0e42\u0e15\u0e49\u0e15\u0e2d\u0e1a\u0e01\u0e31\u0e19\u0e17\u0e32\u0e07\u0e2d\u0e2d\u0e19\u0e44\u0e25\u0e19\u0e4c \u0e40\u0e23\u0e32\u0e1c\u0e2a\u0e21\u0e1c\u0e2a\u0e32\u0e19\u0e40\u0e17\u0e04\u0e42\u0e19\u0e42\u0e25\u0e22\u0e35\u0e25\u0e49\u0e33\u0e2a\u0e21\u0e31\u0e22\u0e40\u0e02\u0e49\u0e32\u0e01\u0e31\u0e1a\u0e2a\u0e31\u0e21\u0e1c\u0e31\u0e2a\u0e02\u0e2d\u0e07\u0e21\u0e19\u0e38\u0e29\u0e22\u0e4c\u0e40\u0e1e\u0e37\u0e48\u0e2d\u0e43\u0e2b\u0e49\u0e41\u0e19\u0e48\u0e43\u0e08\u0e27\u0e48\u0e32\u0e04\u0e38\u0e13\u0e08\u0e30\u0e1e\u0e1a\u0e01\u0e31\u0e1a\u0e04\u0e19\u0e17\u0e35\u0e48\u0e43\u0e0a\u0e48\u0e43\u0e19\u0e27\u0e34\u0e18\u0e35\u0e17\u0e35\u0e48\u0e40\u0e23\u0e35\u0e22\u0e1a\u0e07\u0e48\u0e32\u0e22 \u0e1b\u0e25\u0e2d\u0e14\u0e20\u0e31\u0e22 \u0e41\u0e25\u0e30\u0e40\u0e1b\u0e47\u0e19\u0e44\u0e1b\u0e44\u0e14\u0e49<\/p>\n\n\n\n<h2 class=\"wp-block-heading\">\u0e2a\u0e34\u0e48\u0e07\u0e17\u0e35\u0e48\u0e17\u0e33\u0e43\u0e2b\u0e49\u0e40\u0e23\u0e32\u0e41\u0e15\u0e01\u0e15\u0e48\u0e32\u0e07<\/h2>\n\n\n\n<ul class=\"wp-block-list\">\n<li><strong>\u0e04\u0e27\u0e32\u0e21\u0e1b\u0e25\u0e2d\u0e14\u0e20\u0e31\u0e22\u0e40\u0e1b\u0e47\u0e19\u0e2a\u0e34\u0e48\u0e07\u0e2a\u0e33\u0e04\u0e31\u0e0d\u0e17\u0e35\u0e48\u0e2a\u0e38\u0e14:<\/strong> \u0e40\u0e23\u0e32\u0e43\u0e2b\u0e49\u0e04\u0e27\u0e32\u0e21\u0e2a\u0e33\u0e04\u0e31\u0e0d\u0e01\u0e31\u0e1a\u0e04\u0e27\u0e32\u0e21\u0e40\u0e1b\u0e47\u0e19\u0e2a\u0e48\u0e27\u0e19\u0e15\u0e31\u0e27\u0e41\u0e25\u0e30\u0e04\u0e27\u0e32\u0e21\u0e1b\u0e25\u0e2d\u0e14\u0e20\u0e31\u0e22\u0e02\u0e2d\u0e07\u0e04\u0e38\u0e13\u0e2d\u0e22\u0e48\u0e32\u0e07\u0e08\u0e23\u0e34\u0e07\u0e08\u0e31\u0e07 \u0e42\u0e14\u0e22\u0e43\u0e0a\u0e49\u0e04\u0e38\u0e13\u0e2a\u0e21\u0e1a\u0e31\u0e15\u0e34\u0e01\u0e32\u0e23\u0e1b\u0e01\u0e1b\u0e49\u0e2d\u0e07\u0e02\u0e49\u0e2d\u0e21\u0e39\u0e25\u0e17\u0e35\u0e48\u0e14\u0e35\u0e17\u0e35\u0e48\u0e2a\u0e38\u0e14\u0e43\u0e19\u0e15\u0e25\u0e32\u0e14<\/li>\n\n\n\n<li><strong>\u0e42\u0e1b\u0e23\u0e44\u0e1f\u0e25\u0e4c\u0e17\u0e35\u0e48\u0e41\u0e17\u0e49\u0e08\u0e23\u0e34\u0e07:<\/strong> \u0e41\u0e1e\u0e25\u0e15\u0e1f\u0e2d\u0e23\u0e4c\u0e21\u0e02\u0e2d\u0e07\u0e40\u0e23\u0e32\u0e2a\u0e19\u0e31\u0e1a\u0e2a\u0e19\u0e38\u0e19\u0e01\u0e32\u0e23\u0e2a\u0e23\u0e49\u0e32\u0e07\u0e41\u0e25\u0e30\u0e01\u0e32\u0e23\u0e15\u0e23\u0e27\u0e08\u0e2a\u0e2d\u0e1a\u0e42\u0e1b\u0e23\u0e44\u0e1f\u0e25\u0e4c\u0e08\u0e23\u0e34\u0e07\u0e40\u0e1e\u0e37\u0e48\u0e2d\u0e43\u0e2b\u0e49\u0e04\u0e38\u0e13\u0e42\u0e15\u0e49\u0e15\u0e2d\u0e1a\u0e01\u0e31\u0e1a\u0e1a\u0e38\u0e04\u0e04\u0e25\u0e17\u0e35\u0e48\u0e41\u0e17\u0e49\u0e08\u0e23\u0e34\u0e07\u0e44\u0e14\u0e49<\/li>\n\n\n\n<li><strong>\u0e01\u0e32\u0e23\u0e42\u0e15\u0e49\u0e15\u0e2d\u0e1a:<\/strong> \u0e04\u0e38\u0e13\u0e2a\u0e21\u0e1a\u0e31\u0e15\u0e34\u0e17\u0e35\u0e48\u0e17\u0e31\u0e19\u0e2a\u0e21\u0e31\u0e22\u0e41\u0e25\u0e30\u0e21\u0e35\u0e0a\u0e35\u0e27\u0e34\u0e15\u0e0a\u0e35\u0e27\u0e32 \u0e40\u0e0a\u0e48\u0e19 \u0e27\u0e34\u0e14\u0e35\u0e42\u0e2d\u0e2a\u0e31\u0e49\u0e19 \u0e41\u0e25\u0e30\u0e02\u0e49\u0e2d\u0e04\u0e27\u0e32\u0e21\u0e2a\u0e23\u0e49\u0e32\u0e07\u0e2a\u0e23\u0e23\u0e04\u0e4c\u0e17\u0e35\u0e48\u0e08\u0e30\u0e0a\u0e48\u0e27\u0e22\u0e43\u0e2b\u0e49\u0e04\u0e38\u0e13\u0e42\u0e14\u0e14\u0e40\u0e14\u0e48\u0e19\u0e41\u0e25\u0e30\u0e41\u0e2a\u0e14\u0e07\u0e2d\u0e2d\u0e01\u0e16\u0e36\u0e07\u0e04\u0e27\u0e32\u0e21\u0e40\u0e1b\u0e47\u0e19\u0e15\u0e31\u0e27\u0e40\u0e2d\u0e07<\/li>\n<\/ul>\n\n\n\n<h2 class=\"wp-block-heading\">\u0e1b\u0e23\u0e30\u0e27\u0e31\u0e15\u0e34\u0e04\u0e27\u0e32\u0e21\u0e40\u0e1b\u0e47\u0e19\u0e21\u0e32\u0e02\u0e2d\u0e07\u0e40\u0e23\u0e32<\/h2>\n\n\n\n<p>\u0e40\u0e14\u0e2d\u0e30 <strong>\u0e40\u0e14\u0e17\u0e21\u0e47\u0e2d\u0e1a <\/strong>\u0e40\u0e01\u0e34\u0e14\u0e08\u0e32\u0e01\u0e41\u0e19\u0e27\u0e04\u0e34\u0e14\u0e43\u0e19\u0e01\u0e32\u0e23\u0e2a\u0e23\u0e49\u0e32\u0e07\u0e1b\u0e23\u0e30\u0e2a\u0e1a\u0e01\u0e32\u0e23\u0e13\u0e4c\u0e01\u0e32\u0e23\u0e2b\u0e32\u0e04\u0e39\u0e48\u0e17\u0e32\u0e07\u0e2d\u0e2d\u0e19\u0e44\u0e25\u0e19\u0e4c\u0e17\u0e35\u0e48\u0e40\u0e1a\u0e32\u0e2a\u0e1a\u0e32\u0e22 \u0e15\u0e23\u0e07\u0e44\u0e1b\u0e15\u0e23\u0e07\u0e21\u0e32 \u0e41\u0e25\u0e30\u0e2a\u0e2d\u0e14\u0e04\u0e25\u0e49\u0e2d\u0e07\u0e01\u0e31\u0e1a\u0e04\u0e27\u0e32\u0e21\u0e15\u0e49\u0e2d\u0e07\u0e01\u0e32\u0e23\u0e17\u0e35\u0e48\u0e41\u0e17\u0e49\u0e08\u0e23\u0e34\u0e07\u0e02\u0e2d\u0e07\u0e1c\u0e39\u0e49\u0e04\u0e19 \u0e15\u0e31\u0e49\u0e07\u0e41\u0e15\u0e48\u0e40\u0e23\u0e34\u0e48\u0e21\u0e15\u0e49\u0e19 \u0e40\u0e23\u0e32\u0e21\u0e38\u0e48\u0e07\u0e21\u0e31\u0e48\u0e19\u0e17\u0e35\u0e48\u0e08\u0e30\u0e19\u0e33\u0e40\u0e2a\u0e19\u0e2d\u0e2a\u0e20\u0e32\u0e1e\u0e41\u0e27\u0e14\u0e25\u0e49\u0e2d\u0e21\u0e17\u0e35\u0e48\u0e04\u0e38\u0e13\u0e2a\u0e32\u0e21\u0e32\u0e23\u0e16\u0e40\u0e1b\u0e47\u0e19\u0e15\u0e31\u0e27\u0e02\u0e2d\u0e07\u0e15\u0e31\u0e27\u0e40\u0e2d\u0e07\u0e41\u0e25\u0e30\u0e1e\u0e1a\u0e01\u0e31\u0e1a\u0e01\u0e32\u0e23\u0e40\u0e0a\u0e37\u0e48\u0e2d\u0e21\u0e15\u0e48\u0e2d\u0e17\u0e35\u0e48\u0e41\u0e17\u0e49\u0e08\u0e23\u0e34\u0e07<\/p>\n\n\n\n<h2 class=\"wp-block-heading\">\u0e40\u0e2b\u0e15\u0e38\u0e43\u0e14\u0e08\u0e36\u0e07\u0e04\u0e27\u0e23\u0e40\u0e25\u0e37\u0e2d\u0e01 <strong>\u0e40\u0e14\u0e17\u0e21\u0e47\u0e2d\u0e1a<\/strong>?<\/h2>\n\n\n\n<p>\u0e44\u0e21\u0e48\u0e27\u0e48\u0e32\u0e04\u0e38\u0e13\u0e08\u0e30\u0e40\u0e1b\u0e47\u0e19\u0e1c\u0e39\u0e49\u0e43\u0e0a\u0e49\u0e41\u0e2d\u0e1b\u0e2b\u0e32\u0e04\u0e39\u0e48\u0e21\u0e37\u0e2d\u0e43\u0e2b\u0e21\u0e48\u0e2b\u0e23\u0e37\u0e2d\u0e1c\u0e39\u0e49\u0e43\u0e0a\u0e49\u0e17\u0e35\u0e48\u0e21\u0e35\u0e1b\u0e23\u0e30\u0e2a\u0e1a\u0e01\u0e32\u0e23\u0e13\u0e4c\u0e17\u0e35\u0e48\u0e01\u0e33\u0e25\u0e31\u0e07\u0e21\u0e2d\u0e07\u0e2b\u0e32\u0e2d\u0e30\u0e44\u0e23\u0e43\u0e2b\u0e21\u0e48\u0e46 <strong>\u0e40\u0e14\u0e17\u0e21\u0e47\u0e2d\u0e1a <\/strong>\u0e02\u0e49\u0e2d\u0e40\u0e2a\u0e19\u0e2d:<\/p>\n\n\n\n<ul class=\"wp-block-list\">\n<li>\u0e1b\u0e23\u0e30\u0e2a\u0e1a\u0e01\u0e32\u0e23\u0e13\u0e4c\u0e17\u0e35\u0e48\u0e43\u0e0a\u0e49\u0e07\u0e32\u0e19\u0e07\u0e48\u0e32\u0e22\u0e41\u0e25\u0e30\u0e44\u0e21\u0e48\u0e22\u0e38\u0e48\u0e07\u0e22\u0e32\u0e01<\/li>\n\n\n\n<li>\u0e0a\u0e38\u0e21\u0e0a\u0e19\u0e17\u0e35\u0e48\u0e21\u0e35\u0e2a\u0e48\u0e27\u0e19\u0e23\u0e48\u0e27\u0e21\u0e41\u0e25\u0e30\u0e2b\u0e25\u0e32\u0e01\u0e2b\u0e25\u0e32\u0e22<\/li>\n\n\n\n<li>\u0e40\u0e04\u0e23\u0e37\u0e48\u0e2d\u0e07\u0e21\u0e37\u0e2d\u0e17\u0e35\u0e48\u0e0a\u0e48\u0e27\u0e22\u0e04\u0e38\u0e13\u0e2a\u0e23\u0e49\u0e32\u0e07\u0e2a\u0e32\u0e22\u0e2a\u0e31\u0e21\u0e1e\u0e31\u0e19\u0e18\u0e4c\u0e41\u0e25\u0e30\u0e04\u0e27\u0e32\u0e21\u0e17\u0e23\u0e07\u0e08\u0e33\u0e44\u0e14\u0e49\u0e2d\u0e22\u0e48\u0e32\u0e07\u0e41\u0e17\u0e49\u0e08\u0e23\u0e34\u0e07<\/li>\n<\/ul>\n\n\n\n<p>\u0e21\u0e32\u0e23\u0e48\u0e27\u0e21\u0e40\u0e1b\u0e47\u0e19\u0e2a\u0e48\u0e27\u0e19\u0e2b\u0e19\u0e36\u0e48\u0e07\u0e02\u0e2d\u0e07\u0e0a\u0e38\u0e21\u0e0a\u0e19\u0e02\u0e2d\u0e07\u0e40\u0e23\u0e32\u0e41\u0e25\u0e30\u0e04\u0e49\u0e19\u0e1e\u0e1a\u0e27\u0e34\u0e18\u0e35\u0e01\u0e32\u0e23 <strong>\u0e40\u0e14\u0e17\u0e21\u0e47\u0e2d\u0e1a <\/strong>\u0e2a\u0e32\u0e21\u0e32\u0e23\u0e16\u0e40\u0e1b\u0e25\u0e35\u0e48\u0e22\u0e19\u0e0a\u0e35\u0e27\u0e34\u0e15\u0e23\u0e31\u0e01\u0e02\u0e2d\u0e07\u0e04\u0e38\u0e13\u0e44\u0e14\u0e49 \u0e40\u0e23\u0e32\u0e1e\u0e23\u0e49\u0e2d\u0e21\u0e0a\u0e48\u0e27\u0e22\u0e04\u0e38\u0e13\u0e40\u0e02\u0e35\u0e22\u0e19\u0e40\u0e23\u0e37\u0e48\u0e2d\u0e07\u0e23\u0e32\u0e27\u0e04\u0e27\u0e32\u0e21\u0e23\u0e31\u0e01\u0e04\u0e23\u0e31\u0e49\u0e07\u0e15\u0e48\u0e2d\u0e44\u0e1b\u0e02\u0e2d\u0e07\u0e04\u0e38\u0e13 \u0e2b\u0e23\u0e37\u0e2d\u0e40\u0e1e\u0e35\u0e22\u0e07\u0e41\u0e04\u0e48\u0e2b\u0e32\u0e40\u0e1e\u0e37\u0e48\u0e2d\u0e19\u0e23\u0e48\u0e27\u0e21\u0e2b\u0e31\u0e27\u0e40\u0e23\u0e32\u0e30\u0e41\u0e25\u0e30\u0e0a\u0e48\u0e27\u0e07\u0e40\u0e27\u0e25\u0e32\u0e17\u0e35\u0e48\u0e19\u0e48\u0e32\u0e1b\u0e23\u0e30\u0e17\u0e31\u0e1a\u0e43\u0e08<\/p>\n\n\n\n<p><strong>\u0e40\u0e27\u0e47\u0e1a\u0e44\u0e0b\u0e15\u0e4c DateMobs.com<\/strong>:\u0e08\u0e38\u0e14\u0e40\u0e23\u0e34\u0e48\u0e21\u0e15\u0e49\u0e19\u0e02\u0e2d\u0e07\u0e01\u0e32\u0e23\u0e40\u0e0a\u0e37\u0e48\u0e2d\u0e21\u0e15\u0e48\u0e2d\u0e17\u0e35\u0e48\u0e41\u0e17\u0e49\u0e08\u0e23\u0e34\u0e07!<\/p>","protected":false},"excerpt":{"rendered":"<p>Bem-vindo ao DateMobs.com, a sua nova plataforma para conectar pessoas de forma aut\u00eantica e divertida! Aqui na DateMobs, acreditamos que as conex\u00f5es humanas s\u00e3o a ess\u00eancia da vida, e nossa miss\u00e3o \u00e9 tornar essas conex\u00f5es mais acess\u00edveis e significativas para todos. Nossa Miss\u00e3o Queremos transformar a maneira como as pessoas se encontram e interagem online. &#8230; <a title=\"\u0e1e\u0e27\u0e01\u0e40\u0e23\u0e32\u0e40\u0e1b\u0e47\u0e19\u0e43\u0e04\u0e23\" class=\"read-more\" href=\"https:\/\/datemobs.com\/th\/%e0%b8%9e%e0%b8%a7%e0%b8%81%e0%b9%80%e0%b8%a3%e0%b8%b2%e0%b9%80%e0%b8%9b%e0%b9%87%e0%b8%99%e0%b9%83%e0%b8%84%e0%b8%a3\/\" aria-label=\"Read more about Quem Somos\">\u0e2d\u0e48\u0e32\u0e19\u0e40\u0e1e\u0e34\u0e48\u0e21\u0e40\u0e15\u0e34\u0e21<\/a><\/p>","protected":false},"author":1,"featured_media":0,"parent":0,"menu_order":0,"comment_status":"closed","ping_status":"closed","template":"","meta":{"footnotes":""},"class_list":["post-819","page","type-page","status-publish"],"_links":{"self":[{"href":"https:\/\/datemobs.com\/th\/wp-json\/wp\/v2\/pages\/819","targetHints":{"allow":["GET"]}}],"collection":[{"href":"https:\/\/datemobs.com\/th\/wp-json\/wp\/v2\/pages"}],"about":[{"href":"https:\/\/datemobs.com\/th\/wp-json\/wp\/v2\/types\/page"}],"author":[{"embeddable":true,"href":"https:\/\/datemobs.com\/th\/wp-json\/wp\/v2\/users\/1"}],"replies":[{"embeddable":true,"href":"https:\/\/datemobs.com\/th\/wp-json\/wp\/v2\/comments?post=819"}],"version-history":[{"count":5,"href":"https:\/\/datemobs.com\/th\/wp-json\/wp\/v2\/pages\/819\/revisions"}],"predecessor-version":[{"id":847,"href":"https:\/\/datemobs.com\/th\/wp-json\/wp\/v2\/pages\/819\/revisions\/847"}],"wp:attachment":[{"href":"https:\/\/datemobs.com\/th\/wp-json\/wp\/v2\/media?parent=819"}],"curies":[{"name":"wp","href":"https:\/\/api.w.org\/{rel}","templated":true}]}}