{"id":850,"date":"2025-03-22T05:40:19","date_gmt":"2025-03-22T05:40:19","guid":{"rendered":"https:\/\/datemobs.com\/?page_id=850"},"modified":"2025-03-22T05:40:19","modified_gmt":"2025-03-22T05:40:19","slug":"%e0%b9%80%e0%b8%87%e0%b8%b7%e0%b9%88%e0%b8%ad%e0%b8%99%e0%b9%84%e0%b8%82%e0%b8%81%e0%b8%b2%e0%b8%a3%e0%b9%83%e0%b8%8a%e0%b9%89%e0%b8%87%e0%b8%b2%e0%b8%99","status":"publish","type":"page","link":"https:\/\/datemobs.com\/th\/%e0%b9%80%e0%b8%87%e0%b8%b7%e0%b9%88%e0%b8%ad%e0%b8%99%e0%b9%84%e0%b8%82%e0%b8%81%e0%b8%b2%e0%b8%a3%e0%b9%83%e0%b8%8a%e0%b9%89%e0%b8%87%e0%b8%b2%e0%b8%99\/","title":{"rendered":"\u0e40\u0e07\u0e37\u0e48\u0e2d\u0e19\u0e44\u0e02\u0e01\u0e32\u0e23\u0e43\u0e0a\u0e49\u0e07\u0e32\u0e19"},"content":{"rendered":"<h2 class=\"wp-block-heading\"><strong>1. \u0e40\u0e07\u0e37\u0e48\u0e2d\u0e19\u0e44\u0e02<\/strong><\/h2>\n\n\n\n<p>\u0e40\u0e21\u0e37\u0e48\u0e2d\u0e40\u0e02\u0e49\u0e32\u0e2a\u0e39\u0e48\u0e40\u0e27\u0e47\u0e1a\u0e44\u0e0b\u0e15\u0e4c <a href=\"\/th\/datemobs.com\/\"><strong>\u0e40\u0e14\u0e17\u0e21\u0e47\u0e2d\u0e1a<\/strong><\/a>\u0e04\u0e38\u0e13\u0e15\u0e01\u0e25\u0e07\u0e17\u0e35\u0e48\u0e08\u0e30\u0e1b\u0e0f\u0e34\u0e1a\u0e31\u0e15\u0e34\u0e15\u0e32\u0e21\u0e40\u0e07\u0e37\u0e48\u0e2d\u0e19\u0e44\u0e02\u0e01\u0e32\u0e23\u0e1a\u0e23\u0e34\u0e01\u0e32\u0e23\u0e19\u0e35\u0e49 \u0e01\u0e0e\u0e2b\u0e21\u0e32\u0e22\u0e41\u0e25\u0e30\u0e23\u0e30\u0e40\u0e1a\u0e35\u0e22\u0e1a\u0e17\u0e35\u0e48\u0e40\u0e01\u0e35\u0e48\u0e22\u0e27\u0e02\u0e49\u0e2d\u0e07\u0e17\u0e31\u0e49\u0e07\u0e2b\u0e21\u0e14 \u0e41\u0e25\u0e30\u0e15\u0e01\u0e25\u0e07\u0e27\u0e48\u0e32\u0e04\u0e38\u0e13\u0e23\u0e31\u0e1a\u0e1c\u0e34\u0e14\u0e0a\u0e2d\u0e1a\u0e43\u0e19\u0e01\u0e32\u0e23\u0e1b\u0e0f\u0e34\u0e1a\u0e31\u0e15\u0e34\u0e15\u0e32\u0e21\u0e01\u0e0e\u0e2b\u0e21\u0e32\u0e22\u0e17\u0e49\u0e2d\u0e07\u0e16\u0e34\u0e48\u0e19\u0e17\u0e35\u0e48\u0e40\u0e01\u0e35\u0e48\u0e22\u0e27\u0e02\u0e49\u0e2d\u0e07\u0e17\u0e31\u0e49\u0e07\u0e2b\u0e21\u0e14 \u0e2b\u0e32\u0e01\u0e04\u0e38\u0e13\u0e44\u0e21\u0e48\u0e40\u0e2b\u0e47\u0e19\u0e14\u0e49\u0e27\u0e22\u0e01\u0e31\u0e1a\u0e02\u0e49\u0e2d\u0e01\u0e33\u0e2b\u0e19\u0e14\u0e43\u0e14\u0e46 \u0e40\u0e2b\u0e25\u0e48\u0e32\u0e19\u0e35\u0e49 \u0e04\u0e38\u0e13\u0e08\u0e30\u0e16\u0e39\u0e01\u0e2b\u0e49\u0e32\u0e21\u0e43\u0e0a\u0e49\u0e2b\u0e23\u0e37\u0e2d\u0e40\u0e02\u0e49\u0e32\u0e16\u0e36\u0e07\u0e44\u0e0b\u0e15\u0e4c\u0e19\u0e35\u0e49 \u0e40\u0e19\u0e37\u0e49\u0e2d\u0e2b\u0e32\u0e17\u0e35\u0e48\u0e21\u0e35\u0e2d\u0e22\u0e39\u0e48\u0e43\u0e19\u0e40\u0e27\u0e47\u0e1a\u0e44\u0e0b\u0e15\u0e4c\u0e19\u0e35\u0e49\u0e2d\u0e22\u0e39\u0e48\u0e20\u0e32\u0e22\u0e43\u0e15\u0e49\u0e01\u0e32\u0e23\u0e04\u0e38\u0e49\u0e21\u0e04\u0e23\u0e2d\u0e07\u0e02\u0e2d\u0e07\u0e01\u0e0e\u0e2b\u0e21\u0e32\u0e22\u0e25\u0e34\u0e02\u0e2a\u0e34\u0e17\u0e18\u0e34\u0e4c\u0e41\u0e25\u0e30\u0e40\u0e04\u0e23\u0e37\u0e48\u0e2d\u0e07\u0e2b\u0e21\u0e32\u0e22\u0e01\u0e32\u0e23\u0e04\u0e49\u0e32\u0e17\u0e35\u0e48\u0e40\u0e01\u0e35\u0e48\u0e22\u0e27\u0e02\u0e49\u0e2d\u0e07<\/p>\n\n\n\n<h2 class=\"wp-block-heading\"><strong>2. \u0e01\u0e32\u0e23\u0e43\u0e0a\u0e49\u0e43\u0e1a\u0e2d\u0e19\u0e38\u0e0d\u0e32\u0e15<\/strong><\/h2>\n\n\n\n<p>\u0e2d\u0e19\u0e38\u0e0d\u0e32\u0e15\u0e43\u0e2b\u0e49\u0e14\u0e32\u0e27\u0e19\u0e4c\u0e42\u0e2b\u0e25\u0e14\u0e2a\u0e33\u0e40\u0e19\u0e32\u0e40\u0e2d\u0e01\u0e2a\u0e32\u0e23 (\u0e02\u0e49\u0e2d\u0e21\u0e39\u0e25\u0e2b\u0e23\u0e37\u0e2d\u0e0b\u0e2d\u0e1f\u0e15\u0e4c\u0e41\u0e27\u0e23\u0e4c) \u0e1a\u0e19\u0e40\u0e27\u0e47\u0e1a\u0e44\u0e0b\u0e15\u0e4c\u0e44\u0e14\u0e49\u0e0a\u0e31\u0e48\u0e27\u0e04\u0e23\u0e32\u0e27\u0e2b\u0e19\u0e36\u0e48\u0e07\u0e0a\u0e38\u0e14 <strong>\u0e40\u0e14\u0e17\u0e21\u0e47\u0e2d\u0e1a <\/strong>\u0e40\u0e1e\u0e37\u0e48\u0e2d\u0e01\u0e32\u0e23\u0e0a\u0e21\u0e2a\u0e48\u0e27\u0e19\u0e1a\u0e38\u0e04\u0e04\u0e25\u0e41\u0e25\u0e30\u0e44\u0e21\u0e48\u0e43\u0e0a\u0e48\u0e40\u0e0a\u0e34\u0e07\u0e1e\u0e32\u0e13\u0e34\u0e0a\u0e22\u0e4c\u0e40\u0e17\u0e48\u0e32\u0e19\u0e31\u0e49\u0e19 \u0e19\u0e35\u0e48\u0e04\u0e37\u0e2d\u0e01\u0e32\u0e23\u0e2d\u0e19\u0e38\u0e0d\u0e32\u0e15\u0e2a\u0e34\u0e17\u0e18\u0e34\u0e4c\u0e43\u0e0a\u0e49\u0e07\u0e32\u0e19 \u0e44\u0e21\u0e48\u0e43\u0e0a\u0e48\u0e01\u0e32\u0e23\u0e42\u0e2d\u0e19\u0e01\u0e23\u0e23\u0e21\u0e2a\u0e34\u0e17\u0e18\u0e34\u0e4c \u0e41\u0e25\u0e30\u0e20\u0e32\u0e22\u0e43\u0e15\u0e49\u0e43\u0e1a\u0e2d\u0e19\u0e38\u0e0d\u0e32\u0e15\u0e19\u0e35\u0e49 \u0e04\u0e38\u0e13\u0e08\u0e30\u0e44\u0e21\u0e48\u0e2a\u0e32\u0e21\u0e32\u0e23\u0e16:\u00a0<\/p>\n\n\n\n<ol class=\"wp-block-list\">\n<li>\u0e1b\u0e23\u0e31\u0e1a\u0e40\u0e1b\u0e25\u0e35\u0e48\u0e22\u0e19\u0e2b\u0e23\u0e37\u0e2d\u0e04\u0e31\u0e14\u0e25\u0e2d\u0e01\u0e40\u0e2d\u0e01\u0e2a\u0e32\u0e23\u0e14\u0e31\u0e07\u0e01\u0e25\u0e48\u0e32\u0e27\u00a0<\/li>\n\n\n\n<li>\u0e43\u0e0a\u0e49\u0e40\u0e19\u0e37\u0e49\u0e2d\u0e2b\u0e32\u0e19\u0e35\u0e49\u0e40\u0e1e\u0e37\u0e48\u0e2d\u0e27\u0e31\u0e15\u0e16\u0e38\u0e1b\u0e23\u0e30\u0e2a\u0e07\u0e04\u0e4c\u0e40\u0e0a\u0e34\u0e07\u0e1e\u0e32\u0e13\u0e34\u0e0a\u0e22\u0e4c\u0e2b\u0e23\u0e37\u0e2d\u0e40\u0e1e\u0e37\u0e48\u0e2d\u0e01\u0e32\u0e23\u0e08\u0e31\u0e14\u0e41\u0e2a\u0e14\u0e07\u0e15\u0e48\u0e2d\u0e2a\u0e32\u0e18\u0e32\u0e23\u0e13\u0e30 (\u0e40\u0e0a\u0e34\u0e07\u0e1e\u0e32\u0e13\u0e34\u0e0a\u0e22\u0e4c\u0e2b\u0e23\u0e37\u0e2d\u0e44\u0e21\u0e48\u0e40\u0e0a\u0e34\u0e07\u0e1e\u0e32\u0e13\u0e34\u0e0a\u0e22\u0e4c\u0e01\u0e47\u0e15\u0e32\u0e21)\u00a0<\/li>\n\n\n\n<li>\u0e1e\u0e22\u0e32\u0e22\u0e32\u0e21\u0e17\u0e35\u0e48\u0e08\u0e30\u0e16\u0e2d\u0e14\u0e23\u0e2b\u0e31\u0e2a\u0e2b\u0e23\u0e37\u0e2d\u0e22\u0e49\u0e2d\u0e19\u0e27\u0e34\u0e28\u0e27\u0e01\u0e23\u0e23\u0e21\u0e0b\u0e2d\u0e1f\u0e15\u0e4c\u0e41\u0e27\u0e23\u0e4c\u0e43\u0e14 \u0e46 \u0e17\u0e35\u0e48\u0e21\u0e35\u0e2d\u0e22\u0e39\u0e48\u0e43\u0e19\u0e40\u0e27\u0e47\u0e1a\u0e44\u0e0b\u0e15\u0e4c <strong>\u0e40\u0e14\u0e17\u0e21\u0e47\u0e2d\u0e1a<\/strong>;\u00a0<\/li>\n\n\n\n<li>\u0e25\u0e1a\u0e25\u0e34\u0e02\u0e2a\u0e34\u0e17\u0e18\u0e34\u0e4c\u0e2b\u0e23\u0e37\u0e2d\u0e2b\u0e21\u0e32\u0e22\u0e40\u0e2b\u0e15\u0e38\u0e01\u0e23\u0e23\u0e21\u0e2a\u0e34\u0e17\u0e18\u0e34\u0e4c\u0e2d\u0e37\u0e48\u0e19 \u0e46 \u0e08\u0e32\u0e01\u0e2a\u0e37\u0e48\u0e2d \u0e2b\u0e23\u0e37\u0e2d\u00a0<\/li>\n\n\n\n<li>\u0e16\u0e48\u0e32\u0e22\u0e42\u0e2d\u0e19\u0e40\u0e19\u0e37\u0e49\u0e2d\u0e2b\u0e32\u0e44\u0e1b\u0e22\u0e31\u0e07\u0e1a\u0e38\u0e04\u0e04\u0e25\u0e2d\u0e37\u0e48\u0e19\u0e2b\u0e23\u0e37\u0e2d \u201c\u0e21\u0e34\u0e40\u0e23\u0e2d\u0e23\u0e4c\u201d \u0e40\u0e19\u0e37\u0e49\u0e2d\u0e2b\u0e32\u0e19\u0e31\u0e49\u0e19\u0e44\u0e1b\u0e22\u0e31\u0e07\u0e40\u0e0b\u0e34\u0e23\u0e4c\u0e1f\u0e40\u0e27\u0e2d\u0e23\u0e4c\u0e2d\u0e37\u0e48\u0e19<\/li>\n<\/ol>\n\n\n\n<p>\u0e43\u0e1a\u0e2d\u0e19\u0e38\u0e0d\u0e32\u0e15\u0e19\u0e35\u0e49\u0e08\u0e30\u0e2a\u0e34\u0e49\u0e19\u0e2a\u0e38\u0e14\u0e42\u0e14\u0e22\u0e2d\u0e31\u0e15\u0e42\u0e19\u0e21\u0e31\u0e15\u0e34\u0e2b\u0e32\u0e01\u0e04\u0e38\u0e13\u0e25\u0e30\u0e40\u0e21\u0e34\u0e14\u0e02\u0e49\u0e2d\u0e08\u0e33\u0e01\u0e31\u0e14\u0e40\u0e2b\u0e25\u0e48\u0e32\u0e19\u0e35\u0e49\u0e02\u0e49\u0e2d\u0e43\u0e14\u0e02\u0e49\u0e2d\u0e2b\u0e19\u0e36\u0e48\u0e07 \u0e41\u0e25\u0e30\u0e2d\u0e32\u0e08\u0e16\u0e39\u0e01\u0e22\u0e01\u0e40\u0e25\u0e34\u0e01\u0e44\u0e14\u0e49\u0e42\u0e14\u0e22 <strong>\u0e40\u0e14\u0e17\u0e21\u0e47\u0e2d\u0e1a <\/strong>\u0e43\u0e19\u0e40\u0e27\u0e25\u0e32\u0e43\u0e14\u0e01\u0e47\u0e44\u0e14\u0e49 \u0e40\u0e21\u0e37\u0e48\u0e2d\u0e04\u0e38\u0e13\u0e22\u0e38\u0e15\u0e34\u0e01\u0e32\u0e23\u0e14\u0e39\u0e2a\u0e37\u0e48\u0e2d\u0e40\u0e2b\u0e25\u0e48\u0e32\u0e19\u0e35\u0e49\u0e2b\u0e23\u0e37\u0e2d\u0e40\u0e21\u0e37\u0e48\u0e2d\u0e2a\u0e34\u0e49\u0e19\u0e2a\u0e38\u0e14\u0e43\u0e1a\u0e2d\u0e19\u0e38\u0e0d\u0e32\u0e15\u0e19\u0e35\u0e49 \u0e04\u0e38\u0e13\u0e15\u0e49\u0e2d\u0e07\u0e17\u0e33\u0e25\u0e32\u0e22\u0e2a\u0e37\u0e48\u0e2d\u0e17\u0e35\u0e48\u0e14\u0e32\u0e27\u0e19\u0e4c\u0e42\u0e2b\u0e25\u0e14\u0e43\u0e14\u0e46 \u0e17\u0e35\u0e48\u0e04\u0e38\u0e13\u0e04\u0e23\u0e2d\u0e1a\u0e04\u0e23\u0e2d\u0e07 \u0e44\u0e21\u0e48\u0e27\u0e48\u0e32\u0e08\u0e30\u0e40\u0e1b\u0e47\u0e19\u0e23\u0e39\u0e1b\u0e41\u0e1a\u0e1a\u0e2d\u0e34\u0e40\u0e25\u0e47\u0e01\u0e17\u0e23\u0e2d\u0e19\u0e34\u0e01\u0e2a\u0e4c\u0e2b\u0e23\u0e37\u0e2d\u0e1e\u0e34\u0e21\u0e1e\u0e4c\u0e01\u0e47\u0e15\u0e32\u0e21<\/p>\n\n\n\n<h2 class=\"wp-block-heading\"><strong>3. \u0e02\u0e49\u0e2d\u0e08\u0e33\u0e01\u0e31\u0e14\u0e04\u0e27\u0e32\u0e21\u0e23\u0e31\u0e1a\u0e1c\u0e34\u0e14\u0e0a\u0e2d\u0e1a<\/strong><\/h2>\n\n\n\n<ol class=\"wp-block-list\">\n<li>\u0e40\u0e19\u0e37\u0e49\u0e2d\u0e2b\u0e32\u0e1a\u0e19\u0e40\u0e27\u0e47\u0e1a\u0e44\u0e0b\u0e15\u0e4c\u0e02\u0e2d\u0e07 <strong>\u0e40\u0e14\u0e17\u0e21\u0e47\u0e2d\u0e1a <\/strong>\u0e21\u0e35\u0e43\u0e2b\u0e49\u0e15\u0e32\u0e21\u0e17\u0e35\u0e48\u0e40\u0e1b\u0e47\u0e19\u0e2d\u0e22\u0e39\u0e48 <strong>\u0e40\u0e14\u0e17\u0e21\u0e47\u0e2d\u0e1a <\/strong>\u0e44\u0e21\u0e48\u0e23\u0e31\u0e1a\u0e1b\u0e23\u0e30\u0e01\u0e31\u0e19\u0e43\u0e14\u0e46 \u0e44\u0e21\u0e48\u0e27\u0e48\u0e32\u0e42\u0e14\u0e22\u0e0a\u0e31\u0e14\u0e41\u0e08\u0e49\u0e07\u0e2b\u0e23\u0e37\u0e2d\u0e42\u0e14\u0e22\u0e19\u0e31\u0e22 \u0e41\u0e25\u0e30\u0e44\u0e21\u0e48\u0e22\u0e2d\u0e21\u0e23\u0e31\u0e1a\u0e41\u0e25\u0e30\u0e44\u0e21\u0e48\u0e22\u0e2d\u0e21\u0e23\u0e31\u0e1a\u0e01\u0e32\u0e23\u0e23\u0e31\u0e1a\u0e1b\u0e23\u0e30\u0e01\u0e31\u0e19\u0e2d\u0e37\u0e48\u0e19\u0e46 \u0e17\u0e31\u0e49\u0e07\u0e2b\u0e21\u0e14 \u0e23\u0e27\u0e21\u0e16\u0e36\u0e07\u0e41\u0e15\u0e48\u0e44\u0e21\u0e48\u0e08\u0e33\u0e01\u0e31\u0e14\u0e40\u0e1e\u0e35\u0e22\u0e07 \u0e01\u0e32\u0e23\u0e23\u0e31\u0e1a\u0e1b\u0e23\u0e30\u0e01\u0e31\u0e19\u0e42\u0e14\u0e22\u0e19\u0e31\u0e22\u0e2b\u0e23\u0e37\u0e2d\u0e40\u0e07\u0e37\u0e48\u0e2d\u0e19\u0e44\u0e02\u0e02\u0e2d\u0e07\u0e04\u0e27\u0e32\u0e21\u0e2a\u0e32\u0e21\u0e32\u0e23\u0e16\u0e43\u0e19\u0e01\u0e32\u0e23\u0e02\u0e32\u0e22 \u0e04\u0e27\u0e32\u0e21\u0e40\u0e2b\u0e21\u0e32\u0e30\u0e2a\u0e21\u0e2a\u0e33\u0e2b\u0e23\u0e31\u0e1a\u0e27\u0e31\u0e15\u0e16\u0e38\u0e1b\u0e23\u0e30\u0e2a\u0e07\u0e04\u0e4c\u0e40\u0e09\u0e1e\u0e32\u0e30 \u0e2b\u0e23\u0e37\u0e2d\u0e01\u0e32\u0e23\u0e44\u0e21\u0e48\u0e25\u0e30\u0e40\u0e21\u0e34\u0e14\u0e17\u0e23\u0e31\u0e1e\u0e22\u0e4c\u0e2a\u0e34\u0e19\u0e17\u0e32\u0e07\u0e1b\u0e31\u0e0d\u0e0d\u0e32\u0e2b\u0e23\u0e37\u0e2d\u0e01\u0e32\u0e23\u0e25\u0e30\u0e40\u0e21\u0e34\u0e14\u0e2a\u0e34\u0e17\u0e18\u0e34\u0e2d\u0e37\u0e48\u0e19\u0e46<\/li>\n\n\n\n<li>\u0e19\u0e2d\u0e01\u0e08\u0e32\u0e01\u0e19\u0e35\u0e49 <strong>\u0e40\u0e14\u0e17\u0e21\u0e47\u0e2d\u0e1a <\/strong>\u0e44\u0e21\u0e48\u0e23\u0e31\u0e1a\u0e1b\u0e23\u0e30\u0e01\u0e31\u0e19\u0e2b\u0e23\u0e37\u0e2d\u0e23\u0e31\u0e1a\u0e23\u0e2d\u0e07\u0e43\u0e14\u0e46 \u0e40\u0e01\u0e35\u0e48\u0e22\u0e27\u0e01\u0e31\u0e1a\u0e04\u0e27\u0e32\u0e21\u0e16\u0e39\u0e01\u0e15\u0e49\u0e2d\u0e07 \u0e1c\u0e25\u0e25\u0e31\u0e1e\u0e18\u0e4c\u0e17\u0e35\u0e48\u0e40\u0e1b\u0e47\u0e19\u0e44\u0e1b\u0e44\u0e14\u0e49 \u0e2b\u0e23\u0e37\u0e2d\u0e04\u0e27\u0e32\u0e21\u0e19\u0e48\u0e32\u0e40\u0e0a\u0e37\u0e48\u0e2d\u0e16\u0e37\u0e2d\u0e02\u0e2d\u0e07\u0e01\u0e32\u0e23\u0e43\u0e0a\u0e49\u0e40\u0e19\u0e37\u0e49\u0e2d\u0e2b\u0e32\u0e1a\u0e19\u0e40\u0e27\u0e47\u0e1a\u0e44\u0e0b\u0e15\u0e4c\u0e2b\u0e23\u0e37\u0e2d\u0e17\u0e35\u0e48\u0e40\u0e01\u0e35\u0e48\u0e22\u0e27\u0e02\u0e49\u0e2d\u0e07\u0e01\u0e31\u0e1a\u0e40\u0e19\u0e37\u0e49\u0e2d\u0e2b\u0e32\u0e14\u0e31\u0e07\u0e01\u0e25\u0e48\u0e32\u0e27 \u0e2b\u0e23\u0e37\u0e2d\u0e1a\u0e19\u0e40\u0e27\u0e47\u0e1a\u0e44\u0e0b\u0e15\u0e4c\u0e43\u0e14\u0e46 \u0e17\u0e35\u0e48\u0e25\u0e34\u0e07\u0e04\u0e4c\u0e21\u0e32\u0e22\u0e31\u0e07\u0e40\u0e27\u0e47\u0e1a\u0e44\u0e0b\u0e15\u0e4c\u0e19\u0e35\u0e49<\/li>\n<\/ol>\n\n\n\n<h2 class=\"wp-block-heading\"><strong>4. \u0e02\u0e49\u0e2d\u0e08\u0e33\u0e01\u0e31\u0e14<\/strong><\/h2>\n\n\n\n<p>\u0e44\u0e21\u0e48\u0e27\u0e48\u0e32\u0e01\u0e23\u0e13\u0e35\u0e43\u0e14 \u0e46 <strong>\u0e40\u0e14\u0e17\u0e21\u0e47\u0e2d\u0e1a <\/strong>\u0e2b\u0e23\u0e37\u0e2d\u0e0b\u0e31\u0e1e\u0e1e\u0e25\u0e32\u0e22\u0e40\u0e2d\u0e2d\u0e23\u0e4c\u0e08\u0e30\u0e15\u0e49\u0e2d\u0e07\u0e23\u0e31\u0e1a\u0e1c\u0e34\u0e14\u0e0a\u0e2d\u0e1a\u0e15\u0e48\u0e2d\u0e04\u0e27\u0e32\u0e21\u0e40\u0e2a\u0e35\u0e22\u0e2b\u0e32\u0e22\u0e43\u0e14\u0e46 (\u0e23\u0e27\u0e21\u0e16\u0e36\u0e07\u0e41\u0e15\u0e48\u0e44\u0e21\u0e48\u0e08\u0e33\u0e01\u0e31\u0e14\u0e40\u0e1e\u0e35\u0e22\u0e07\u0e04\u0e27\u0e32\u0e21\u0e40\u0e2a\u0e35\u0e22\u0e2b\u0e32\u0e22\u0e15\u0e48\u0e2d\u0e01\u0e32\u0e23\u0e2a\u0e39\u0e0d\u0e40\u0e2a\u0e35\u0e22\u0e02\u0e49\u0e2d\u0e21\u0e39\u0e25\u0e2b\u0e23\u0e37\u0e2d\u0e1c\u0e25\u0e01\u0e33\u0e44\u0e23 \u0e2b\u0e23\u0e37\u0e2d\u0e40\u0e19\u0e37\u0e48\u0e2d\u0e07\u0e08\u0e32\u0e01\u0e01\u0e32\u0e23\u0e2b\u0e22\u0e38\u0e14\u0e0a\u0e30\u0e07\u0e31\u0e01\u0e02\u0e2d\u0e07\u0e18\u0e38\u0e23\u0e01\u0e34\u0e08) \u0e17\u0e35\u0e48\u0e40\u0e01\u0e34\u0e14\u0e02\u0e36\u0e49\u0e19\u0e08\u0e32\u0e01\u0e01\u0e32\u0e23\u0e43\u0e0a\u0e49\u0e2b\u0e23\u0e37\u0e2d\u0e44\u0e21\u0e48\u0e2a\u0e32\u0e21\u0e32\u0e23\u0e16\u0e43\u0e0a\u0e49\u0e07\u0e32\u0e19\u0e40\u0e19\u0e37\u0e49\u0e2d\u0e2b\u0e32\u0e44\u0e14\u0e49 <strong>\u0e40\u0e14\u0e17\u0e21\u0e47\u0e2d\u0e1a<\/strong>, \u0e16\u0e36\u0e07\u0e41\u0e21\u0e49\u0e27\u0e48\u0e32 <strong>\u0e40\u0e14\u0e17\u0e21\u0e47\u0e2d\u0e1a <\/strong>\u0e2b\u0e23\u0e37\u0e2d\u0e1c\u0e39\u0e49\u0e41\u0e17\u0e19\u0e17\u0e35\u0e48\u0e44\u0e14\u0e49\u0e23\u0e31\u0e1a\u0e2d\u0e19\u0e38\u0e0d\u0e32\u0e15\u0e02\u0e2d\u0e07 <strong>\u0e40\u0e14\u0e17\u0e21\u0e47\u0e2d\u0e1a <\/strong>\u0e44\u0e14\u0e49\u0e23\u0e31\u0e1a\u0e41\u0e08\u0e49\u0e07\u0e42\u0e14\u0e22\u0e27\u0e32\u0e08\u0e32\u0e2b\u0e23\u0e37\u0e2d\u0e40\u0e1b\u0e47\u0e19\u0e25\u0e32\u0e22\u0e25\u0e31\u0e01\u0e29\u0e13\u0e4c\u0e2d\u0e31\u0e01\u0e29\u0e23\u0e16\u0e36\u0e07\u0e04\u0e27\u0e32\u0e21\u0e40\u0e1b\u0e47\u0e19\u0e44\u0e1b\u0e44\u0e14\u0e49\u0e17\u0e35\u0e48\u0e08\u0e30\u0e40\u0e01\u0e34\u0e14\u0e04\u0e27\u0e32\u0e21\u0e40\u0e2a\u0e35\u0e22\u0e2b\u0e32\u0e22\u0e14\u0e31\u0e07\u0e01\u0e25\u0e48\u0e32\u0e27 \u0e40\u0e19\u0e37\u0e48\u0e2d\u0e07\u0e08\u0e32\u0e01\u0e40\u0e02\u0e15\u0e2d\u0e33\u0e19\u0e32\u0e08\u0e28\u0e32\u0e25\u0e1a\u0e32\u0e07\u0e41\u0e2b\u0e48\u0e07\u0e44\u0e21\u0e48\u0e2d\u0e19\u0e38\u0e0d\u0e32\u0e15\u0e43\u0e2b\u0e49\u0e21\u0e35\u0e02\u0e49\u0e2d\u0e08\u0e33\u0e01\u0e31\u0e14\u0e40\u0e01\u0e35\u0e48\u0e22\u0e27\u0e01\u0e31\u0e1a\u0e01\u0e32\u0e23\u0e23\u0e31\u0e1a\u0e1b\u0e23\u0e30\u0e01\u0e31\u0e19\u0e42\u0e14\u0e22\u0e1b\u0e23\u0e34\u0e22\u0e32\u0e22 \u0e2b\u0e23\u0e37\u0e2d\u0e02\u0e49\u0e2d\u0e08\u0e33\u0e01\u0e31\u0e14\u0e04\u0e27\u0e32\u0e21\u0e23\u0e31\u0e1a\u0e1c\u0e34\u0e14\u0e2a\u0e33\u0e2b\u0e23\u0e31\u0e1a\u0e04\u0e27\u0e32\u0e21\u0e40\u0e2a\u0e35\u0e22\u0e2b\u0e32\u0e22\u0e17\u0e35\u0e48\u0e40\u0e1b\u0e47\u0e19\u0e1c\u0e25\u0e2a\u0e37\u0e1a\u0e40\u0e19\u0e37\u0e48\u0e2d\u0e07\u0e2b\u0e23\u0e37\u0e2d\u0e42\u0e14\u0e22\u0e1a\u0e31\u0e07\u0e40\u0e2d\u0e34\u0e0d \u0e02\u0e49\u0e2d\u0e08\u0e33\u0e01\u0e31\u0e14\u0e40\u0e2b\u0e25\u0e48\u0e32\u0e19\u0e35\u0e49\u0e08\u0e36\u0e07\u0e2d\u0e32\u0e08\u0e44\u0e21\u0e48\u0e19\u0e33\u0e44\u0e1b\u0e43\u0e0a\u0e49\u0e01\u0e31\u0e1a\u0e04\u0e38\u0e13<\/p>\n\n\n\n<h2 class=\"wp-block-heading\"><strong>5. \u0e04\u0e27\u0e32\u0e21\u0e41\u0e21\u0e48\u0e19\u0e22\u0e33\u0e02\u0e2d\u0e07\u0e27\u0e31\u0e2a\u0e14\u0e38<\/strong><\/h2>\n\n\n\n<p>\u0e40\u0e19\u0e37\u0e49\u0e2d\u0e2b\u0e32\u0e17\u0e35\u0e48\u0e41\u0e2a\u0e14\u0e07\u0e1a\u0e19\u0e40\u0e27\u0e47\u0e1a\u0e44\u0e0b\u0e15\u0e4c\u0e02\u0e2d\u0e07 <strong>\u0e40\u0e14\u0e17\u0e21\u0e47\u0e2d\u0e1a <\/strong>\u0e2d\u0e32\u0e08\u0e23\u0e27\u0e21\u0e16\u0e36\u0e07\u0e02\u0e49\u0e2d\u0e1c\u0e34\u0e14\u0e1e\u0e25\u0e32\u0e14\u0e14\u0e49\u0e32\u0e19\u0e40\u0e17\u0e04\u0e19\u0e34\u0e04 \u0e15\u0e31\u0e27\u0e2d\u0e31\u0e01\u0e29\u0e23 \u0e2b\u0e23\u0e37\u0e2d\u0e20\u0e32\u0e1e\u0e16\u0e48\u0e32\u0e22 <strong>\u0e40\u0e14\u0e17\u0e21\u0e47\u0e2d\u0e1a <\/strong>\u0e44\u0e21\u0e48\u0e23\u0e31\u0e1a\u0e1b\u0e23\u0e30\u0e01\u0e31\u0e19\u0e27\u0e48\u0e32\u0e40\u0e19\u0e37\u0e49\u0e2d\u0e2b\u0e32\u0e43\u0e14 \u0e46 \u0e1a\u0e19\u0e40\u0e27\u0e47\u0e1a\u0e44\u0e0b\u0e15\u0e4c\u0e08\u0e30\u0e16\u0e39\u0e01\u0e15\u0e49\u0e2d\u0e07 \u0e2a\u0e21\u0e1a\u0e39\u0e23\u0e13\u0e4c \u0e2b\u0e23\u0e37\u0e2d\u0e40\u0e1b\u0e47\u0e19\u0e1b\u0e31\u0e08\u0e08\u0e38\u0e1a\u0e31\u0e19 <strong>\u0e40\u0e14\u0e17\u0e21\u0e47\u0e2d\u0e1a <\/strong>\u0e2d\u0e32\u0e08\u0e17\u0e33\u0e01\u0e32\u0e23\u0e40\u0e1b\u0e25\u0e35\u0e48\u0e22\u0e19\u0e41\u0e1b\u0e25\u0e07\u0e40\u0e19\u0e37\u0e49\u0e2d\u0e2b\u0e32\u0e1a\u0e19\u0e40\u0e27\u0e47\u0e1a\u0e44\u0e0b\u0e15\u0e4c\u0e44\u0e14\u0e49\u0e15\u0e25\u0e2d\u0e14\u0e40\u0e27\u0e25\u0e32\u0e42\u0e14\u0e22\u0e44\u0e21\u0e48\u0e15\u0e49\u0e2d\u0e07\u0e41\u0e08\u0e49\u0e07\u0e43\u0e2b\u0e49\u0e17\u0e23\u0e32\u0e1a\u0e25\u0e48\u0e27\u0e07\u0e2b\u0e19\u0e49\u0e32 \u0e2d\u0e22\u0e48\u0e32\u0e07\u0e44\u0e23\u0e01\u0e47\u0e15\u0e32\u0e21, <strong>\u0e40\u0e14\u0e17\u0e21\u0e47\u0e2d\u0e1a <\/strong>\u0e44\u0e21\u0e48\u0e23\u0e31\u0e1a\u0e17\u0e33\u0e01\u0e32\u0e23\u0e2d\u0e31\u0e1e\u0e40\u0e14\u0e17\u0e02\u0e49\u0e2d\u0e21\u0e39\u0e25<\/p>\n\n\n\n<h2 class=\"wp-block-heading\"><strong>6. \u0e25\u0e34\u0e07\u0e04\u0e4c<\/strong><\/h2>\n\n\n\n<p>\u0e40\u0e14\u0e2d\u0e30 <strong>\u0e40\u0e14\u0e17\u0e21\u0e47\u0e2d\u0e1a <\/strong>\u0e44\u0e21\u0e48\u0e44\u0e14\u0e49\u0e15\u0e23\u0e27\u0e08\u0e2a\u0e2d\u0e1a\u0e44\u0e0b\u0e15\u0e4c\u0e17\u0e31\u0e49\u0e07\u0e2b\u0e21\u0e14\u0e17\u0e35\u0e48\u0e25\u0e34\u0e07\u0e04\u0e4c\u0e44\u0e1b\u0e22\u0e31\u0e07\u0e40\u0e27\u0e47\u0e1a\u0e44\u0e0b\u0e15\u0e4c\u0e02\u0e2d\u0e07\u0e15\u0e19\u0e41\u0e25\u0e30\u0e08\u0e30\u0e44\u0e21\u0e48\u0e23\u0e31\u0e1a\u0e1c\u0e34\u0e14\u0e0a\u0e2d\u0e1a\u0e15\u0e48\u0e2d\u0e40\u0e19\u0e37\u0e49\u0e2d\u0e2b\u0e32\u0e02\u0e2d\u0e07\u0e44\u0e0b\u0e15\u0e4c\u0e17\u0e35\u0e48\u0e25\u0e34\u0e07\u0e04\u0e4c\u0e43\u0e14\u0e46 \u0e01\u0e32\u0e23\u0e23\u0e27\u0e21\u0e25\u0e34\u0e07\u0e01\u0e4c\u0e43\u0e14 \u0e46 \u0e44\u0e21\u0e48\u0e44\u0e14\u0e49\u0e2b\u0e21\u0e32\u0e22\u0e04\u0e27\u0e32\u0e21\u0e16\u0e36\u0e07\u0e01\u0e32\u0e23\u0e23\u0e31\u0e1a\u0e23\u0e2d\u0e07\u0e42\u0e14\u0e22 <strong>\u0e40\u0e14\u0e17\u0e21\u0e47\u0e2d\u0e1a <\/strong>\u0e02\u0e2d\u0e07\u0e40\u0e27\u0e47\u0e1a\u0e44\u0e0b\u0e15\u0e4c \u0e01\u0e32\u0e23\u0e43\u0e0a\u0e49\u0e40\u0e27\u0e47\u0e1a\u0e44\u0e0b\u0e15\u0e4c\u0e17\u0e35\u0e48\u0e40\u0e0a\u0e37\u0e48\u0e2d\u0e21\u0e42\u0e22\u0e07\u0e43\u0e14 \u0e46 \u0e16\u0e37\u0e2d\u0e40\u0e1b\u0e47\u0e19\u0e04\u0e27\u0e32\u0e21\u0e40\u0e2a\u0e35\u0e48\u0e22\u0e07\u0e02\u0e2d\u0e07\u0e1c\u0e39\u0e49\u0e43\u0e0a\u0e49\u0e40\u0e2d\u0e07<\/p>\n\n\n\n<h3 class=\"wp-block-heading\"><strong>\u0e01\u0e32\u0e23\u0e1b\u0e23\u0e31\u0e1a\u0e40\u0e1b\u0e25\u0e35\u0e48\u0e22\u0e19<\/strong><\/h3>\n\n\n\n<p>\u0e40\u0e14\u0e2d\u0e30 <strong>\u0e40\u0e14\u0e17\u0e21\u0e47\u0e2d\u0e1a <\/strong>\u0e2d\u0e32\u0e08\u0e41\u0e01\u0e49\u0e44\u0e02\u0e40\u0e07\u0e37\u0e48\u0e2d\u0e19\u0e44\u0e02\u0e01\u0e32\u0e23\u0e43\u0e2b\u0e49\u0e1a\u0e23\u0e34\u0e01\u0e32\u0e23\u0e40\u0e27\u0e47\u0e1a\u0e44\u0e0b\u0e15\u0e4c\u0e19\u0e35\u0e49\u0e44\u0e14\u0e49\u0e15\u0e25\u0e2d\u0e14\u0e40\u0e27\u0e25\u0e32\u0e42\u0e14\u0e22\u0e44\u0e21\u0e48\u0e15\u0e49\u0e2d\u0e07\u0e41\u0e08\u0e49\u0e07\u0e43\u0e2b\u0e49\u0e17\u0e23\u0e32\u0e1a\u0e25\u0e48\u0e27\u0e07\u0e2b\u0e19\u0e49\u0e32 \u0e40\u0e21\u0e37\u0e48\u0e2d\u0e04\u0e38\u0e13\u0e43\u0e0a\u0e49\u0e40\u0e27\u0e47\u0e1a\u0e44\u0e0b\u0e15\u0e4c\u0e19\u0e35\u0e49 \u0e41\u0e2a\u0e14\u0e07\u0e27\u0e48\u0e32\u0e04\u0e38\u0e13\u0e15\u0e01\u0e25\u0e07\u0e17\u0e35\u0e48\u0e08\u0e30\u0e1c\u0e39\u0e01\u0e1e\u0e31\u0e19\u0e15\u0e32\u0e21\u0e40\u0e07\u0e37\u0e48\u0e2d\u0e19\u0e44\u0e02\u0e01\u0e32\u0e23\u0e1a\u0e23\u0e34\u0e01\u0e32\u0e23\u0e09\u0e1a\u0e31\u0e1a\u0e1b\u0e31\u0e08\u0e08\u0e38\u0e1a\u0e31\u0e19<\/p>\n\n\n\n<h3 class=\"wp-block-heading\"><strong>\u0e01\u0e0e\u0e2b\u0e21\u0e32\u0e22\u0e17\u0e35\u0e48\u0e43\u0e0a\u0e49\u0e1a\u0e31\u0e07\u0e04\u0e31\u0e1a<\/strong><\/h3>\n\n\n\n<p>\u0e02\u0e49\u0e2d\u0e01\u0e33\u0e2b\u0e19\u0e14\u0e41\u0e25\u0e30\u0e40\u0e07\u0e37\u0e48\u0e2d\u0e19\u0e44\u0e02\u0e40\u0e2b\u0e25\u0e48\u0e32\u0e19\u0e35\u0e49\u0e44\u0e14\u0e49\u0e23\u0e31\u0e1a\u0e01\u0e32\u0e23\u0e04\u0e27\u0e1a\u0e04\u0e38\u0e21\u0e41\u0e25\u0e30\u0e15\u0e35\u0e04\u0e27\u0e32\u0e21\u0e15\u0e32\u0e21\u0e01\u0e0e\u0e2b\u0e21\u0e32\u0e22\u0e02\u0e2d\u0e07 <strong>\u0e40\u0e14\u0e17\u0e21\u0e47\u0e2d\u0e1a <\/strong>\u0e41\u0e25\u0e30\u0e04\u0e38\u0e13\u0e22\u0e34\u0e19\u0e22\u0e2d\u0e21\u0e2d\u0e22\u0e48\u0e32\u0e07\u0e40\u0e14\u0e47\u0e14\u0e02\u0e32\u0e14\u0e43\u0e2b\u0e49\u0e2d\u0e22\u0e39\u0e48\u0e20\u0e32\u0e22\u0e43\u0e15\u0e49\u0e40\u0e02\u0e15\u0e2d\u0e33\u0e19\u0e32\u0e08\u0e28\u0e32\u0e25\u0e1e\u0e34\u0e40\u0e28\u0e29\u0e02\u0e2d\u0e07\u0e23\u0e31\u0e10\u0e2b\u0e23\u0e37\u0e2d\u0e2a\u0e16\u0e32\u0e19\u0e17\u0e35\u0e48\u0e19\u0e31\u0e49\u0e19<\/p>","protected":false},"excerpt":{"rendered":"<p>1. Termos Ao acessar ao site DateMobs, concorda em cumprir estes termos de servi\u00e7o, todas as leis e regulamentos aplic\u00e1veis \u200b\u200be concorda que \u00e9 respons\u00e1vel pelo cumprimento de todas as leis locais aplic\u00e1veis. Se voc\u00ea n\u00e3o concordar com algum desses termos, est\u00e1 proibido de usar ou acessar este site. Os materiais contidos neste site s\u00e3o &#8230; <a title=\"\u0e40\u0e07\u0e37\u0e48\u0e2d\u0e19\u0e44\u0e02\u0e01\u0e32\u0e23\u0e43\u0e0a\u0e49\u0e07\u0e32\u0e19\" class=\"read-more\" href=\"https:\/\/datemobs.com\/th\/%e0%b9%80%e0%b8%87%e0%b8%b7%e0%b9%88%e0%b8%ad%e0%b8%99%e0%b9%84%e0%b8%82%e0%b8%81%e0%b8%b2%e0%b8%a3%e0%b9%83%e0%b8%8a%e0%b9%89%e0%b8%87%e0%b8%b2%e0%b8%99\/\" aria-label=\"Read more about Termos de Uso\">\u0e2d\u0e48\u0e32\u0e19\u0e40\u0e1e\u0e34\u0e48\u0e21\u0e40\u0e15\u0e34\u0e21<\/a><\/p>","protected":false},"author":1,"featured_media":0,"parent":0,"menu_order":0,"comment_status":"closed","ping_status":"closed","template":"","meta":{"footnotes":""},"class_list":["post-850","page","type-page","status-publish"],"_links":{"self":[{"href":"https:\/\/datemobs.com\/th\/wp-json\/wp\/v2\/pages\/850","targetHints":{"allow":["GET"]}}],"collection":[{"href":"https:\/\/datemobs.com\/th\/wp-json\/wp\/v2\/pages"}],"about":[{"href":"https:\/\/datemobs.com\/th\/wp-json\/wp\/v2\/types\/page"}],"author":[{"embeddable":true,"href":"https:\/\/datemobs.com\/th\/wp-json\/wp\/v2\/users\/1"}],"replies":[{"embeddable":true,"href":"https:\/\/datemobs.com\/th\/wp-json\/wp\/v2\/comments?post=850"}],"version-history":[{"count":1,"href":"https:\/\/datemobs.com\/th\/wp-json\/wp\/v2\/pages\/850\/revisions"}],"predecessor-version":[{"id":851,"href":"https:\/\/datemobs.com\/th\/wp-json\/wp\/v2\/pages\/850\/revisions\/851"}],"wp:attachment":[{"href":"https:\/\/datemobs.com\/th\/wp-json\/wp\/v2\/media?parent=850"}],"curies":[{"name":"wp","href":"https:\/\/api.w.org\/{rel}","templated":true}]}}