{"id":3,"date":"2025-03-22T05:11:17","date_gmt":"2025-03-22T05:11:17","guid":{"rendered":"https:\/\/datemobs.com\/?page_id=3"},"modified":"2025-03-22T05:38:42","modified_gmt":"2025-03-22T05:38:42","slug":"gizlilik-politikasi","status":"publish","type":"page","link":"https:\/\/datemobs.com\/tr\/gizlilik-politikasi\/","title":{"rendered":"Gizlilik Politikas\u0131"},"content":{"rendered":"<p><span style=\"color: #444444;\">Gizlili\u011finiz bizim i\u00e7in \u00f6nemlidir. Bu, politikan\u0131n bir par\u00e7as\u0131d\u0131r. <strong>DateMob&#039;lar<\/strong> Web sitesinde sizden toplayabilece\u011fimiz herhangi bir bilgiyle ilgili olarak gizlili\u011finize sayg\u0131 duyuyoruz <strong><a href=\"\/tr\/datemobs.com\/\">DateMob&#039;lar<\/a><\/strong>ve sahip oldu\u011fumuz ve i\u015fletti\u011fimiz di\u011fer web siteleri.<\/span><\/p>\n<p><span style=\"color: #444444;\">Ki\u015fisel bilgilerinizi yaln\u0131zca size bir hizmet sunmak i\u00e7in ger\u00e7ekten ihtiya\u00e7 duydu\u011fumuzda isteriz. Bunu adil ve yasal yollarla, sizin bilginiz ve onay\u0131n\u0131zla yap\u0131yoruz. Ayr\u0131ca neden toplad\u0131\u011f\u0131m\u0131z\u0131 ve nas\u0131l kullan\u0131laca\u011f\u0131n\u0131 da size bildiriyoruz.<\/span><\/p>\n<p><span style=\"color: #444444;\">Toplanan bilgileri yaln\u0131zca size talep etti\u011finiz hizmeti sunmak i\u00e7in gerekli oldu\u011fu s\u00fcrece saklar\u0131z. Saklad\u0131\u011f\u0131m\u0131z verileri, kaybolmay\u0131 ve h\u0131rs\u0131zl\u0131\u011f\u0131, ayr\u0131ca yetkisiz eri\u015fimi, if\u015fay\u0131, kopyalamay\u0131, kullan\u0131m\u0131 veya de\u011fi\u015fikli\u011fi \u00f6nlemek i\u00e7in ticari olarak kabul edilebilir yollarla koruyaca\u011f\u0131z.<\/span><\/p>\n<p><span style=\"color: #444444;\">Yasalarca zorunlu k\u0131l\u0131nmad\u0131\u011f\u0131 s\u00fcrece, ki\u015fisel olarak tan\u0131mlay\u0131c\u0131 hi\u00e7bir bilgiyi kamuoyuyla veya \u00fc\u00e7\u00fcnc\u00fc taraflarla payla\u015fm\u0131yoruz.<\/span><\/p>\n<p><span style=\"color: #444444;\">Web sitemiz, taraf\u0131m\u0131zca i\u015fletilmeyen harici web sitelerine ba\u011flant\u0131lar i\u00e7erebilir. L\u00fctfen bu sitelerin i\u00e7eri\u011fi ve uygulamalar\u0131 \u00fczerinde hi\u00e7bir kontrol\u00fcm\u00fcz olmad\u0131\u011f\u0131n\u0131 ve bunlar\u0131n ilgili i\u00e7erikleri ve uygulamalar\u0131 i\u00e7in sorumluluk kabul edemeyece\u011fimizi unutmay\u0131n.\u00a0<\/span><a style=\"background-color: transparent; color: #444444;\" href=\"https:\/\/politicaprivacidade.com\/\" target=\"_blank\" rel=\"noopener noreferrer\">gizlilik politikalar\u0131<\/a><span style=\"color: #444444;\">.<\/span><\/p>\n<p><span style=\"color: #444444;\">\u0130stedi\u011finiz hizmetlerin bir k\u0131sm\u0131n\u0131 size sa\u011flayamamam\u0131z durumunda ki\u015fisel bilgilerinizle ilgili talebimizi reddetmekte \u00f6zg\u00fcrs\u00fcn\u00fcz.<\/span><\/p>\n<p><span style=\"color: #444444;\">Web sitemizi kullanmaya devam etmeniz, gizlilik ve ki\u015fisel bilgiler konusundaki uygulamalar\u0131m\u0131z\u0131 kabul etti\u011finiz anlam\u0131na gelecektir. Kullan\u0131c\u0131 verilerini ve ki\u015fisel bilgileri nas\u0131l i\u015fledi\u011fimiz konusunda herhangi bir sorunuz varsa l\u00fctfen bizimle ileti\u015fime ge\u00e7in.<\/span><\/p>\n<ul>\n<li><span style=\"color: #444444;\">Reklam sunmak i\u00e7in kulland\u0131\u011f\u0131m\u0131z Google AdSense hizmeti, web genelinde daha alakal\u0131 reklamlar sunmak ve belirli bir reklam\u0131n size g\u00f6sterilme say\u0131s\u0131n\u0131 s\u0131n\u0131rlamak i\u00e7in DoubleClick \u00e7erezini kullan\u0131r.<\/span><\/li>\n<li><span style=\"color: #444444;\">Google AdSense hakk\u0131nda daha fazla bilgi i\u00e7in resmi Google AdSense Gizlilik SSS&#039;lerine bak\u0131n.<\/span><\/li>\n<li><span style=\"color: #444444;\">Bu web sitesinin i\u015fletme maliyetlerini kar\u015f\u0131lamak ve gelecekteki geli\u015ftirmeler i\u00e7in fon sa\u011flamak amac\u0131yla reklamlardan yararlan\u0131yoruz. Bu site taraf\u0131ndan kullan\u0131lan davran\u0131\u015fsal reklam \u00e7erezleri, ilgi alanlar\u0131n\u0131z\u0131 anonim olarak takip ederek ve ilginizi \u00e7ekebilecek benzer \u015feyleri sunarak m\u00fcmk\u00fcn oldu\u011funca size en alakal\u0131 reklamlar\u0131 sunmam\u0131z\u0131 sa\u011flamak i\u00e7in tasarlanm\u0131\u015ft\u0131r.<\/span><\/li>\n<li><span style=\"color: #444444;\">Birka\u00e7 ortak bizim ad\u0131m\u0131za reklam verir ve i\u015ftirak izleme \u00e7erezleri, m\u00fc\u015fterilerimizin sitemize ortak sitelerimizden biri arac\u0131l\u0131\u011f\u0131yla gelip gelmedi\u011fini g\u00f6rmemizi sa\u011flar, b\u00f6ylece onlara uygun \u015fekilde kredi verebiliriz ve uygun durumlarda i\u015ftirak ortaklar\u0131m\u0131z\u0131n size bir sat\u0131n alma i\u015flemi yapman\u0131z kar\u015f\u0131l\u0131\u011f\u0131nda sa\u011flayabilecekleri herhangi bir bonusu sa\u011flamalar\u0131na olanak tan\u0131r\u0131z.<\/span><\/li>\n<\/ul>\n<h3><strong><span style=\"color: #444444;\">Kullan\u0131c\u0131 Taahh\u00fcd\u00fc<\/span><\/strong><\/h3>\n<p><span style=\"color: #444444;\">Kullan\u0131c\u0131, kendisine sa\u011flanan i\u00e7erik ve bilgileri uygun \u015fekilde kullanmay\u0131 taahh\u00fct eder. <strong>DateMob&#039;lar<\/strong> web sitesinde sunulan teklifler ve \u00f6rnek olarak, ancak bunlarla s\u0131n\u0131rl\u0131 olmamak \u00fczere:<\/span><\/p>\n<ul>\n<li><span style=\"color: #444444;\">A) Hukuka ayk\u0131r\u0131, iyi niyet ve kamu d\u00fczenine ayk\u0131r\u0131 faaliyetlerde bulunmamak;<\/span><\/li>\n<li><span style=\"color: #444444;\">B) Irk\u00e7\u0131, yabanc\u0131 d\u00fc\u015fman\u0131 nitelikte propaganda veya i\u00e7erik yaymay\u0131n, <\/span><span style=\"color: #212529;\">166bahis<\/span><span style=\"color: #444444;\"> veya k\u00f6t\u00fc \u015fans, ter\u00f6rizmi destekleyen veya insan haklar\u0131na ayk\u0131r\u0131 her t\u00fcrl\u00fc yasad\u0131\u015f\u0131 pornografi;<\/span><\/li>\n<li><span style=\"color: #444444;\">C) Bilgisayar\u0131n fiziksel (donan\u0131m) ve mant\u0131ksal (yaz\u0131l\u0131m) sistemlerine zarar vermeyin. <strong>DateMob&#039;lar<\/strong>, tedarik\u00e7ileri veya \u00fc\u00e7\u00fcnc\u00fc \u015fah\u0131slar taraf\u0131ndan, yukar\u0131da belirtilen zarara yol a\u00e7abilecek bilgisayar vir\u00fcsleri veya di\u011fer donan\u0131m veya yaz\u0131l\u0131m sistemlerini tan\u0131tmak veya yaymak yasakt\u0131r.<\/span><\/li>\n<\/ul>\n<h3><strong><span style=\"color: #444444;\">Daha fazla bilgi<\/span><\/strong><\/h3>\n<p><span style=\"color: #444444;\">Umar\u0131m bu sizin i\u00e7in konuyu a\u00e7\u0131kl\u0131\u011fa kavu\u015fturmu\u015ftur. Daha \u00f6nce de belirtildi\u011fi gibi, ihtiyac\u0131n\u0131z olup olmad\u0131\u011f\u0131ndan emin olmad\u0131\u011f\u0131n\u0131z bir \u015fey varsa, sitemizde kulland\u0131\u011f\u0131n\u0131z \u00f6zelliklerden biriyle etkile\u015fime girmesi durumunda \u00e7erezleri etkin b\u0131rakmak genellikle daha g\u00fcvenlidir.<\/span><\/p>\n<p><em><strong><span style=\"color: #444444;\">Bu politika 22 Mart 2025 saat 05:36 itibar\u0131yla y\u00fcr\u00fcrl\u00fc\u011fe girer.<\/span><\/strong><\/em><\/p>","protected":false},"excerpt":{"rendered":"<p>A sua privacidade \u00e9 importante para n\u00f3s. \u00c9 pol\u00edtica do DateMobs respeitar a sua privacidade em rela\u00e7\u00e3o a qualquer informa\u00e7\u00e3o sua que possamos coletar no site DateMobs, e outros sites que possu\u00edmos e operamos. Solicitamos informa\u00e7\u00f5es pessoais apenas quando realmente precisamos delas para lhe fornecer um servi\u00e7o. Fazemo-lo por meios justos e legais, com o &#8230; <a title=\"Gizlilik Politikas\u0131\" class=\"read-more\" href=\"https:\/\/datemobs.com\/tr\/gizlilik-politikasi\/\" aria-label=\"Read more about Pol\u00edtica de Privacidade\">devam\u0131n\u0131 oku<\/a><\/p>","protected":false},"author":1,"featured_media":0,"parent":0,"menu_order":0,"comment_status":"closed","ping_status":"open","template":"","meta":{"footnotes":""},"class_list":["post-3","page","type-page","status-publish"],"_links":{"self":[{"href":"https:\/\/datemobs.com\/tr\/wp-json\/wp\/v2\/pages\/3","targetHints":{"allow":["GET"]}}],"collection":[{"href":"https:\/\/datemobs.com\/tr\/wp-json\/wp\/v2\/pages"}],"about":[{"href":"https:\/\/datemobs.com\/tr\/wp-json\/wp\/v2\/types\/page"}],"author":[{"embeddable":true,"href":"https:\/\/datemobs.com\/tr\/wp-json\/wp\/v2\/users\/1"}],"replies":[{"embeddable":true,"href":"https:\/\/datemobs.com\/tr\/wp-json\/wp\/v2\/comments?post=3"}],"version-history":[{"count":2,"href":"https:\/\/datemobs.com\/tr\/wp-json\/wp\/v2\/pages\/3\/revisions"}],"predecessor-version":[{"id":849,"href":"https:\/\/datemobs.com\/tr\/wp-json\/wp\/v2\/pages\/3\/revisions\/849"}],"wp:attachment":[{"href":"https:\/\/datemobs.com\/tr\/wp-json\/wp\/v2\/media?parent=3"}],"curies":[{"name":"wp","href":"https:\/\/api.w.org\/{rel}","templated":true}]}}