{"id":819,"date":"2022-11-08T18:30:39","date_gmt":"2022-11-08T18:30:39","guid":{"rendered":"https:\/\/sites.generatepress.com\/info\/?page_id=819"},"modified":"2025-03-22T05:35:13","modified_gmt":"2025-03-22T05:35:13","slug":"biz-kimiz","status":"publish","type":"page","link":"https:\/\/datemobs.com\/tr\/biz-kimiz\/","title":{"rendered":"Biz Kimiz"},"content":{"rendered":"<p>Ho\u015f geldiniz <strong>DateMobs.com<\/strong>, insanlar\u0131 ger\u00e7ek ve e\u011flenceli bir \u015fekilde birbirine ba\u011flayacak yeni platformunuz! Burada <strong>DateMob&#039;lar<\/strong>\u0130nsan ili\u015fkilerinin ya\u015fam\u0131n \u00f6z\u00fc oldu\u011funa inan\u0131yoruz ve misyonumuz bu ili\u015fkileri herkes i\u00e7in daha eri\u015filebilir ve anlaml\u0131 k\u0131lmakt\u0131r.<\/p>\n\n\n\n<h2 class=\"wp-block-heading\">Misyonumuz<\/h2>\n\n\n\n<p>\u0130nsanlar\u0131n \u00e7evrimi\u00e7i ortamda tan\u0131\u015fma ve etkile\u015fim kurma bi\u00e7imini d\u00f6n\u00fc\u015ft\u00fcrmek istiyoruz. En son teknolojiyi insan dokunu\u015fuyla birle\u015ftirerek, basit, g\u00fcvenli ve olas\u0131l\u0131klarla dolu bir \u015fekilde \u00f6zel birini bulman\u0131z\u0131 sa\u011fl\u0131yoruz.<\/p>\n\n\n\n<h2 class=\"wp-block-heading\">Bizi Farkl\u0131 K\u0131lan Nedir?<\/h2>\n\n\n\n<ul class=\"wp-block-list\">\n<li><strong>\u00d6nce G\u00fcvenlik:<\/strong> Gizlili\u011finizi ve g\u00fcvenli\u011finizi ciddiye al\u0131yor, piyasadaki en iyi veri koruma \u00f6zelliklerini kullan\u0131yoruz.<\/li>\n\n\n\n<li><strong>Ger\u00e7ek Profiller:<\/strong> Platformumuz ger\u00e7ek profil olu\u015fturman\u0131z\u0131 ve do\u011frulaman\u0131z\u0131 te\u015fvik eder, b\u00f6ylece ger\u00e7ek insanlarla etkile\u015fime girersiniz.<\/li>\n\n\n\n<li><strong>Etkile\u015fim:<\/strong> K\u0131sa videolar ve yarat\u0131c\u0131 mesajlar gibi \u00f6ne \u00e7\u0131kman\u0131za ve kendinizi ifade etmenize yard\u0131mc\u0131 olacak modern, dinamik \u00f6zellikler.<\/li>\n<\/ul>\n\n\n\n<h2 class=\"wp-block-heading\">Tarih\u00e7emiz<\/h2>\n\n\n\n<p>O <strong>DateMob&#039;lar <\/strong>\u0130nsanlar\u0131n ger\u00e7ek ihtiya\u00e7lar\u0131yla uyumlu, daha hafif, daha basit bir \u00e7evrimi\u00e7i fl\u00f6rt deneyimi yaratma fikrinden do\u011fdu. Ba\u015f\u0131ndan beri kendiniz olabilece\u011finiz ve ger\u00e7ek ba\u011flant\u0131lar bulabilece\u011finiz bir ortam sa\u011flamay\u0131 ama\u00e7lad\u0131k.<\/p>\n\n\n\n<h2 class=\"wp-block-heading\">Neden Se\u00e7melisiniz <strong>DateMob&#039;lar<\/strong>?<\/h2>\n\n\n\n<p>\u0130ster fl\u00f6rt uygulamalar\u0131 d\u00fcnyas\u0131na yeni ad\u0131m atm\u0131\u015f olun, ister farkl\u0131 bir \u015feyler arayan deneyimli biri olun, <strong>DateMob&#039;lar <\/strong>teklifler:<\/p>\n\n\n\n<ul class=\"wp-block-list\">\n<li>Sezgisel ve zahmetsiz bir deneyim.<\/li>\n\n\n\n<li>Kat\u0131l\u0131mc\u0131 ve \u00e7e\u015fitli bir topluluk.<\/li>\n\n\n\n<li>Ger\u00e7ekten ba\u011flar ve an\u0131lar olu\u015fturman\u0131za yard\u0131mc\u0131 olan ara\u00e7lar.<\/li>\n<\/ul>\n\n\n\n<p>Toplulu\u011fumuzun bir par\u00e7as\u0131 olun ve nas\u0131l oldu\u011funu ke\u015ffedin <strong>DateMob&#039;lar <\/strong>a\u015fk hayat\u0131n\u0131z\u0131 de\u011fi\u015ftirebilir. Bir sonraki a\u015fk hikayenizi yazman\u0131za yard\u0131mc\u0131 olmak i\u00e7in buraday\u0131z - ya da sadece iyi kahkahalar ve unutulmaz anlar i\u00e7in arkada\u015f bulman\u0131z\u0131 sa\u011flamak i\u00e7in.<\/p>\n\n\n\n<p><strong>DateMobs.com<\/strong>: Ger\u00e7ek ba\u011flant\u0131lar\u0131n ba\u015flad\u0131\u011f\u0131 yer!<\/p>","protected":false},"excerpt":{"rendered":"<p>\u0130nsanlar\u0131 ger\u00e7ek ve e\u011flenceli bir \u015fekilde bir araya getiren yeni platformunuz DateMobs.com&#039;a ho\u015f geldiniz! DateMobs&#039;ta, insan ba\u011flant\u0131lar\u0131n\u0131n ya\u015fam\u0131n \u00f6z\u00fc oldu\u011funa inan\u0131yoruz ve misyonumuz bu ba\u011flant\u0131lar\u0131 herkes i\u00e7in daha eri\u015filebilir ve anlaml\u0131 hale getirmektir. Misyonumuz \u0130nsanlar\u0131n \u00e7evrimi\u00e7i ortamda tan\u0131\u015fma ve etkile\u015fim kurma bi\u00e7imini d\u00f6n\u00fc\u015ft\u00fcrmek istiyoruz. \u2026 <a title=\"Biz Kimiz\" class=\"read-more\" href=\"https:\/\/datemobs.com\/tr\/biz-kimiz\/\" aria-label=\"Read more about Quem Somos\">devam\u0131n\u0131 oku<\/a><\/p>","protected":false},"author":1,"featured_media":0,"parent":0,"menu_order":0,"comment_status":"closed","ping_status":"closed","template":"","meta":{"footnotes":""},"class_list":["post-819","page","type-page","status-publish"],"_links":{"self":[{"href":"https:\/\/datemobs.com\/tr\/wp-json\/wp\/v2\/pages\/819","targetHints":{"allow":["GET"]}}],"collection":[{"href":"https:\/\/datemobs.com\/tr\/wp-json\/wp\/v2\/pages"}],"about":[{"href":"https:\/\/datemobs.com\/tr\/wp-json\/wp\/v2\/types\/page"}],"author":[{"embeddable":true,"href":"https:\/\/datemobs.com\/tr\/wp-json\/wp\/v2\/users\/1"}],"replies":[{"embeddable":true,"href":"https:\/\/datemobs.com\/tr\/wp-json\/wp\/v2\/comments?post=819"}],"version-history":[{"count":5,"href":"https:\/\/datemobs.com\/tr\/wp-json\/wp\/v2\/pages\/819\/revisions"}],"predecessor-version":[{"id":847,"href":"https:\/\/datemobs.com\/tr\/wp-json\/wp\/v2\/pages\/819\/revisions\/847"}],"wp:attachment":[{"href":"https:\/\/datemobs.com\/tr\/wp-json\/wp\/v2\/media?parent=819"}],"curies":[{"name":"wp","href":"https:\/\/api.w.org\/{rel}","templated":true}]}}