{"id":850,"date":"2025-03-22T05:40:19","date_gmt":"2025-03-22T05:40:19","guid":{"rendered":"https:\/\/datemobs.com\/?page_id=850"},"modified":"2025-03-22T05:40:19","modified_gmt":"2025-03-22T05:40:19","slug":"kullanim-sartlari","status":"publish","type":"page","link":"https:\/\/datemobs.com\/tr\/kullanim-sartlari\/","title":{"rendered":"Kullan\u0131m \u015eartlar\u0131"},"content":{"rendered":"<h2 class=\"wp-block-heading\"><strong>1. \u015eartlar<\/strong><\/h2>\n\n\n\n<p>Web sitesine eri\u015firken <a href=\"\/tr\/datemobs.com\/\"><strong>DateMob&#039;lar<\/strong><\/a>, bu hizmet \u015fartlar\u0131na, t\u00fcm ge\u00e7erli yasa ve d\u00fczenlemelere uymay\u0131 kabul edersiniz ve t\u00fcm ge\u00e7erli yerel yasalara uymaktan sorumlu oldu\u011funuzu kabul edersiniz. Bu \u015fartlardan herhangi birini kabul etmiyorsan\u0131z, bu siteyi kullanman\u0131z veya siteye eri\u015fmeniz yasakt\u0131r. Bu web sitesinde yer alan materyaller ge\u00e7erli telif hakk\u0131 ve ticari marka kanunlar\u0131 ile korunmaktad\u0131r.<\/p>\n\n\n\n<h2 class=\"wp-block-heading\"><strong>2. Lisans Kullan\u0131m\u0131<\/strong><\/h2>\n\n\n\n<p>Web sitesindeki materyallerin (bilgi veya yaz\u0131l\u0131m) bir kopyas\u0131n\u0131n ge\u00e7ici olarak indirilmesine izin verilmektedir. <strong>DateMob&#039;lar <\/strong>, yaln\u0131zca ki\u015fisel, ticari olmayan ge\u00e7ici g\u00f6r\u00fcnt\u00fcleme i\u00e7indir. Bu bir lisans verilmesidir, m\u00fclkiyetin devri de\u011fildir ve bu lisans kapsam\u0131nda \u015funlar\u0131 yapamazs\u0131n\u0131z:\u00a0<\/p>\n\n\n\n<ol class=\"wp-block-list\">\n<li>materyalleri de\u011fi\u015ftirmek veya kopyalamak;\u00a0<\/li>\n\n\n\n<li>Malzemeleri herhangi bir ticari ama\u00e7 i\u00e7in veya herhangi bir kamu g\u00f6sterimi i\u00e7in (ticari veya ticari olmayan) kullanmak;\u00a0<\/li>\n\n\n\n<li>web sitesinde bulunan herhangi bir yaz\u0131l\u0131m\u0131n derlemesini \u00e7\u00f6zmeye veya tersine m\u00fchendislik yapmaya te\u015febb\u00fcs etmeyin <strong>DateMob&#039;lar<\/strong>;\u00a0<\/li>\n\n\n\n<li>materyallerden herhangi bir telif hakk\u0131n\u0131 veya di\u011fer m\u00fclkiyet kay\u0131tlar\u0131n\u0131 kald\u0131rmak; veya\u00a0<\/li>\n\n\n\n<li>Materyalleri ba\u015fka bir ki\u015fiye aktaramaz veya ba\u015fka bir sunucuda &#039;yans\u0131tamazs\u0131n\u0131z&#039;.<\/li>\n<\/ol>\n\n\n\n<p>Bu lisans, bu k\u0131s\u0131tlamalardan herhangi birini ihlal etmeniz durumunda otomatik olarak sona erer ve a\u015fa\u011f\u0131daki \u015fekilde sonland\u0131r\u0131labilir: <strong>DateMob&#039;lar <\/strong>Herhangi bir zamanda. Bu materyalleri g\u00f6r\u00fcnt\u00fclemeyi sonland\u0131rd\u0131\u011f\u0131n\u0131zda veya bu lisans\u0131n sona ermesi \u00fczerine, elektronik veya bas\u0131l\u0131 formatta olsun, elinizde bulunan t\u00fcm indirilmi\u015f materyalleri imha etmelisiniz.<\/p>\n\n\n\n<h2 class=\"wp-block-heading\"><strong>3. Sorumluluk Reddi<\/strong><\/h2>\n\n\n\n<ol class=\"wp-block-list\">\n<li>Web sitesindeki materyaller <strong>DateMob&#039;lar <\/strong>&#039;oldu\u011fu gibi&#039; sa\u011flanmaktad\u0131r. <strong>DateMob&#039;lar <\/strong>a\u00e7\u0131k veya z\u0131mni hi\u00e7bir garanti vermez ve pazarlanabilirlik, belirli bir amaca uygunluk veya fikri m\u00fclkiyetin ihlal edilmemesi veya di\u011fer hak ihlalleri dahil ancak bunlarla s\u0131n\u0131rl\u0131 olmamak \u00fczere t\u00fcm di\u011fer garantileri reddeder ve ge\u00e7ersiz k\u0131lar.<\/li>\n\n\n\n<li>Ayr\u0131ca, <strong>DateMob&#039;lar <\/strong>web sitesinde yer alan materyallerin veya bu materyallerle veya bu siteye ba\u011fl\u0131 herhangi bir siteyle ilgili olarak kullan\u0131m\u0131n\u0131n do\u011frulu\u011fu, muhtemel sonu\u00e7lar\u0131 veya g\u00fcvenilirli\u011fi konusunda herhangi bir garanti vermez veya beyanda bulunmaz.<\/li>\n<\/ol>\n\n\n\n<h2 class=\"wp-block-heading\"><strong>4. S\u0131n\u0131rlamalar<\/strong><\/h2>\n\n\n\n<p>Hi\u00e7bir durumda <strong>DateMob&#039;lar <\/strong>veya tedarik\u00e7ileri, materyallerin kullan\u0131m\u0131ndan veya kullan\u0131lamamas\u0131ndan kaynaklanan (veri veya kar kayb\u0131 veya i\u015f kesintisi nedeniyle olu\u015fan zararlar dahil ancak bunlarla s\u0131n\u0131rl\u0131 olmamak \u00fczere) herhangi bir zarardan sorumlu tutulamaz. <strong>DateMob&#039;lar<\/strong>, ra\u011fmen <strong>DateMob&#039;lar <\/strong>veya yetkili bir temsilcisi <strong>DateMob&#039;lar <\/strong>Bu t\u00fcr zararlar\u0131n olas\u0131l\u0131\u011f\u0131 s\u00f6zl\u00fc veya yaz\u0131l\u0131 olarak bildirilmi\u015f olmal\u0131d\u0131r. Baz\u0131 yarg\u0131 b\u00f6lgeleri z\u0131mni garantilere ili\u015fkin s\u0131n\u0131rlamalara veya dolayl\u0131 veya tesad\u00fcfi zararlara ili\u015fkin sorumluluk s\u0131n\u0131rlamalar\u0131na izin vermedi\u011finden, bu s\u0131n\u0131rlamalar sizin i\u00e7in ge\u00e7erli olmayabilir.<\/p>\n\n\n\n<h2 class=\"wp-block-heading\"><strong>5. Malzemelerin do\u011frulu\u011fu<\/strong><\/h2>\n\n\n\n<p>Web sitesinde g\u00f6r\u00fcnt\u00fclenen materyaller <strong>DateMob&#039;lar <\/strong>teknik, tipografik veya foto\u011frafik hatalar i\u00e7erebilir. <strong>DateMob&#039;lar <\/strong>web sitesinde yer alan hi\u00e7bir materyalin do\u011fru, eksiksiz veya g\u00fcncel oldu\u011funu garanti etmez. <strong>DateMob&#039;lar <\/strong>web sitesinde yer alan materyallerde herhangi bir bildirimde bulunmaks\u0131z\u0131n her zaman de\u011fi\u015fiklik yapabilir. Fakat, <strong>DateMob&#039;lar <\/strong>materyalleri g\u00fcncellemeyi taahh\u00fct etmez.<\/p>\n\n\n\n<h2 class=\"wp-block-heading\"><strong>6. Ba\u011flant\u0131lar<\/strong><\/h2>\n\n\n\n<p>O <strong>DateMob&#039;lar <\/strong>web sitesine ba\u011fl\u0131 sitelerin tamam\u0131n\u0131 incelememi\u015ftir ve bu t\u00fcr ba\u011fl\u0131 sitelerin i\u00e7eri\u011finden sorumlu de\u011fildir. Herhangi bir ba\u011flant\u0131n\u0131n dahil edilmesi, onayland\u0131\u011f\u0131 anlam\u0131na gelmez. <strong>DateMob&#039;lar <\/strong>web sitesinin. Ba\u011flant\u0131l\u0131 herhangi bir web sitesinin kullan\u0131m\u0131 kullan\u0131c\u0131n\u0131n kendi sorumlulu\u011fundad\u0131r.<\/p>\n\n\n\n<h3 class=\"wp-block-heading\"><strong>De\u011fi\u015fiklikler<\/strong><\/h3>\n\n\n\n<p>O <strong>DateMob&#039;lar <\/strong>bu web sitesi hizmet \u015fartlar\u0131n\u0131 herhangi bir zamanda \u00f6nceden haber vermeden de\u011fi\u015ftirebilir. Bu web sitesini kullanarak, bu hizmet \u015fartlar\u0131n\u0131n o anki g\u00fcncel versiyonuna ba\u011fl\u0131 kalmay\u0131 kabul etmi\u015f olursunuz.<\/p>\n\n\n\n<h3 class=\"wp-block-heading\"><strong>Uygulanacak hukuk<\/strong><\/h3>\n\n\n\n<p>Bu h\u00fck\u00fcm ve ko\u015fullar, a\u015fa\u011f\u0131daki yasalara g\u00f6re y\u00f6netilir ve yorumlan\u0131r: <strong>DateMob&#039;lar <\/strong>ve geri d\u00f6n\u00fclemez bir \u015fekilde o Devlet veya yerdeki mahkemelerin m\u00fcnhas\u0131r yarg\u0131 yetkisine tabi olursunuz.<\/p>","protected":false},"excerpt":{"rendered":"<p>1. Termos Ao acessar ao site DateMobs, concorda em cumprir estes termos de servi\u00e7o, todas as leis e regulamentos aplic\u00e1veis \u200b\u200be concorda que \u00e9 respons\u00e1vel pelo cumprimento de todas as leis locais aplic\u00e1veis. Se voc\u00ea n\u00e3o concordar com algum desses termos, est\u00e1 proibido de usar ou acessar este site. Os materiais contidos neste site s\u00e3o &#8230; <a title=\"Kullan\u0131m \u015eartlar\u0131\" class=\"read-more\" href=\"https:\/\/datemobs.com\/tr\/kullanim-sartlari\/\" aria-label=\"Read more about Termos de Uso\">devam\u0131n\u0131 oku<\/a><\/p>","protected":false},"author":1,"featured_media":0,"parent":0,"menu_order":0,"comment_status":"closed","ping_status":"closed","template":"","meta":{"footnotes":""},"class_list":["post-850","page","type-page","status-publish"],"_links":{"self":[{"href":"https:\/\/datemobs.com\/tr\/wp-json\/wp\/v2\/pages\/850","targetHints":{"allow":["GET"]}}],"collection":[{"href":"https:\/\/datemobs.com\/tr\/wp-json\/wp\/v2\/pages"}],"about":[{"href":"https:\/\/datemobs.com\/tr\/wp-json\/wp\/v2\/types\/page"}],"author":[{"embeddable":true,"href":"https:\/\/datemobs.com\/tr\/wp-json\/wp\/v2\/users\/1"}],"replies":[{"embeddable":true,"href":"https:\/\/datemobs.com\/tr\/wp-json\/wp\/v2\/comments?post=850"}],"version-history":[{"count":1,"href":"https:\/\/datemobs.com\/tr\/wp-json\/wp\/v2\/pages\/850\/revisions"}],"predecessor-version":[{"id":851,"href":"https:\/\/datemobs.com\/tr\/wp-json\/wp\/v2\/pages\/850\/revisions\/851"}],"wp:attachment":[{"href":"https:\/\/datemobs.com\/tr\/wp-json\/wp\/v2\/media?parent=850"}],"curies":[{"name":"wp","href":"https:\/\/api.w.org\/{rel}","templated":true}]}}