{"id":819,"date":"2022-11-08T18:30:39","date_gmt":"2022-11-08T18:30:39","guid":{"rendered":"https:\/\/sites.generatepress.com\/info\/?page_id=819"},"modified":"2025-03-22T05:35:13","modified_gmt":"2025-03-22T05:35:13","slug":"chung-toi-la-ai","status":"publish","type":"page","link":"https:\/\/datemobs.com\/vi\/chung-toi-la-ai\/","title":{"rendered":"Ch\u00fang t\u00f4i l\u00e0 ai"},"content":{"rendered":"<p>Ch\u00e0o m\u1eebng \u0111\u1ebfn v\u1edbi <strong>DateMobs.com<\/strong>, n\u1ec1n t\u1ea3ng m\u1edbi c\u1ee7a b\u1ea1n \u0111\u1ec3 k\u1ebft n\u1ed1i m\u1ecdi ng\u01b0\u1eddi theo c\u00e1ch ch\u00e2n th\u1ef1c v\u00e0 th\u00fa v\u1ecb! T\u1ea1i \u0111\u00e2y <strong>Ng\u00e0y th\u00e1ng<\/strong>, ch\u00fang t\u00f4i tin r\u1eb1ng s\u1ef1 k\u1ebft n\u1ed1i gi\u1eefa con ng\u01b0\u1eddi l\u00e0 b\u1ea3n ch\u1ea5t c\u1ee7a cu\u1ed9c s\u1ed1ng v\u00e0 s\u1ee9 m\u1ec7nh c\u1ee7a ch\u00fang t\u00f4i l\u00e0 l\u00e0m cho nh\u1eefng k\u1ebft n\u1ed1i n\u00e0y d\u1ec5 ti\u1ebfp c\u1eadn v\u00e0 c\u00f3 \u00fd ngh\u0129a h\u01a1n \u0111\u1ed1i v\u1edbi m\u1ecdi ng\u01b0\u1eddi.<\/p>\n\n\n\n<h2 class=\"wp-block-heading\">S\u1ee9 m\u1ec7nh c\u1ee7a ch\u00fang t\u00f4i<\/h2>\n\n\n\n<p>Ch\u00fang t\u00f4i mu\u1ed1n thay \u0111\u1ed5i c\u00e1ch m\u1ecdi ng\u01b0\u1eddi g\u1eb7p g\u1ee1 v\u00e0 t\u01b0\u01a1ng t\u00e1c tr\u1ef1c tuy\u1ebfn. Ch\u00fang t\u00f4i k\u1ebft h\u1ee3p c\u00f4ng ngh\u1ec7 ti\u00ean ti\u1ebfn v\u1edbi s\u1ef1 ti\u1ebfp x\u00fac c\u1ee7a con ng\u01b0\u1eddi \u0111\u1ec3 \u0111\u1ea3m b\u1ea3o b\u1ea1n t\u00ecm th\u1ea5y ng\u01b0\u1eddi \u0111\u1eb7c bi\u1ec7t theo c\u00e1ch \u0111\u01a1n gi\u1ea3n, an to\u00e0n v\u00e0 kh\u1ea3 thi.<\/p>\n\n\n\n<h2 class=\"wp-block-heading\">\u0110i\u1ec1u g\u00ec l\u00e0m ch\u00fang t\u00f4i kh\u00e1c bi\u1ec7t<\/h2>\n\n\n\n<ul class=\"wp-block-list\">\n<li><strong>An to\u00e0n l\u00e0 tr\u00ean h\u1ebft:<\/strong> Ch\u00fang t\u00f4i coi tr\u1ecdng quy\u1ec1n ri\u00eang t\u01b0 v\u00e0 b\u1ea3o m\u1eadt c\u1ee7a b\u1ea1n b\u1eb1ng c\u00e1ch s\u1eed d\u1ee5ng c\u00e1c t\u00ednh n\u0103ng b\u1ea3o v\u1ec7 d\u1eef li\u1ec7u t\u1ed1t nh\u1ea5t tr\u00ean th\u1ecb tr\u01b0\u1eddng.<\/li>\n\n\n\n<li><strong>H\u1ed3 s\u01a1 x\u00e1c th\u1ef1c:<\/strong> N\u1ec1n t\u1ea3ng c\u1ee7a ch\u00fang t\u00f4i khuy\u1ebfn kh\u00edch t\u1ea1o v\u00e0 x\u00e1c minh h\u1ed3 s\u01a1 th\u1eadt \u0111\u1ec3 b\u1ea1n c\u00f3 th\u1ec3 t\u01b0\u01a1ng t\u00e1c v\u1edbi nh\u1eefng ng\u01b0\u1eddi th\u1ef1c s\u1ef1.<\/li>\n\n\n\n<li><strong>T\u00ednh t\u01b0\u01a1ng t\u00e1c:<\/strong> C\u00e1c t\u00ednh n\u0103ng hi\u1ec7n \u0111\u1ea1i, n\u0103ng \u0111\u1ed9ng nh\u01b0 video ng\u1eafn v\u00e0 th\u00f4ng \u0111i\u1ec7p s\u00e1ng t\u1ea1o gi\u00fap b\u1ea1n n\u1ed5i b\u1eadt v\u00e0 th\u1ec3 hi\u1ec7n b\u1ea3n th\u00e2n.<\/li>\n<\/ul>\n\n\n\n<h2 class=\"wp-block-heading\">L\u1ecbch s\u1eed c\u1ee7a ch\u00fang t\u00f4i<\/h2>\n\n\n\n<p>C\u00c1C <strong>Ng\u00e0y th\u00e1ng <\/strong>ra \u0111\u1eddi t\u1eeb \u00fd t\u01b0\u1edfng t\u1ea1o ra tr\u1ea3i nghi\u1ec7m h\u1eb9n h\u00f2 tr\u1ef1c tuy\u1ebfn nh\u1eb9 nh\u00e0ng h\u01a1n, \u0111\u01a1n gi\u1ea3n h\u01a1n v\u00e0 ph\u00f9 h\u1ee3p v\u1edbi nhu c\u1ea7u th\u1ef1c t\u1ebf c\u1ee7a m\u1ecdi ng\u01b0\u1eddi. Ngay t\u1eeb \u0111\u1ea7u, ch\u00fang t\u00f4i \u0111\u00e3 t\u00ecm c\u00e1ch cung c\u1ea5p m\u1ed9t m\u00f4i tr\u01b0\u1eddng n\u01a1i b\u1ea1n c\u00f3 th\u1ec3 l\u00e0 ch\u00ednh m\u00ecnh v\u00e0 t\u00ecm th\u1ea5y nh\u1eefng k\u1ebft n\u1ed1i th\u1ef1c s\u1ef1.<\/p>\n\n\n\n<h2 class=\"wp-block-heading\">T\u1ea1i sao ch\u1ecdn <strong>Ng\u00e0y th\u00e1ng<\/strong>?<\/h2>\n\n\n\n<p>Cho d\u00f9 b\u1ea1n l\u00e0 ng\u01b0\u1eddi m\u1edbi tham gia th\u1ebf gi\u1edbi \u1ee9ng d\u1ee5ng h\u1eb9n h\u00f2 hay l\u00e0 ng\u01b0\u1eddi k\u1ef3 c\u1ef1u \u0111ang t\u00ecm ki\u1ebfm \u0111i\u1ec1u g\u00ec \u0111\u00f3 kh\u00e1c bi\u1ec7t, <strong>Ng\u00e0y th\u00e1ng <\/strong>cung c\u1ea5p:<\/p>\n\n\n\n<ul class=\"wp-block-list\">\n<li>Tr\u1ea3i nghi\u1ec7m tr\u1ef1c quan v\u00e0 d\u1ec5 d\u00e0ng.<\/li>\n\n\n\n<li>C\u1ed9ng \u0111\u1ed3ng g\u1eafn k\u1ebft v\u00e0 \u0111a d\u1ea1ng.<\/li>\n\n\n\n<li>Nh\u1eefng c\u00f4ng c\u1ee5 th\u1ef1c s\u1ef1 gi\u00fap b\u1ea1n t\u1ea1o ra m\u1ed1i li\u00ean k\u1ebft v\u00e0 k\u1ef7 ni\u1ec7m.<\/li>\n<\/ul>\n\n\n\n<p>H\u00e3y tr\u1edf th\u00e0nh m\u1ed9t ph\u1ea7n trong c\u1ed9ng \u0111\u1ed3ng c\u1ee7a ch\u00fang t\u00f4i v\u00e0 kh\u00e1m ph\u00e1 c\u00e1ch <strong>Ng\u00e0y th\u00e1ng <\/strong>c\u00f3 th\u1ec3 thay \u0111\u1ed5i cu\u1ed9c s\u1ed1ng t\u00ecnh y\u00eau c\u1ee7a b\u1ea1n. Ch\u00fang t\u00f4i \u1edf \u0111\u00e2y \u0111\u1ec3 gi\u00fap b\u1ea1n vi\u1ebft n\u00ean c\u00e2u chuy\u1ec7n t\u00ecnh y\u00eau ti\u1ebfp theo c\u1ee7a m\u00ecnh \u2014 ho\u1eb7c ch\u1ec9 t\u00ecm b\u1ea1n \u0111\u1ed3ng h\u00e0nh \u0111\u1ec3 c\u00f3 nh\u1eefng ti\u1ebfng c\u01b0\u1eddi s\u1ea3ng kho\u00e1i v\u00e0 nh\u1eefng kho\u1ea3nh kh\u1eafc kh\u00f3 qu\u00ean.<\/p>\n\n\n\n<p><strong>DateMobs.com<\/strong>: N\u01a1i b\u1eaft \u0111\u1ea7u nh\u1eefng k\u1ebft n\u1ed1i th\u1ef1c s\u1ef1!<\/p>","protected":false},"excerpt":{"rendered":"<p>Bem-vindo ao DateMobs.com, a sua nova plataforma para conectar pessoas de forma aut\u00eantica e divertida! Aqui na DateMobs, acreditamos que as conex\u00f5es humanas s\u00e3o a ess\u00eancia da vida, e nossa miss\u00e3o \u00e9 tornar essas conex\u00f5es mais acess\u00edveis e significativas para todos. Nossa Miss\u00e3o Queremos transformar a maneira como as pessoas se encontram e interagem online. &#8230; <a title=\"Ch\u00fang t\u00f4i l\u00e0 ai\" class=\"read-more\" href=\"https:\/\/datemobs.com\/vi\/chung-toi-la-ai\/\" aria-label=\"\u0110\u1ecdc th\u00eam v\u1ec1 Quem Somos\">\u0111\u1ecdc th\u00eam<\/a><\/p>","protected":false},"author":1,"featured_media":0,"parent":0,"menu_order":0,"comment_status":"closed","ping_status":"closed","template":"","meta":{"footnotes":""},"class_list":["post-819","page","type-page","status-publish"],"_links":{"self":[{"href":"https:\/\/datemobs.com\/vi\/wp-json\/wp\/v2\/pages\/819","targetHints":{"allow":["GET"]}}],"collection":[{"href":"https:\/\/datemobs.com\/vi\/wp-json\/wp\/v2\/pages"}],"about":[{"href":"https:\/\/datemobs.com\/vi\/wp-json\/wp\/v2\/types\/page"}],"author":[{"embeddable":true,"href":"https:\/\/datemobs.com\/vi\/wp-json\/wp\/v2\/users\/1"}],"replies":[{"embeddable":true,"href":"https:\/\/datemobs.com\/vi\/wp-json\/wp\/v2\/comments?post=819"}],"version-history":[{"count":5,"href":"https:\/\/datemobs.com\/vi\/wp-json\/wp\/v2\/pages\/819\/revisions"}],"predecessor-version":[{"id":847,"href":"https:\/\/datemobs.com\/vi\/wp-json\/wp\/v2\/pages\/819\/revisions\/847"}],"wp:attachment":[{"href":"https:\/\/datemobs.com\/vi\/wp-json\/wp\/v2\/media?parent=819"}],"curies":[{"name":"wp","href":"https:\/\/api.w.org\/{rel}","templated":true}]}}