{"id":3,"date":"2025-03-22T05:11:17","date_gmt":"2025-03-22T05:11:17","guid":{"rendered":"https:\/\/datemobs.com\/?page_id=3"},"modified":"2025-03-22T05:38:42","modified_gmt":"2025-03-22T05:38:42","slug":"%e9%9a%b1%e7%a7%81%e6%ac%8a%e6%94%bf%e7%ad%96","status":"publish","type":"page","link":"https:\/\/datemobs.com\/zh\/%e9%9a%b1%e7%a7%81%e6%ac%8a%e6%94%bf%e7%ad%96\/","title":{"rendered":"\u96b1\u79c1\u6b0a\u653f\u7b56"},"content":{"rendered":"<p><span style=\"color: #444444;\">\u60a8\u7684\u96b1\u79c1\u5c0d\u6211\u5011\u5f88\u91cd\u8981\u3002\u9019\u662f <strong>DateMobs<\/strong> \u6211\u5011\u5c0a\u91cd\u60a8\u7684\u96b1\u79c1\uff0c\u6211\u5011\u53ef\u80fd\u6703\u5728\u7db2\u7ad9\u4e0a\u6536\u96c6\u60a8\u7684\u4efb\u4f55\u4fe1\u606f <strong><a href=\"\/zh\/datemobs.com\/\">DateMobs<\/a><\/strong>\u4ee5\u53ca\u6211\u5011\u64c1\u6709\u548c\u7d93\u71df\u7684\u5176\u4ed6\u7db2\u7ad9\u3002<\/span><\/p>\n<p><span style=\"color: #444444;\">\u6211\u5011\u50c5\u5728\u771f\u6b63\u9700\u8981\u70ba\u60a8\u63d0\u4f9b\u670d\u52d9\u6642\u624d\u8981\u6c42\u63d0\u4f9b\u500b\u4eba\u8cc7\u8a0a\u3002\u6211\u5011\u6703\u4ee5\u516c\u5e73\u5408\u6cd5\u7684\u65b9\u5f0f\uff0c\u5728\u60a8\u77e5\u60c5\u4e26\u540c\u610f\u7684\u60c5\u6cc1\u4e0b\uff0c\u5b8c\u6210\u4e0a\u8ff0\u64cd\u4f5c\u3002\u6211\u5011\u4e5f\u6703\u8b93\u60a8\u4e86\u89e3\u6211\u5011\u6536\u96c6\u9019\u4e9b\u8cc7\u8a0a\u7684\u539f\u56e0\u4ee5\u53ca\u5982\u4f55\u4f7f\u7528\u9019\u4e9b\u8cc7\u8a0a\u3002<\/span><\/p>\n<p><span style=\"color: #444444;\">\u6211\u5011\u53ea\u6703\u5728\u70ba\u60a8\u63d0\u4f9b\u6240\u8981\u6c42\u7684\u670d\u52d9\u6240\u9700\u7684\u6642\u9593\u5167\u4fdd\u7559\u6240\u6536\u96c6\u7684\u8cc7\u8a0a\u3002\u6211\u5011\u5c07\u5728\u5546\u696d\u4e0a\u53ef\u63a5\u53d7\u7684\u7bc4\u570d\u5167\u4fdd\u8b77\u6240\u5132\u5b58\u7684\u6578\u64da\uff0c\u4ee5\u9632\u6b62\u907a\u5931\u548c\u76dc\u7aca\uff0c\u4ee5\u53ca\u672a\u7d93\u6388\u6b0a\u7684\u5b58\u53d6\u3001\u63ed\u9732\u3001\u8907\u88fd\u3001\u4f7f\u7528\u6216\u4fee\u6539\u3002<\/span><\/p>\n<p><span style=\"color: #444444;\">\u6211\u5011\u4e0d\u6703\u516c\u958b\u6216\u8207\u7b2c\u4e09\u65b9\u5206\u4eab\u4efb\u4f55\u500b\u4eba\u8b58\u5225\u4fe1\u606f\uff0c\u9664\u975e\u6cd5\u5f8b\u8981\u6c42\u3002<\/span><\/p>\n<p><span style=\"color: #444444;\">\u6211\u5011\u7684\u7db2\u7ad9\u53ef\u80fd\u5305\u542b\u975e\u6211\u5011\u7d93\u71df\u7684\u5916\u90e8\u7db2\u7ad9\u7684\u9023\u7d50\u3002\u8acb\u6ce8\u610f\uff0c\u6211\u5011\u7121\u6cd5\u63a7\u5236\u9019\u4e9b\u7db2\u7ad9\u7684\u5167\u5bb9\u548c\u505a\u6cd5\uff0c\u4e5f\u7121\u6cd5\u5c0d\u5176\u5404\u81ea\u7684\u00a0<\/span><a style=\"background-color: transparent; color: #444444;\" href=\"https:\/\/politicaprivacidade.com\/\" target=\"_blank\" rel=\"noopener noreferrer\">\u96b1\u79c1\u6b0a\u653f\u7b56<\/a><span style=\"color: #444444;\">.<\/span><\/p>\n<p><span style=\"color: #444444;\">\u60a8\u53ef\u4ee5\u81ea\u7531\u62d2\u7d55\u6211\u5011\u5c0d\u60a8\u7684\u500b\u4eba\u8cc7\u8a0a\u7684\u8981\u6c42\uff0c\u4f46\u6211\u5011\u53ef\u80fd\u7121\u6cd5\u70ba\u60a8\u63d0\u4f9b\u67d0\u4e9b\u6240\u9700\u7684\u670d\u52d9\u3002<\/span><\/p>\n<p><span style=\"color: #444444;\">\u60a8\u7e7c\u7e8c\u4f7f\u7528\u6211\u5011\u7684\u7db2\u7ad9\u5c07\u88ab\u8996\u70ba\u63a5\u53d7\u6211\u5011\u6709\u95dc\u96b1\u79c1\u548c\u500b\u4eba\u8cc7\u8a0a\u7684\u505a\u6cd5\u3002\u5982\u679c\u60a8\u5c0d\u6211\u5011\u5982\u4f55\u8655\u7406\u7528\u6236\u8cc7\u6599\u548c\u500b\u4eba\u8cc7\u8a0a\u6709\u4efb\u4f55\u7591\u554f\uff0c\u8acb\u8207\u6211\u5011\u806f\u7d61\u3002<\/span><\/p>\n<ul>\n<li><span style=\"color: #444444;\">\u6211\u5011\u7528\u65bc\u6295\u653e\u5ee3\u544a\u7684 Google AdSense \u670d\u52d9\u4f7f\u7528 DoubleClick cookie \u5728\u7db2\u8def\u4e0a\u6295\u653e\u66f4\u76f8\u95dc\u7684\u5ee3\u544a\uff0c\u4e26\u9650\u5236\u5411\u60a8\u986f\u793a\u7279\u5b9a\u5ee3\u544a\u7684\u6b21\u6578\u3002<\/span><\/li>\n<li><span style=\"color: #444444;\">\u6709\u95dc Google AdSense \u7684\u66f4\u591a\u4fe1\u606f\uff0c\u8acb\u53c3\u95b1\u5b98\u65b9 Google AdSense \u96b1\u79c1\u5e38\u898b\u554f\u984c\u89e3\u7b54\u3002<\/span><\/li>\n<li><span style=\"color: #444444;\">\u6211\u5011\u4f7f\u7528\u5ee3\u544a\u4f86\u62b5\u6d88\u7d93\u71df\u672c\u7db2\u7ad9\u7684\u6210\u672c\u4e26\u70ba\u672a\u4f86\u767c\u5c55\u63d0\u4f9b\u8cc7\u91d1\u3002\u672c\u7db2\u7ad9\u4f7f\u7528\u7684\u884c\u70ba\u5ee3\u544a cookie \u65e8\u5728\u78ba\u4fdd\u6211\u5011\u900f\u904e\u533f\u540d\u8ffd\u8e64\u60a8\u7684\u8208\u8da3\u4e26\u5448\u73fe\u60a8\u53ef\u80fd\u611f\u8208\u8da3\u7684\u985e\u4f3c\u5167\u5bb9\uff0c\u76e1\u53ef\u80fd\u70ba\u60a8\u63d0\u4f9b\u6700\u76f8\u95dc\u7684\u5ee3\u544a\u3002<\/span><\/li>\n<li><span style=\"color: #444444;\">\u6709\u5e7e\u500b\u5408\u4f5c\u5925\u4f34\u4ee3\u8868\u6211\u5011\u505a\u5ee3\u544a\uff0c\u800c\u806f\u76df\u8ffd\u8e64 cookie \u50c5\u5141\u8a31\u6211\u5011\u4e86\u89e3\u6211\u5011\u7684\u5ba2\u6236\u662f\u5426\u900f\u904e\u6211\u5011\u7684\u67d0\u500b\u5408\u4f5c\u5925\u4f34\u7db2\u7ad9\u8a2a\u554f\u4e86\u8a72\u7db2\u7ad9\uff0c\u4ee5\u4fbf\u6211\u5011\u80fd\u5920\u5c0d\u4ed6\u5011\u9032\u884c\u9069\u7576\u7684\u4fe1\u7528\u8a55\u4f30\uff0c\u4e26\u5728\u9069\u7528\u7684\u60c5\u6cc1\u4e0b\u5141\u8a31\u6211\u5011\u7684\u806f\u76df\u5408\u4f5c\u5925\u4f34\u70ba\u60a8\u63d0\u4f9b\u4ed6\u5011\u53ef\u80fd\u70ba\u60a8\u8cfc\u8cb7\u800c\u63d0\u4f9b\u7684\u4efb\u4f55\u734e\u52f5\u3002<\/span><\/li>\n<\/ul>\n<h3><strong><span style=\"color: #444444;\">\u7528\u6236\u627f\u8afe<\/span><\/strong><\/h3>\n<p><span style=\"color: #444444;\">\u4f7f\u7528\u8005\u627f\u8afe\u9069\u7576\u4f7f\u7528\u672c\u7db2\u7ad9\u63d0\u4f9b\u7684\u5167\u5bb9\u548c\u8cc7\u8a0a\u3002 <strong>DateMobs<\/strong> \u7db2\u7ad9\u4e0a\u7684\u512a\u60e0\uff0c\u4f8b\u5982\u4f46\u4e0d\u9650\u65bc\uff1a<\/span><\/p>\n<ul>\n<li><span style=\"color: #444444;\">A) \u4e0d\u5f9e\u4e8b\u975e\u6cd5\u6216\u9055\u53cd\u8aa0\u4fe1\u548c\u793e\u6703\u79e9\u5e8f\u7684\u6d3b\u52d5\uff1b<\/span><\/li>\n<li><span style=\"color: #444444;\">B) \u4e0d\u5f97\u6563\u64ad\u7a2e\u65cf\u4e3b\u7fa9\u3001\u4ec7\u5916\u5fc3\u7406\u7684\u5ba3\u50b3\u6216\u5167\u5bb9\uff0c <\/span><span style=\"color: #212529;\">166bet<\/span><span style=\"color: #444444;\"> \u6216\u5384\u904b\u3001\u4efb\u4f55\u985e\u578b\u7684\u975e\u6cd5\u8272\u60c5\u3001\u652f\u6301\u6050\u6016\u4e3b\u7fa9\u6216\u9055\u53cd\u4eba\u6b0a\uff1b<\/span><\/li>\n<li><span style=\"color: #444444;\">C) \u4e0d\u5f97\u5c0d\u7cfb\u7d71\u7684\u5be6\u9ad4\uff08\u786c\u9ad4\uff09\u548c\u908f\u8f2f\uff08\u8edf\u9ad4\uff09\u7cfb\u7d71\u9020\u6210\u640d\u5bb3\u3002 <strong>DateMobs<\/strong>\u3001\u5176\u4f9b\u61c9\u5546\u6216\u7b2c\u4e09\u65b9\u5f15\u9032\u6216\u50b3\u64ad\u96fb\u8166\u75c5\u6bd2\u6216\u4efb\u4f55\u5176\u4ed6\u53ef\u80fd\u9020\u6210\u4e0a\u8ff0\u640d\u5bb3\u7684\u786c\u9ad4\u6216\u8edf\u9ad4\u7cfb\u7d71\u3002<\/span><\/li>\n<\/ul>\n<h3><strong><span style=\"color: #444444;\">\u66f4\u591a\u8cc7\u8a0a<\/span><\/strong><\/h3>\n<p><span style=\"color: #444444;\">\u5e0c\u671b\u9019\u80fd\u70ba\u60a8\u6f84\u6e05\u4e00\u4e9b\u4e8b\u60c5\uff0c\u4e26\u4e14\u5982\u524d\u6240\u8ff0\uff0c\u5982\u679c\u60a8\u4e0d\u78ba\u5b9a\u662f\u5426\u9700\u8981\u67d0\u4e9b\u6771\u897f\uff0c\u901a\u5e38\u66f4\u5b89\u5168\u7684\u505a\u6cd5\u662f\u4fdd\u6301 cookie \u8655\u65bc\u555f\u7528\u72c0\u614b\uff0c\u4ee5\u9632\u5b83\u8207\u60a8\u5728\u6211\u5011\u7db2\u7ad9\u4e0a\u4f7f\u7528\u7684\u67d0\u500b\u529f\u80fd\u9032\u884c\u4ea4\u4e92\u3002<\/span><\/p>\n<p><em><strong><span style=\"color: #444444;\">\u672c\u653f\u7b56\u81ea2025\u5e743\u670822\u65e505:36\u8d77\u751f\u6548\u3002<\/span><\/strong><\/em><\/p>","protected":false},"excerpt":{"rendered":"<p>A sua privacidade \u00e9 importante para n\u00f3s. \u00c9 pol\u00edtica do DateMobs respeitar a sua privacidade em rela\u00e7\u00e3o a qualquer informa\u00e7\u00e3o sua que possamos coletar no site DateMobs, e outros sites que possu\u00edmos e operamos. Solicitamos informa\u00e7\u00f5es pessoais apenas quando realmente precisamos delas para lhe fornecer um servi\u00e7o. Fazemo-lo por meios justos e legais, com o &#8230; <a title=\"\u96b1\u79c1\u6b0a\u653f\u7b56\" class=\"read-more\" href=\"https:\/\/datemobs.com\/zh\/%e9%9a%b1%e7%a7%81%e6%ac%8a%e6%94%bf%e7%ad%96\/\" aria-label=\"Read more about Pol\u00edtica de Privacidade\">\u95b1\u8b80\u66f4\u591a<\/a><\/p>","protected":false},"author":1,"featured_media":0,"parent":0,"menu_order":0,"comment_status":"closed","ping_status":"open","template":"","meta":{"footnotes":""},"class_list":["post-3","page","type-page","status-publish"],"_links":{"self":[{"href":"https:\/\/datemobs.com\/zh\/wp-json\/wp\/v2\/pages\/3","targetHints":{"allow":["GET"]}}],"collection":[{"href":"https:\/\/datemobs.com\/zh\/wp-json\/wp\/v2\/pages"}],"about":[{"href":"https:\/\/datemobs.com\/zh\/wp-json\/wp\/v2\/types\/page"}],"author":[{"embeddable":true,"href":"https:\/\/datemobs.com\/zh\/wp-json\/wp\/v2\/users\/1"}],"replies":[{"embeddable":true,"href":"https:\/\/datemobs.com\/zh\/wp-json\/wp\/v2\/comments?post=3"}],"version-history":[{"count":2,"href":"https:\/\/datemobs.com\/zh\/wp-json\/wp\/v2\/pages\/3\/revisions"}],"predecessor-version":[{"id":849,"href":"https:\/\/datemobs.com\/zh\/wp-json\/wp\/v2\/pages\/3\/revisions\/849"}],"wp:attachment":[{"href":"https:\/\/datemobs.com\/zh\/wp-json\/wp\/v2\/media?parent=3"}],"curies":[{"name":"wp","href":"https:\/\/api.w.org\/{rel}","templated":true}]}}