{"id":819,"date":"2022-11-08T18:30:39","date_gmt":"2022-11-08T18:30:39","guid":{"rendered":"https:\/\/sites.generatepress.com\/info\/?page_id=819"},"modified":"2025-03-22T05:35:13","modified_gmt":"2025-03-22T05:35:13","slug":"%e6%88%91%e5%80%91%e6%98%af%e8%aa%b0","status":"publish","type":"page","link":"https:\/\/datemobs.com\/zh\/%e6%88%91%e5%80%91%e6%98%af%e8%aa%b0\/","title":{"rendered":"\u6211\u5011\u662f\u8ab0"},"content":{"rendered":"<p>\u6b61\u8fce\u4f86\u5230 <strong>DateMobs.com<\/strong>\uff0c\u4e00\u500b\u771f\u5be6\u53c8\u6709\u8da3\u7684\u6e9d\u901a\u5e73\u53f0\uff01 <strong>DateMobs<\/strong>\u6211\u5011\u76f8\u4fe1\u4eba\u969b\u95dc\u4fc2\u662f\u751f\u6d3b\u7684\u672c\u8cea\uff0c\u6211\u5011\u7684\u4f7f\u547d\u662f\u8b93\u6bcf\u500b\u4eba\u66f4\u8f15\u9b06\u5730\u5efa\u7acb\u8d77\u9019\u4e9b\u806f\u7e6b\uff0c\u4e26\u4f7f\u5176\u66f4\u6709\u610f\u7fa9\u3002<\/p>\n\n\n\n<h2 class=\"wp-block-heading\">\u6211\u5011\u7684\u4f7f\u547d<\/h2>\n\n\n\n<p>\u6211\u5011\u5e0c\u671b\u5fb9\u5e95\u6539\u8b8a\u4eba\u5011\u5728\u7dda\u4e0a\u76f8\u8b58\u548c\u4e92\u52d5\u7684\u65b9\u5f0f\u3002\u6211\u5011\u5c07\u5c16\u7aef\u79d1\u6280\u8207\u4eba\u6027\u5316\u670d\u52d9\u7d50\u5408\uff0c\u78ba\u4fdd\u60a8\u4ee5\u7c21\u55ae\u3001\u5b89\u5168\u3001\u5145\u5be6\u7684\u65b9\u5f0f\u627e\u5230\u90a3\u4f4d\u7279\u5225\u7684\u4eba\u3002<\/p>\n\n\n\n<h2 class=\"wp-block-heading\">\u6211\u5011\u6709\u4f55\u4e0d\u540c<\/h2>\n\n\n\n<ul class=\"wp-block-list\">\n<li><strong>\u5b89\u5168\u7b2c\u4e00\uff1a<\/strong> \u6211\u5011\u975e\u5e38\u91cd\u8996\u60a8\u7684\u96b1\u79c1\u548c\u5b89\u5168\uff0c\u4e26\u4f7f\u7528\u5e02\u5834\u4e0a\u6700\u597d\u7684\u8cc7\u6599\u4fdd\u8b77\u529f\u80fd\u3002<\/li>\n\n\n\n<li><strong>\u771f\u5be6\u8cc7\u6599\uff1a<\/strong> \u6211\u5011\u7684\u5e73\u53f0\u9f13\u52f5\u5275\u5efa\u771f\u5be6\u7684\u500b\u4eba\u8cc7\u6599\u548c\u9a57\u8b49\uff0c\u4ee5\u4fbf\u60a8\u8207\u771f\u6b63\u7684\u4eba\u4e92\u52d5\u3002<\/li>\n\n\n\n<li><strong>\u4e92\u52d5\u6027\uff1a<\/strong> \u77ed\u5f71\u7247\u548c\u5275\u610f\u8a0a\u606f\u7b49\u73fe\u4ee3\u3001\u52d5\u614b\u7684\u529f\u80fd\u53ef\u4ee5\u5e6b\u52a9\u60a8\u812b\u7a4e\u800c\u51fa\u4e26\u8868\u9054\u81ea\u6211\u3002<\/li>\n<\/ul>\n\n\n\n<h2 class=\"wp-block-heading\">\u6211\u5011\u7684\u6b77\u53f2<\/h2>\n\n\n\n<p>\u9019 <strong>DateMobs <\/strong>\u8a95\u751f\u7684\u521d\u8877\u662f\u6253\u9020\u66f4\u8f15\u9b06\u3001\u66f4\u76f4\u63a5\u7684\u7dda\u4e0a\u7d04\u6703\u9ad4\u9a57\uff0c\u6eff\u8db3\u4eba\u5011\u7684\u771f\u5be6\u9700\u6c42\u3002\u5f9e\u4e00\u958b\u59cb\uff0c\u6211\u5011\u5c31\u81f4\u529b\u65bc\u63d0\u4f9b\u4e00\u500b\u8b93\u60a8\u53ef\u4ee5\u505a\u56de\u81ea\u5df1\u3001\u627e\u5230\u771f\u8aa0\u9023\u7d50\u7684\u74b0\u5883\u3002<\/p>\n\n\n\n<h2 class=\"wp-block-heading\">\u70ba\u4ec0\u9ebc\u9078\u64c7 <strong>DateMobs<\/strong>?<\/h2>\n\n\n\n<p>\u7121\u8ad6\u60a8\u662f\u7d04\u6703\u61c9\u7528\u7a0b\u5f0f\u9818\u57df\u7684\u65b0\u624b\uff0c\u9084\u662f\u5c0b\u6c42\u4e0d\u540c\u9ad4\u9a57\u7684\u8001\u624b\uff0c <strong>DateMobs <\/strong>\u512a\u60e0\uff1a<\/p>\n\n\n\n<ul class=\"wp-block-list\">\n<li>\u76f4\u89c0\u4e14\u7121\u6182\u7684\u9ad4\u9a57\u3002<\/li>\n\n\n\n<li>\u7a4d\u6975\u53c3\u8207\u4e14\u591a\u5143\u5316\u7684\u793e\u5340\u3002<\/li>\n\n\n\n<li>\u771f\u6b63\u5e6b\u52a9\u60a8\u5efa\u7acb\u806f\u7e6b\u548c\u56de\u61b6\u7684\u5de5\u5177\u3002<\/li>\n<\/ul>\n\n\n\n<p>\u52a0\u5165\u6211\u5011\u7684\u793e\u5340\uff0c\u63a2\u7d22\u5982\u4f55 <strong>DateMobs <\/strong>\u80fd\u6539\u8b8a\u4f60\u7684\u611b\u60c5\u751f\u6d3b\u3002\u6211\u5011\u5e6b\u52a9\u4f60\u8b5c\u5beb\u4e0b\u4e00\u500b\u611b\u60c5\u6545\u4e8b\uff0c\u6216\u53ea\u662f\u5c0b\u627e\u6b61\u7b11\u548c\u96e3\u5fd8\u6642\u523b\u7684\u966a\u4f34\u3002<\/p>\n\n\n\n<p><strong>DateMobs.com<\/strong>\uff1a\u771f\u6b63\u7684\u806f\u7e6b\u5f9e\u9019\u88e1\u958b\u59cb\uff01<\/p>","protected":false},"excerpt":{"rendered":"<p>Bem-vindo ao DateMobs.com, a sua nova plataforma para conectar pessoas de forma aut\u00eantica e divertida! Aqui na DateMobs, acreditamos que as conex\u00f5es humanas s\u00e3o a ess\u00eancia da vida, e nossa miss\u00e3o \u00e9 tornar essas conex\u00f5es mais acess\u00edveis e significativas para todos. Nossa Miss\u00e3o Queremos transformar a maneira como as pessoas se encontram e interagem online. &#8230; <a title=\"\u6211\u5011\u662f\u8ab0\" class=\"read-more\" href=\"https:\/\/datemobs.com\/zh\/%e6%88%91%e5%80%91%e6%98%af%e8%aa%b0\/\" aria-label=\"Read more about Quem Somos\">\u95b1\u8b80\u66f4\u591a<\/a><\/p>","protected":false},"author":1,"featured_media":0,"parent":0,"menu_order":0,"comment_status":"closed","ping_status":"closed","template":"","meta":{"footnotes":""},"class_list":["post-819","page","type-page","status-publish"],"_links":{"self":[{"href":"https:\/\/datemobs.com\/zh\/wp-json\/wp\/v2\/pages\/819","targetHints":{"allow":["GET"]}}],"collection":[{"href":"https:\/\/datemobs.com\/zh\/wp-json\/wp\/v2\/pages"}],"about":[{"href":"https:\/\/datemobs.com\/zh\/wp-json\/wp\/v2\/types\/page"}],"author":[{"embeddable":true,"href":"https:\/\/datemobs.com\/zh\/wp-json\/wp\/v2\/users\/1"}],"replies":[{"embeddable":true,"href":"https:\/\/datemobs.com\/zh\/wp-json\/wp\/v2\/comments?post=819"}],"version-history":[{"count":5,"href":"https:\/\/datemobs.com\/zh\/wp-json\/wp\/v2\/pages\/819\/revisions"}],"predecessor-version":[{"id":847,"href":"https:\/\/datemobs.com\/zh\/wp-json\/wp\/v2\/pages\/819\/revisions\/847"}],"wp:attachment":[{"href":"https:\/\/datemobs.com\/zh\/wp-json\/wp\/v2\/media?parent=819"}],"curies":[{"name":"wp","href":"https:\/\/api.w.org\/{rel}","templated":true}]}}